{"id":777239,"date":"2025-10-12T11:39:33","date_gmt":"2025-10-12T08:39:33","guid":{"rendered":"https:\/\/roveyayinevi.com.tr\/index.php\/urun\/kizim-sen-saftirik-halinle-bu-isleri-nasil-yapiyorsun\/"},"modified":"2026-04-12T03:33:21","modified_gmt":"2026-04-12T00:33:21","slug":"kizim-sen-saftirik-halinle-bu-isleri-nasil-yapiyorsun","status":"publish","type":"product","link":"https:\/\/roveyayinevi.com.tr\/index.php\/urun\/kizim-sen-saftirik-halinle-bu-isleri-nasil-yapiyorsun\/","title":{"rendered":"K\u0131z\u0131m Sen Saftirik Halinle Bu \u0130\u015fleri Nas\u0131l Yap\u0131yorsun?"},"content":{"rendered":"<p>Kahkaha ve cesaretle \u00f6r\u00fclm\u00fc\u015f bir kad\u0131n giri\u015fimcili\u011fi hik\u00e2yesi.   Kurgu ile deneme aras\u0131nda sal\u0131nan, yer yer otobiyografik izler ta\u015f\u0131yan bu metin, T\u00fcrkiye\u2019de kad\u0131n olman\u0131n, i\u015f kurman\u0131n ve \u201cba\u015far\u0131l\u0131\u201d say\u0131lman\u0131n farkl\u0131 hallerini mizahi ve i\u00e7ten bir dille anlat\u0131yor. Yazar, giri\u015fimcili\u011fin yaln\u0131zca i\u015f kurmak de\u011fil, hayat\u0131 yeniden icat etmek oldu\u011funu s\u00f6ylerken; ataerkil atas\u00f6zlerinden belediye zab\u0131talar\u0131na, eski e\u015flerden cam tavanlara uzanan engelleri masaya yat\u0131r\u0131yor.   Terapi tad\u0131nda ve kahkaha y\u00fckl\u00fc bu kitap, \u201cSenin filminde ba\u015frol sensin. Kalk ve sahneye \u00e7\u0131k!\u201d \u00e7a\u011fr\u0131s\u0131yla her kad\u0131n\u0131n i\u00e7indeki giri\u015fimciyi uyand\u0131r\u0131yor. Feminist mizahla harmanlanan anekdotlar ve d\u00fc\u015f\u00fcnd\u00fcr\u00fcc\u00fc i\u00e7sel yolculuklar, okuru hem g\u00fcld\u00fcren hem de cesurca d\u00fc\u015f\u00fcnd\u00fcren bir deneyime davet ediyor.<\/p>\n","protected":false},"excerpt":{"rendered":"<p>Kahkaha ve cesaretle \u00f6r\u00fclm\u00fc\u015f bir kad\u0131n giri\u015fimcili\u011fi hik\u00e2yesi. Kurgu ile deneme aras\u0131nda sal\u0131nan, yer yer otobiyografik izler ta\u015f\u0131yan bu metin, T\u00fcrkiye\u2019de kad\u0131n olman\u0131n, i\u015f kurman\u0131n ve<span class=\"excerpt-hellip\"> [\u2026]<\/span><\/p>\n","protected":false},"featured_media":0,"template":"","meta":{"_monsterinsights_skip_tracking":false,"_monsterinsights_sitenote_active":false,"_monsterinsights_sitenote_note":"","_monsterinsights_sitenote_category":0},"product_brand":[],"product_cat":[12364,12376],"product_tag":[],"class_list":{"0":"post-777239","1":"product","2":"type-product","3":"status-publish","5":"product_cat-genel-konular","6":"product_cat-kisisel-gelisim","7":"pa_cilt-ciltsiz","8":"pa_tur-kitap","9":"pa_yayinevi-destek-yayinlari","10":"pa_yazar-bedriye-hulya","12":"first","13":"instock","14":"sale","15":"shipping-taxable","16":"purchasable","17":"product-type-simple"},"_links":{"self":[{"href":"https:\/\/roveyayinevi.com.tr\/index.php\/wp-json\/wp\/v2\/product\/777239","targetHints":{"allow":["GET"]}}],"collection":[{"href":"https:\/\/roveyayinevi.com.tr\/index.php\/wp-json\/wp\/v2\/product"}],"about":[{"href":"https:\/\/roveyayinevi.com.tr\/index.php\/wp-json\/wp\/v2\/types\/product"}],"wp:attachment":[{"href":"https:\/\/roveyayinevi.com.tr\/index.php\/wp-json\/wp\/v2\/media?parent=777239"}],"wp:term":[{"taxonomy":"product_brand","embeddable":true,"href":"https:\/\/roveyayinevi.com.tr\/index.php\/wp-json\/wp\/v2\/product_brand?post=777239"},{"taxonomy":"product_cat","embeddable":true,"href":"https:\/\/roveyayinevi.com.tr\/index.php\/wp-json\/wp\/v2\/product_cat?post=777239"},{"taxonomy":"product_tag","embeddable":true,"href":"https:\/\/roveyayinevi.com.tr\/index.php\/wp-json\/wp\/v2\/product_tag?post=777239"}],"curies":[{"name":"wp","href":"https:\/\/api.w.org\/{rel}","templated":true}]}}