{"id":777235,"date":"2025-10-12T11:39:26","date_gmt":"2025-10-12T08:39:26","guid":{"rendered":"https:\/\/roveyayinevi.com.tr\/index.php\/urun\/akame-keser-10\/"},"modified":"2026-04-15T03:43:08","modified_gmt":"2026-04-15T00:43:08","slug":"akame-keser-10","status":"publish","type":"product","link":"https:\/\/roveyayinevi.com.tr\/index.php\/urun\/akame-keser-10\/","title":{"rendered":"Akame, Keser 10"},"content":{"rendered":"<p>ZORLU B\u0130R M\u00dcCADELEN\u0130N ARDINDAN M\u0130NE, HAYATININ KARARINI ALIR.   BA\u015eKENT\u2019TE \u0130SE G\u0130ZL\u0130 POL\u0130S B\u0130RL\u0130\u011e\u0130 \u201cVAH\u015e\u0130 AV\u201d \u015e\u0130DDET\u0130N SINIRLARINI   ZORLAR. JEAGERS VE GECE AKINCILARI \u00d6FKEYLE BA\u015eKENT\u2019E DO\u011eRU   Y\u00d6NEL\u0130R. BEKLENMED\u0130K GEL\u0130\u015eMELERLE HERKES\u0130 \u015eA\u015eIRTACAK KARANLIK   KURGU, ONUNCU C\u0130LD\u0130YLE KAR\u015eINIZDA!!! <\/p>\n","protected":false},"excerpt":{"rendered":"<p>ZORLU B\u0130R M\u00dcCADELEN\u0130N ARDINDAN M\u0130NE, HAYATININ KARARINI ALIR. BA\u015eKENT\u2019TE \u0130SE G\u0130ZL\u0130 POL\u0130S B\u0130RL\u0130\u011e\u0130 \u201cVAH\u015e\u0130 AV\u201d \u015e\u0130DDET\u0130N SINIRLARINI ZORLAR. JEAGERS VE GECE AKINCILARI \u00d6FKEYLE BA\u015eKENT\u2019E DO\u011eRU Y\u00d6NEL\u0130R.<span class=\"excerpt-hellip\"> [\u2026]<\/span><\/p>\n","protected":false},"featured_media":0,"template":"","meta":{"_monsterinsights_skip_tracking":false,"_monsterinsights_sitenote_active":false,"_monsterinsights_sitenote_note":"","_monsterinsights_sitenote_category":0},"product_brand":[],"product_cat":[141304],"product_tag":[],"class_list":{"0":"post-777235","1":"product","2":"type-product","3":"status-publish","5":"product_cat-yeni-cikanlar","6":"pa_cilt-ciltsiz","7":"pa_tur-kitap","8":"pa_yayinevi-athica-yayinlari","9":"pa_yazar-takahiro","11":"first","12":"instock","13":"sale","14":"shipping-taxable","15":"purchasable","16":"product-type-simple"},"_links":{"self":[{"href":"https:\/\/roveyayinevi.com.tr\/index.php\/wp-json\/wp\/v2\/product\/777235","targetHints":{"allow":["GET"]}}],"collection":[{"href":"https:\/\/roveyayinevi.com.tr\/index.php\/wp-json\/wp\/v2\/product"}],"about":[{"href":"https:\/\/roveyayinevi.com.tr\/index.php\/wp-json\/wp\/v2\/types\/product"}],"wp:attachment":[{"href":"https:\/\/roveyayinevi.com.tr\/index.php\/wp-json\/wp\/v2\/media?parent=777235"}],"wp:term":[{"taxonomy":"product_brand","embeddable":true,"href":"https:\/\/roveyayinevi.com.tr\/index.php\/wp-json\/wp\/v2\/product_brand?post=777235"},{"taxonomy":"product_cat","embeddable":true,"href":"https:\/\/roveyayinevi.com.tr\/index.php\/wp-json\/wp\/v2\/product_cat?post=777235"},{"taxonomy":"product_tag","embeddable":true,"href":"https:\/\/roveyayinevi.com.tr\/index.php\/wp-json\/wp\/v2\/product_tag?post=777235"}],"curies":[{"name":"wp","href":"https:\/\/api.w.org\/{rel}","templated":true}]}}