{"id":777234,"date":"2025-10-12T11:39:24","date_gmt":"2025-10-12T08:39:24","guid":{"rendered":"https:\/\/roveyayinevi.com.tr\/index.php\/urun\/kursak\/"},"modified":"2026-04-15T03:43:08","modified_gmt":"2026-04-15T00:43:08","slug":"kursak","status":"publish","type":"product","link":"https:\/\/roveyayinevi.com.tr\/index.php\/urun\/kursak\/","title":{"rendered":"Kursak"},"content":{"rendered":"<p>Amac\u0131m, az da olsa onu teselli edebilmekti. Oysa teselli ne m\u00fcmk\u00fcnd\u00fc? Alparslan\u2019\u0131n annesinin y\u00fcz\u00fcnde ac\u0131 bir g\u00f6lge belirdi. G\u00f6zlerini ufka dikerek, ince ve titreyen bir sesle: \u201cKomutan, o\u011flumun can\u0131 yanm\u0131\u015f m\u0131d\u0131r?\u201d diye sordu. Bu s\u00f6z y\u00fcre\u011fimi ikinci kez delip ge\u00e7mi\u015fti. Ne diyece\u011fimi bilemedim. Bo\u011faz\u0131m d\u00fc\u011f\u00fcmlendi, kursa\u011f\u0131ma bir yumru oturdu, nefesim kesildi. G\u00f6zlerim dolmu\u015ftu, ama belli etmemeye \u00e7al\u0131\u015ft\u0131m. Ac\u0131ya, zulme, zorlu hayat \u015fartlar\u0131na, sarp araziye, her \u00e7e\u015fit psikolojik harp tekniklerine kar\u015f\u0131 ald\u0131\u011f\u0131m\u0131z e\u011fitim, evlad\u0131n\u0131 kaybetmi\u015f bir annenin y\u00fcre\u011finin yang\u0131n\u0131na bir bardak su bile olam\u0131yordu. G\u00f6zlerine bakarak derin bir nefes ald\u0131m. \u201cAnac\u0131\u011f\u0131m\u201d dedim, sesim titreyerek, \u201cO\u011flunuzun kahramanl\u0131\u011f\u0131 \u00f6yle b\u00fcy\u00fckt\u00fc ki, Rabbim ona bu ac\u0131y\u0131 hissettirmemi\u015ftir. O \u015fimdi \u015fehitlik makam\u0131nda, huzur i\u00e7inde. Dualar\u0131m\u0131z onunla.\u201d             \u201cO\u011eLUMUN CANI YANMI\u015e MIDIR?\u201d<\/p>\n","protected":false},"excerpt":{"rendered":"<p>Amac\u0131m, az da olsa onu teselli edebilmekti. Oysa teselli ne m\u00fcmk\u00fcnd\u00fc? Alparslan\u2019\u0131n annesinin y\u00fcz\u00fcnde ac\u0131 bir g\u00f6lge belirdi. G\u00f6zlerini ufka dikerek, ince ve titreyen bir sesle:<span class=\"excerpt-hellip\"> [\u2026]<\/span><\/p>\n","protected":false},"featured_media":0,"template":"","meta":{"_monsterinsights_skip_tracking":false,"_monsterinsights_sitenote_active":false,"_monsterinsights_sitenote_note":"","_monsterinsights_sitenote_category":0},"product_brand":[],"product_cat":[14009,12291],"product_tag":[],"class_list":{"0":"post-777234","1":"product","2":"type-product","3":"status-publish","5":"product_cat-biyografi-otobiyografi-edebiyat","6":"product_cat-edebiyat","7":"pa_cilt-ciltsiz","8":"pa_tur-kitap","9":"pa_yayinevi-nergiz-yayinlari","10":"pa_yazar-mustafa-kose","12":"first","13":"instock","14":"sale","15":"shipping-taxable","16":"purchasable","17":"product-type-simple"},"_links":{"self":[{"href":"https:\/\/roveyayinevi.com.tr\/index.php\/wp-json\/wp\/v2\/product\/777234","targetHints":{"allow":["GET"]}}],"collection":[{"href":"https:\/\/roveyayinevi.com.tr\/index.php\/wp-json\/wp\/v2\/product"}],"about":[{"href":"https:\/\/roveyayinevi.com.tr\/index.php\/wp-json\/wp\/v2\/types\/product"}],"wp:attachment":[{"href":"https:\/\/roveyayinevi.com.tr\/index.php\/wp-json\/wp\/v2\/media?parent=777234"}],"wp:term":[{"taxonomy":"product_brand","embeddable":true,"href":"https:\/\/roveyayinevi.com.tr\/index.php\/wp-json\/wp\/v2\/product_brand?post=777234"},{"taxonomy":"product_cat","embeddable":true,"href":"https:\/\/roveyayinevi.com.tr\/index.php\/wp-json\/wp\/v2\/product_cat?post=777234"},{"taxonomy":"product_tag","embeddable":true,"href":"https:\/\/roveyayinevi.com.tr\/index.php\/wp-json\/wp\/v2\/product_tag?post=777234"}],"curies":[{"name":"wp","href":"https:\/\/api.w.org\/{rel}","templated":true}]}}