{"id":777228,"date":"2025-10-12T08:10:47","date_gmt":"2025-10-12T05:10:47","guid":{"rendered":"https:\/\/roveyayinevi.com.tr\/index.php\/urun\/deniz-kiyisinda-bir-dram\/"},"modified":"2026-04-16T02:56:43","modified_gmt":"2026-04-15T23:56:43","slug":"deniz-kiyisinda-bir-dram","status":"publish","type":"product","link":"https:\/\/roveyayinevi.com.tr\/index.php\/urun\/deniz-kiyisinda-bir-dram\/","title":{"rendered":"Deniz K\u0131y\u0131s\u0131nda Bir Dram"},"content":{"rendered":"<p>\u201cDeniz K\u0131y\u0131s\u0131nda Bir Dram\u201d ve \u201cUzun Ya\u015fam \u0130ksiri\u201d Balzac\u2019\u0131n b\u00fcy\u00fck eseri \u201c\u0130nsanl\u0131k Komedyas\u0131\u201dn\u0131n \u201cFelsefi \u0130ncelemeler\u201d; \u201cPierre Grassou\u201d ise \u201c\u00d6zel Ya\u015famdan Sahneler\u201d b\u00f6l\u00fcmlerinde yer al\u0131r. Bu derlemede bir araya gelen bu \u00fc\u00e7 \u00f6yk\u00fc, okuru birbirinden farkl\u0131 ya\u015fant\u0131lara s\u00fcr\u00fckler; ortak \u00f6zellikleriyse hepsinin temelinde yatan ahlaki derslerdir. Tatil i\u00e7in bir sahil kasabas\u0131na giden gen\u00e7 \u00e7ift, sakin bir y\u00fcr\u00fcy\u00fc\u015f s\u0131ras\u0131nda kendilerini dramatik bir hik\u00e2yeye tan\u0131kl\u0131k ederken bulur. Louis ve Pauline, kendini ma\u011farada ya\u015famaya mahk\u00fbm etmi\u015f bir adam\u0131n buruk hik\u00e2yesini dinlediklerinde tatilleri koca bir bunal\u0131ma d\u00f6n\u00fc\u015f\u00fcr. \u201cDeniz K\u0131y\u0131s\u0131nda Bir Dram\u201dda aktar\u0131lan y\u00fcrek burkan hik\u00e2yeyi, kurnaz Don Juan\u2019\u0131n heyecan veren maceras\u0131 ve ressam Pierre Grassou\u2019nun sonradan g\u00f6rme burjuva ailelerini ele\u015ftiren \u00f6yk\u00fcs\u00fc takip eder. <\/p>\n","protected":false},"excerpt":{"rendered":"<p>\u201cDeniz K\u0131y\u0131s\u0131nda Bir Dram\u201d ve \u201cUzun Ya\u015fam \u0130ksiri\u201d Balzac\u2019\u0131n b\u00fcy\u00fck eseri \u201c\u0130nsanl\u0131k Komedyas\u0131\u201dn\u0131n \u201cFelsefi \u0130ncelemeler\u201d; \u201cPierre Grassou\u201d ise \u201c\u00d6zel Ya\u015famdan Sahneler\u201d b\u00f6l\u00fcmlerinde yer al\u0131r. Bu derlemede<span class=\"excerpt-hellip\"> [\u2026]<\/span><\/p>\n","protected":false},"featured_media":0,"template":"","meta":{"_monsterinsights_skip_tracking":false,"_monsterinsights_sitenote_active":false,"_monsterinsights_sitenote_note":"","_monsterinsights_sitenote_category":0},"product_brand":[],"product_cat":[12274,12467],"product_tag":[],"class_list":{"0":"post-777228","1":"product","2":"type-product","3":"status-publish","5":"product_cat-cocuk-ve-genclik-kitaplari","6":"product_cat-dunya-klasikleri","7":"pa_cilt-ciltsiz","8":"pa_tur-kitap","9":"pa_yayinevi-can-cocuk-yayinlari","10":"pa_yazar-honore-de-balzac","12":"first","13":"instock","14":"sale","15":"shipping-taxable","16":"purchasable","17":"product-type-simple"},"_links":{"self":[{"href":"https:\/\/roveyayinevi.com.tr\/index.php\/wp-json\/wp\/v2\/product\/777228","targetHints":{"allow":["GET"]}}],"collection":[{"href":"https:\/\/roveyayinevi.com.tr\/index.php\/wp-json\/wp\/v2\/product"}],"about":[{"href":"https:\/\/roveyayinevi.com.tr\/index.php\/wp-json\/wp\/v2\/types\/product"}],"wp:attachment":[{"href":"https:\/\/roveyayinevi.com.tr\/index.php\/wp-json\/wp\/v2\/media?parent=777228"}],"wp:term":[{"taxonomy":"product_brand","embeddable":true,"href":"https:\/\/roveyayinevi.com.tr\/index.php\/wp-json\/wp\/v2\/product_brand?post=777228"},{"taxonomy":"product_cat","embeddable":true,"href":"https:\/\/roveyayinevi.com.tr\/index.php\/wp-json\/wp\/v2\/product_cat?post=777228"},{"taxonomy":"product_tag","embeddable":true,"href":"https:\/\/roveyayinevi.com.tr\/index.php\/wp-json\/wp\/v2\/product_tag?post=777228"}],"curies":[{"name":"wp","href":"https:\/\/api.w.org\/{rel}","templated":true}]}}