{"id":777226,"date":"2025-10-12T05:55:25","date_gmt":"2025-10-12T02:55:25","guid":{"rendered":"https:\/\/roveyayinevi.com.tr\/index.php\/urun\/rahel-tanriyla-hesaplasiyor-2\/"},"modified":"2026-04-16T02:32:53","modified_gmt":"2026-04-15T23:32:53","slug":"rahel-tanriyla-hesaplasiyor-2","status":"publish","type":"product","link":"https:\/\/roveyayinevi.com.tr\/index.php\/urun\/rahel-tanriyla-hesaplasiyor-2\/","title":{"rendered":"Rahel Tanr\u0131&#8217;yla Hesapla\u015f\u0131yor"},"content":{"rendered":"<p>Stefan ZweIg, sava\u015f kar\u015f\u0131tl\u0131\u011f\u0131n\u0131 her zaman ilke olarak savundu. Pasifist d\u00fc\u015f\u00fcncenin insanda tolerans yoksunu bir eylemsizli\u011fi de\u011fil, nitelikli bir uzla\u015f\u0131 ruhunu do\u011furaca\u011f\u0131na inand\u0131. Almanya\u2019da antifa\u015fist g\u00fc\u00e7lerin ittifak\u0131n\u0131n HItler\u2019in diktat\u00f6rl\u00fc\u011f\u00fcn\u00fc ve d\u00fcnyay\u0131 pe\u015fi s\u0131ra s\u00fcr\u00fckleyece\u011fi yeni bir sava\u015f felaketini \u00f6nleyebilece\u011fini erken fark edenlerden biriydi. S\u00f6yledi\u011fi ya da yazd\u0131\u011f\u0131 her \u015feyde bir entelekt\u00fcel olarak kendi imgesinin, yazar olarak da kendi rol\u00fcn\u00fcn izd\u00fc\u015f\u00fcm\u00fcn\u00fc bulmak m\u00fcmk\u00fcnd\u00fcr. Rahel Tanr\u0131\u2019yla Hesapla\u015f\u0131yor\u2019da bir araya gelen \u00f6yk\u00fcler, Zweig\u2019\u0131n her ko\u015fulda bar\u0131\u015f\u0131 destekleyen tutumundan ve bu u\u011furdaki sonsuz \u00e7abas\u0131ndan do\u011fmu\u015ftur. yahudili\u011fin ve hinduizmin kadim bilgisinden izler ta\u015f\u0131yan bu \u00f6yk\u00fcler, \u015fiddetin her t\u00fcrl\u00fcs\u00fcne kar\u015f\u0131 bizi tetikte olmaya \u00e7a\u011f\u0131r\u0131r<\/p>\n","protected":false},"excerpt":{"rendered":"<p>Stefan ZweIg, sava\u015f kar\u015f\u0131tl\u0131\u011f\u0131n\u0131 her zaman ilke olarak savundu. Pasifist d\u00fc\u015f\u00fcncenin insanda tolerans yoksunu bir eylemsizli\u011fi de\u011fil, nitelikli bir uzla\u015f\u0131 ruhunu do\u011furaca\u011f\u0131na inand\u0131. Almanya\u2019da antifa\u015fist g\u00fc\u00e7lerin<span class=\"excerpt-hellip\"> [\u2026]<\/span><\/p>\n","protected":false},"featured_media":0,"template":"","meta":{"_monsterinsights_skip_tracking":false,"_monsterinsights_sitenote_active":false,"_monsterinsights_sitenote_note":"","_monsterinsights_sitenote_category":0},"product_brand":[],"product_cat":[12782,12291],"product_tag":[],"class_list":{"0":"post-777226","1":"product","2":"type-product","3":"status-publish","5":"product_cat-alman-edebiyati","6":"product_cat-edebiyat","7":"pa_cilt-ciltsiz","8":"pa_tur-kitap","9":"pa_yayinevi-can-yayinlari","10":"pa_yazar-stefan-zweig","12":"first","13":"instock","14":"sale","15":"shipping-taxable","16":"purchasable","17":"product-type-simple"},"_links":{"self":[{"href":"https:\/\/roveyayinevi.com.tr\/index.php\/wp-json\/wp\/v2\/product\/777226","targetHints":{"allow":["GET"]}}],"collection":[{"href":"https:\/\/roveyayinevi.com.tr\/index.php\/wp-json\/wp\/v2\/product"}],"about":[{"href":"https:\/\/roveyayinevi.com.tr\/index.php\/wp-json\/wp\/v2\/types\/product"}],"wp:attachment":[{"href":"https:\/\/roveyayinevi.com.tr\/index.php\/wp-json\/wp\/v2\/media?parent=777226"}],"wp:term":[{"taxonomy":"product_brand","embeddable":true,"href":"https:\/\/roveyayinevi.com.tr\/index.php\/wp-json\/wp\/v2\/product_brand?post=777226"},{"taxonomy":"product_cat","embeddable":true,"href":"https:\/\/roveyayinevi.com.tr\/index.php\/wp-json\/wp\/v2\/product_cat?post=777226"},{"taxonomy":"product_tag","embeddable":true,"href":"https:\/\/roveyayinevi.com.tr\/index.php\/wp-json\/wp\/v2\/product_tag?post=777226"}],"curies":[{"name":"wp","href":"https:\/\/api.w.org\/{rel}","templated":true}]}}