{"id":777225,"date":"2025-10-12T05:25:19","date_gmt":"2025-10-12T02:25:19","guid":{"rendered":"https:\/\/roveyayinevi.com.tr\/index.php\/urun\/sosyolojinin-yontem-kurallari\/"},"modified":"2025-10-30T12:27:10","modified_gmt":"2025-10-30T09:27:10","slug":"sosyolojinin-yontem-kurallari","status":"publish","type":"product","link":"https:\/\/roveyayinevi.com.tr\/index.php\/urun\/sosyolojinin-yontem-kurallari\/","title":{"rendered":"Sosyolojinin Y\u00f6ntem Kurallar\u0131"},"content":{"rendered":"<p>Durkheim&#8217;\u0131n toplumbilimdeki \u00e7\u0131\u011f\u0131r a\u00e7\u0131c\u0131l\u0131\u011f\u0131, sadece din ya da intihar gibi o g\u00fcne dek uzak durulmu\u015f konular\u0131 bilimin merce\u011fi alt\u0131na almas\u0131yla s\u0131n\u0131rl\u0131 de\u011fildir. Durkheim, toplumbilimi di\u011fer bilimlerden ba\u011f\u0131ms\u0131z bir disiplin haline getirmesi, felsefe ve ruhbilimin etki alan\u0131ndan uzakla\u015ft\u0131rmas\u0131yla da \u00f6nc\u00fc bir bilim adam\u0131d\u0131r. \u0130\u015fte bu y\u00fczden, Toplumbilimde Y\u00f6ntem Kurallar\u0131, Durkheim&#8217;\u0131n yap\u0131tlar\u0131 i\u00e7inde \u00f6nemli bir yer tutmaktad\u0131r. Yap\u0131t\u0131n de\u011ferinin tam olarak anla\u015f\u0131labilmesi i\u00e7in, Durkheim&#8217;\u0131n geli\u015ftirdi\u011fi y\u00f6ntemi uygulamas\u0131na \u00f6rnek olu\u015fturan k\u00fc\u00e7\u00fck ama \u00f6nemli bir \u00e7al\u0131\u015fmas\u0131n\u0131, Aile Toplumbilimine Uygulanmas\u0131 adl\u0131 dersini de ekledik. Emil Durkheim&#8217;\u0131 toplumbilimin \u00f6nde gelen kurucular\u0131ndan birisi yapan \u00fc\u00e7 temel yap\u0131t\u0131n\u0131, &#8220;\u0130ntihar&#8221;, &#8220;Toplumsal \u0130\u015fb\u00f6l\u00fcm\u00fc&#8221; ve &#8220;Dinsel Ya\u015fam\u0131n \u0130lk Bi\u00e7imleri&#8217;ni daha \u00f6nce yay\u0131nlam\u0131\u015ft\u0131k. &#8220;Toplumbilimde Y\u00f6ntem Kurallar\u0131n\u0131&#8221; da yine Prof. Dr. \u00d6zer Ozankaya&#8217;n\u0131n Frans\u0131zca asl\u0131ndan yapt\u0131\u011f\u0131 eksiksiz \u00e7eviriyle okurlar\u0131m\u0131za sunuyoruz. <\/p>\n","protected":false},"excerpt":{"rendered":"<p>Durkheim&#8217;\u0131n toplumbilimdeki \u00e7\u0131\u011f\u0131r a\u00e7\u0131c\u0131l\u0131\u011f\u0131, sadece din ya da intihar gibi o g\u00fcne dek uzak durulmu\u015f konular\u0131 bilimin merce\u011fi alt\u0131na almas\u0131yla s\u0131n\u0131rl\u0131 de\u011fildir. Durkheim, toplumbilimi di\u011fer bilimlerden<span class=\"excerpt-hellip\"> [\u2026]<\/span><\/p>\n","protected":false},"featured_media":0,"template":"","meta":{"_monsterinsights_skip_tracking":false,"_monsterinsights_sitenote_active":false,"_monsterinsights_sitenote_note":"","_monsterinsights_sitenote_category":0},"product_brand":[],"product_cat":[12325,12324],"product_tag":[],"class_list":{"0":"post-777225","1":"product","2":"type-product","3":"status-publish","5":"product_cat-diger-sosyoloji","6":"product_cat-sosyoloji","7":"pa_cilt-ciltsiz","8":"pa_tur-kitap","9":"pa_yayinevi-cem-yayinevi","10":"pa_yazar-emile-durkheim","12":"first","13":"instock","14":"sale","15":"shipping-taxable","16":"purchasable","17":"product-type-simple"},"_links":{"self":[{"href":"https:\/\/roveyayinevi.com.tr\/index.php\/wp-json\/wp\/v2\/product\/777225","targetHints":{"allow":["GET"]}}],"collection":[{"href":"https:\/\/roveyayinevi.com.tr\/index.php\/wp-json\/wp\/v2\/product"}],"about":[{"href":"https:\/\/roveyayinevi.com.tr\/index.php\/wp-json\/wp\/v2\/types\/product"}],"wp:attachment":[{"href":"https:\/\/roveyayinevi.com.tr\/index.php\/wp-json\/wp\/v2\/media?parent=777225"}],"wp:term":[{"taxonomy":"product_brand","embeddable":true,"href":"https:\/\/roveyayinevi.com.tr\/index.php\/wp-json\/wp\/v2\/product_brand?post=777225"},{"taxonomy":"product_cat","embeddable":true,"href":"https:\/\/roveyayinevi.com.tr\/index.php\/wp-json\/wp\/v2\/product_cat?post=777225"},{"taxonomy":"product_tag","embeddable":true,"href":"https:\/\/roveyayinevi.com.tr\/index.php\/wp-json\/wp\/v2\/product_tag?post=777225"}],"curies":[{"name":"wp","href":"https:\/\/api.w.org\/{rel}","templated":true}]}}