{"id":777223,"date":"2025-10-12T04:48:51","date_gmt":"2025-10-12T01:48:51","guid":{"rendered":"https:\/\/roveyayinevi.com.tr\/index.php\/urun\/dost-yuzlerde-zaman\/"},"modified":"2026-04-16T02:23:45","modified_gmt":"2026-04-15T23:23:45","slug":"dost-yuzlerde-zaman","status":"publish","type":"product","link":"https:\/\/roveyayinevi.com.tr\/index.php\/urun\/dost-yuzlerde-zaman\/","title":{"rendered":"Dost Y\u00fczlerde Zaman"},"content":{"rendered":"<p>\u201cVay benim Necdet Bulut karde\u015fim, vay benim devrimci, sosyalist arkada\u015f\u0131m, vay benim yi\u011fit, erdemli, g\u00fcler y\u00fczl\u00fc dostum!. Rahat uyu Necdet! Bir g\u00fcn gelecek, fa\u015fist katillerin a\u011fababalar\u0131, akan ve ak\u0131t\u0131lan bu kanlarda bo\u011fulacaklard\u0131r. Er ya da ge\u00e7, ama bir g\u00fcn mutlaka\u2026 Ve ey okuyucular! Abdi \u0130pek\u00e7i\u2019yi her g\u00fcn okuyan sevgili okuyucular! O\u2019nu, T\u00fcrk bas\u0131n\u0131n\u0131n bu uygar yazar\u0131n\u0131, T\u00fcrk bas\u0131n\u0131n\u0131n bu en yetkin y\u00f6neticisini son yolculu\u011funda yaln\u0131z b\u0131rakmay\u0131n. G\u00f6zya\u015flar\u0131n\u0131z\u0131, g\u00f6zya\u015flar\u0131m\u0131zla birle\u015ftirin\u2026 Tan\u0131nm\u0131\u015f, dostluk kurulmu\u015f, arkada\u015fl\u0131k edilmi\u015f insanlar\u0131n \u00f6l\u00fcmleri insan\u0131 bir ba\u015fka t\u00fcrl\u00fc sars\u0131yor. Savc\u0131 Do\u011fan \u00d6z, t\u0131pk\u0131 Dr. Bulut gibi yak\u0131n dostumdu\u2026 Bu iki \u00f6l\u00fcm, y\u00fcre\u011fime iki kor ate\u015fi gibi d\u00fc\u015ft\u00fc; yand\u0131m kahroldum.<\/p>\n","protected":false},"excerpt":{"rendered":"<p>\u201cVay benim Necdet Bulut karde\u015fim, vay benim devrimci, sosyalist arkada\u015f\u0131m, vay benim yi\u011fit, erdemli, g\u00fcler y\u00fczl\u00fc dostum!. Rahat uyu Necdet! Bir g\u00fcn gelecek, fa\u015fist katillerin a\u011fababalar\u0131,<span class=\"excerpt-hellip\"> [\u2026]<\/span><\/p>\n","protected":false},"featured_media":0,"template":"","meta":{"_monsterinsights_skip_tracking":false,"_monsterinsights_sitenote_active":false,"_monsterinsights_sitenote_note":"","_monsterinsights_sitenote_category":0},"product_brand":[],"product_cat":[13590,12337],"product_tag":[],"class_list":{"0":"post-777223","1":"product","2":"type-product","3":"status-publish","5":"product_cat-arastirma-inceleme-politika-siyaset","6":"product_cat-politika-siyaset","7":"pa_cilt-ciltsiz","8":"pa_tur-kitap","9":"pa_yayinevi-umag-yayinevi","10":"pa_yazar-ugur-mumcu","12":"first","13":"instock","14":"sale","15":"shipping-taxable","16":"purchasable","17":"product-type-simple"},"_links":{"self":[{"href":"https:\/\/roveyayinevi.com.tr\/index.php\/wp-json\/wp\/v2\/product\/777223","targetHints":{"allow":["GET"]}}],"collection":[{"href":"https:\/\/roveyayinevi.com.tr\/index.php\/wp-json\/wp\/v2\/product"}],"about":[{"href":"https:\/\/roveyayinevi.com.tr\/index.php\/wp-json\/wp\/v2\/types\/product"}],"wp:attachment":[{"href":"https:\/\/roveyayinevi.com.tr\/index.php\/wp-json\/wp\/v2\/media?parent=777223"}],"wp:term":[{"taxonomy":"product_brand","embeddable":true,"href":"https:\/\/roveyayinevi.com.tr\/index.php\/wp-json\/wp\/v2\/product_brand?post=777223"},{"taxonomy":"product_cat","embeddable":true,"href":"https:\/\/roveyayinevi.com.tr\/index.php\/wp-json\/wp\/v2\/product_cat?post=777223"},{"taxonomy":"product_tag","embeddable":true,"href":"https:\/\/roveyayinevi.com.tr\/index.php\/wp-json\/wp\/v2\/product_tag?post=777223"}],"curies":[{"name":"wp","href":"https:\/\/api.w.org\/{rel}","templated":true}]}}