{"id":777221,"date":"2025-10-12T03:18:54","date_gmt":"2025-10-12T00:18:54","guid":{"rendered":"https:\/\/roveyayinevi.com.tr\/index.php\/urun\/elveda-alyosa\/"},"modified":"2026-04-16T02:11:19","modified_gmt":"2026-04-15T23:11:19","slug":"elveda-alyosa","status":"publish","type":"product","link":"https:\/\/roveyayinevi.com.tr\/index.php\/urun\/elveda-alyosa\/","title":{"rendered":"Elveda Alyo\u015fa"},"content":{"rendered":"<p>Elveda Alyo\u015fa \u20181989 Sonbahar\u0131\u2019nda doru\u011funa \u00e7\u0131kan siyasal \u00e7alkant\u0131lar\u0131n dolays\u0131z ya\u015fanmas\u0131 s\u0131ras\u0131nda edinilmi\u015f izlenim ve g\u00f6zlemlerden yola \u00e7\u0131kararak yaz\u0131lm\u0131\u015f \u00f6yk\u00fcler. Ya\u015fam\u0131n\u0131n \u00e7ok uzun bir diliminde kapitalizmden sosyalizme nas\u0131l ge\u00e7ilece\u011fi sorusuna yaz\u0131lar\u0131yla ve eylemiyle yan\u0131t aram\u0131\u015f bir ayd\u0131n\u0131n, Do\u011fa Avrupa\u2019da \u2018sosyalizmden kapitalizme ge\u00e7i\u015f ya da d\u00f6n\u00fc\u015f\u2019 ger\u00e7e\u011fini dolays\u0131z ya\u015farken, keder, \u00f6fke, inan\u00e7 ve umutlardan \u00f6r\u00fclm\u00fc\u015f bu \u00f6yk\u00fcleriyle, sorunun salt politik boyutlardan olu\u015fmad\u0131\u011f\u0131n\u0131 da kan\u0131tl\u0131yor gibidir&#8230; \ufffcTan\u0131t\u0131m Metni<\/p>\n","protected":false},"excerpt":{"rendered":"<p>Elveda Alyo\u015fa \u20181989 Sonbahar\u0131\u2019nda doru\u011funa \u00e7\u0131kan siyasal \u00e7alkant\u0131lar\u0131n dolays\u0131z ya\u015fanmas\u0131 s\u0131ras\u0131nda edinilmi\u015f izlenim ve g\u00f6zlemlerden yola \u00e7\u0131kararak yaz\u0131lm\u0131\u015f \u00f6yk\u00fcler. Ya\u015fam\u0131n\u0131n \u00e7ok uzun bir diliminde kapitalizmden sosyalizme<span class=\"excerpt-hellip\"> [\u2026]<\/span><\/p>\n","protected":false},"featured_media":0,"template":"","meta":{"_monsterinsights_skip_tracking":false,"_monsterinsights_sitenote_active":false,"_monsterinsights_sitenote_note":"","_monsterinsights_sitenote_category":0},"product_brand":[],"product_cat":[12291,12711],"product_tag":[],"class_list":{"0":"post-777221","1":"product","2":"type-product","3":"status-publish","5":"product_cat-edebiyat","6":"product_cat-roman-oyku","7":"pa_cilt-ciltsiz","8":"pa_tur-kitap","9":"pa_yayinevi-can-yayinlari","10":"pa_yazar-oya-baydar","12":"first","13":"instock","14":"sale","15":"shipping-taxable","16":"purchasable","17":"product-type-simple"},"_links":{"self":[{"href":"https:\/\/roveyayinevi.com.tr\/index.php\/wp-json\/wp\/v2\/product\/777221","targetHints":{"allow":["GET"]}}],"collection":[{"href":"https:\/\/roveyayinevi.com.tr\/index.php\/wp-json\/wp\/v2\/product"}],"about":[{"href":"https:\/\/roveyayinevi.com.tr\/index.php\/wp-json\/wp\/v2\/types\/product"}],"wp:attachment":[{"href":"https:\/\/roveyayinevi.com.tr\/index.php\/wp-json\/wp\/v2\/media?parent=777221"}],"wp:term":[{"taxonomy":"product_brand","embeddable":true,"href":"https:\/\/roveyayinevi.com.tr\/index.php\/wp-json\/wp\/v2\/product_brand?post=777221"},{"taxonomy":"product_cat","embeddable":true,"href":"https:\/\/roveyayinevi.com.tr\/index.php\/wp-json\/wp\/v2\/product_cat?post=777221"},{"taxonomy":"product_tag","embeddable":true,"href":"https:\/\/roveyayinevi.com.tr\/index.php\/wp-json\/wp\/v2\/product_tag?post=777221"}],"curies":[{"name":"wp","href":"https:\/\/api.w.org\/{rel}","templated":true}]}}