{"id":777215,"date":"2025-10-11T11:54:05","date_gmt":"2025-10-11T08:54:05","guid":{"rendered":"https:\/\/roveyayinevi.com.tr\/index.php\/urun\/naye\/"},"modified":"2026-04-15T03:43:13","modified_gmt":"2026-04-15T00:43:13","slug":"naye","status":"publish","type":"product","link":"https:\/\/roveyayinevi.com.tr\/index.php\/urun\/naye\/","title":{"rendered":"Naye"},"content":{"rendered":"<p>Edebiyat bazen en beklenmedik yerlerden filizlenir. Demir kap\u0131lar\u0131n ard\u0131nda, y\u00fcksek duvarlar\u0131n g\u00f6lgesinde, insan\u0131n hem kendisiyle hem de tarihiyle hesapla\u015ft\u0131\u011f\u0131 o mek\u00e2nlarda kelimeler bir anda \u00f6zg\u00fcrl\u00fc\u011f\u00fcn sesi olabilir. Roman\u0131n merkezinde gen\u00e7 bir siyasi tutuklu var. \u0130\u015fkence odalar\u0131n\u0131n karanl\u0131\u011f\u0131ndan belle\u011fin ayd\u0131nl\u0131\u011f\u0131na s\u0131\u011f\u0131nan gen\u00e7 adam, her sorgudan sonra \u00e7ocuklu\u011funa, anneannesinin anlatt\u0131\u011f\u0131 masallara d\u00f6n\u00fcyor.   Ya\u015fad\u0131\u011f\u0131 co\u011frafya gibi asi bir isyanc\u0131n\u0131n ve k\u00fc\u00e7\u00fck bir k\u0131z \u00e7ocu\u011funun hayatta kalma \u00e7abalar\u0131, her ikisinin de \u00f6zlem ve umutlar\u0131n\u0131n kesi\u015fti\u011fi hikayeyi kaleme alm\u0131\u015ft\u0131r yazar. Naye\u2019nin \u00f6zlemleri, umutlar\u0131 ve ya\u015fam\u0131n\u0131n son bulmas\u0131 noktas\u0131nda, e\u015fkiya olan Haydar\u2019\u0131n yakalanma u\u011fruna k\u00fc\u00e7\u00fck k\u0131z \u00e7ocugunun hayat\u0131n\u0131 kurtarmas\u0131 \u00e7abalar\u0131, her iki kahraman\u0131nda m\u00fccadele ve hayata ba\u011fl\u0131l\u0131klar\u0131nda direnmelerini ak\u0131c\u0131, merak uyand\u0131ran, ger\u00e7ek bir hikayeden kurgulanarak eski zamanlara yolculuktur bu kitap. <\/p>\n","protected":false},"excerpt":{"rendered":"<p>Edebiyat bazen en beklenmedik yerlerden filizlenir. Demir kap\u0131lar\u0131n ard\u0131nda, y\u00fcksek duvarlar\u0131n g\u00f6lgesinde, insan\u0131n hem kendisiyle hem de tarihiyle hesapla\u015ft\u0131\u011f\u0131 o mek\u00e2nlarda kelimeler bir anda \u00f6zg\u00fcrl\u00fc\u011f\u00fcn sesi<span class=\"excerpt-hellip\"> [\u2026]<\/span><\/p>\n","protected":false},"featured_media":0,"template":"","meta":{"_monsterinsights_skip_tracking":false,"_monsterinsights_sitenote_active":false,"_monsterinsights_sitenote_note":"","_monsterinsights_sitenote_category":0},"product_brand":[],"product_cat":[12291,12711],"product_tag":[],"class_list":{"0":"post-777215","1":"product","2":"type-product","3":"status-publish","5":"product_cat-edebiyat","6":"product_cat-roman-oyku","7":"pa_cilt-ciltsiz","8":"pa_tur-kitap","9":"pa_yayinevi-evincan-yayinlari","10":"pa_yazar-tolga-ari","12":"first","13":"instock","14":"sale","15":"shipping-taxable","16":"purchasable","17":"product-type-simple"},"_links":{"self":[{"href":"https:\/\/roveyayinevi.com.tr\/index.php\/wp-json\/wp\/v2\/product\/777215","targetHints":{"allow":["GET"]}}],"collection":[{"href":"https:\/\/roveyayinevi.com.tr\/index.php\/wp-json\/wp\/v2\/product"}],"about":[{"href":"https:\/\/roveyayinevi.com.tr\/index.php\/wp-json\/wp\/v2\/types\/product"}],"wp:attachment":[{"href":"https:\/\/roveyayinevi.com.tr\/index.php\/wp-json\/wp\/v2\/media?parent=777215"}],"wp:term":[{"taxonomy":"product_brand","embeddable":true,"href":"https:\/\/roveyayinevi.com.tr\/index.php\/wp-json\/wp\/v2\/product_brand?post=777215"},{"taxonomy":"product_cat","embeddable":true,"href":"https:\/\/roveyayinevi.com.tr\/index.php\/wp-json\/wp\/v2\/product_cat?post=777215"},{"taxonomy":"product_tag","embeddable":true,"href":"https:\/\/roveyayinevi.com.tr\/index.php\/wp-json\/wp\/v2\/product_tag?post=777215"}],"curies":[{"name":"wp","href":"https:\/\/api.w.org\/{rel}","templated":true}]}}