{"id":777212,"date":"2025-10-11T11:53:57","date_gmt":"2025-10-11T08:53:57","guid":{"rendered":"https:\/\/roveyayinevi.com.tr\/index.php\/urun\/dunyayi-su-basti\/"},"modified":"2026-04-15T03:43:12","modified_gmt":"2026-04-15T00:43:12","slug":"dunyayi-su-basti","status":"publish","type":"product","link":"https:\/\/roveyayinevi.com.tr\/index.php\/urun\/dunyayi-su-basti\/","title":{"rendered":"D\u00fcnyay\u0131 Su Bast\u0131"},"content":{"rendered":"<p>Efe, biraz unutkan. Yata\u011f\u0131n\u0131 toplamay\u0131, sa\u00e7lar\u0131n\u0131 taramay\u0131, beslenme \u00e7antas\u0131n\u0131 almay\u0131 unutuyor. Fakat Efe bu kez \u00f6yle bir \u015fey unuttu ki sonunda d\u00fcnyay\u0131 su bast\u0131! \u015eimdi ne olacak? Her zaman hata yapabilece\u011fimizi ama hatam\u0131z\u0131 kabul edip sorumluluk alman\u0131n ne kadar \u00f6nemli oldu\u011funu anlatan, komik bir hik\u00e2ye.<\/p>\n","protected":false},"excerpt":{"rendered":"<p>Efe, biraz unutkan. Yata\u011f\u0131n\u0131 toplamay\u0131, sa\u00e7lar\u0131n\u0131 taramay\u0131, beslenme \u00e7antas\u0131n\u0131 almay\u0131 unutuyor. Fakat Efe bu kez \u00f6yle bir \u015fey unuttu ki sonunda d\u00fcnyay\u0131 su bast\u0131! \u015eimdi ne<span class=\"excerpt-hellip\"> [\u2026]<\/span><\/p>\n","protected":false},"featured_media":0,"template":"","meta":{"_monsterinsights_skip_tracking":false,"_monsterinsights_sitenote_active":false,"_monsterinsights_sitenote_note":"","_monsterinsights_sitenote_category":0},"product_brand":[],"product_cat":[12274,12284],"product_tag":[],"class_list":{"0":"post-777212","1":"product","2":"type-product","3":"status-publish","5":"product_cat-cocuk-ve-genclik-kitaplari","6":"product_cat-hikayeler","7":"pa_cilt-ciltsiz","8":"pa_tur-kitap","9":"pa_yayinevi-is-bankasi-kultur-yayinlari","10":"pa_yazar-adam-stower","12":"first","13":"instock","14":"sale","15":"shipping-taxable","16":"purchasable","17":"product-type-simple"},"_links":{"self":[{"href":"https:\/\/roveyayinevi.com.tr\/index.php\/wp-json\/wp\/v2\/product\/777212","targetHints":{"allow":["GET"]}}],"collection":[{"href":"https:\/\/roveyayinevi.com.tr\/index.php\/wp-json\/wp\/v2\/product"}],"about":[{"href":"https:\/\/roveyayinevi.com.tr\/index.php\/wp-json\/wp\/v2\/types\/product"}],"wp:attachment":[{"href":"https:\/\/roveyayinevi.com.tr\/index.php\/wp-json\/wp\/v2\/media?parent=777212"}],"wp:term":[{"taxonomy":"product_brand","embeddable":true,"href":"https:\/\/roveyayinevi.com.tr\/index.php\/wp-json\/wp\/v2\/product_brand?post=777212"},{"taxonomy":"product_cat","embeddable":true,"href":"https:\/\/roveyayinevi.com.tr\/index.php\/wp-json\/wp\/v2\/product_cat?post=777212"},{"taxonomy":"product_tag","embeddable":true,"href":"https:\/\/roveyayinevi.com.tr\/index.php\/wp-json\/wp\/v2\/product_tag?post=777212"}],"curies":[{"name":"wp","href":"https:\/\/api.w.org\/{rel}","templated":true}]}}