{"id":777211,"date":"2025-10-11T11:53:55","date_gmt":"2025-10-11T08:53:55","guid":{"rendered":"https:\/\/roveyayinevi.com.tr\/index.php\/urun\/yasam-dunyamizin-muhtesem-hikayesi\/"},"modified":"2026-04-15T03:43:12","modified_gmt":"2026-04-15T00:43:12","slug":"yasam-dunyamizin-muhtesem-hikayesi","status":"publish","type":"product","link":"https:\/\/roveyayinevi.com.tr\/index.php\/urun\/yasam-dunyamizin-muhtesem-hikayesi\/","title":{"rendered":"Ya\u015fam &#8211; D\u00fcnyam\u0131z\u0131n Muhte\u015fem Hikayesi"},"content":{"rendered":"<p>Ya\u015fam\u0131n t\u00fcm hik\u00e2yesi, gezegenimiz D\u00fcnya\u2019n\u0131n ge\u00e7mi\u015fine dair her \u015fey bu kitapta.Elli Woollard, D\u00fcnya \u00fczerinde ya\u015fam\u0131n hik\u00e2yesini anlat\u0131yor: K\u00fc\u00e7\u00fcc\u00fck bakterilerle ba\u015flay\u0131p d\u00f6rtnala ilerleyen evrimi, buzul \u00e7a\u011f\u0131ndan dinozorlar\u0131n saltanat\u0131na ve bug\u00fcn bildi\u011fimiz D\u00fcnya\u2019ya varana kadar t\u00fcm hik\u00e2yeyi&#8230; <\/p>\n","protected":false},"excerpt":{"rendered":"<p>Ya\u015fam\u0131n t\u00fcm hik\u00e2yesi, gezegenimiz D\u00fcnya\u2019n\u0131n ge\u00e7mi\u015fine dair her \u015fey bu kitapta.Elli Woollard, D\u00fcnya \u00fczerinde ya\u015fam\u0131n hik\u00e2yesini anlat\u0131yor: K\u00fc\u00e7\u00fcc\u00fck bakterilerle ba\u015flay\u0131p d\u00f6rtnala ilerleyen evrimi, buzul \u00e7a\u011f\u0131ndan dinozorlar\u0131n<span class=\"excerpt-hellip\"> [\u2026]<\/span><\/p>\n","protected":false},"featured_media":0,"template":"","meta":{"_monsterinsights_skip_tracking":false,"_monsterinsights_sitenote_active":false,"_monsterinsights_sitenote_note":"","_monsterinsights_sitenote_category":0},"product_brand":[],"product_cat":[13829,12274],"product_tag":[],"class_list":{"0":"post-777211","1":"product","2":"type-product","3":"status-publish","5":"product_cat-bilimsel-kitaplar","6":"product_cat-cocuk-ve-genclik-kitaplari","7":"pa_cilt-ciltsiz","8":"pa_tur-kitap","9":"pa_yayinevi-is-bankasi-kultur-yayinlari","10":"pa_yazar-elli-woollard","12":"first","13":"instock","14":"sale","15":"shipping-taxable","16":"purchasable","17":"product-type-simple"},"_links":{"self":[{"href":"https:\/\/roveyayinevi.com.tr\/index.php\/wp-json\/wp\/v2\/product\/777211","targetHints":{"allow":["GET"]}}],"collection":[{"href":"https:\/\/roveyayinevi.com.tr\/index.php\/wp-json\/wp\/v2\/product"}],"about":[{"href":"https:\/\/roveyayinevi.com.tr\/index.php\/wp-json\/wp\/v2\/types\/product"}],"wp:attachment":[{"href":"https:\/\/roveyayinevi.com.tr\/index.php\/wp-json\/wp\/v2\/media?parent=777211"}],"wp:term":[{"taxonomy":"product_brand","embeddable":true,"href":"https:\/\/roveyayinevi.com.tr\/index.php\/wp-json\/wp\/v2\/product_brand?post=777211"},{"taxonomy":"product_cat","embeddable":true,"href":"https:\/\/roveyayinevi.com.tr\/index.php\/wp-json\/wp\/v2\/product_cat?post=777211"},{"taxonomy":"product_tag","embeddable":true,"href":"https:\/\/roveyayinevi.com.tr\/index.php\/wp-json\/wp\/v2\/product_tag?post=777211"}],"curies":[{"name":"wp","href":"https:\/\/api.w.org\/{rel}","templated":true}]}}