{"id":777204,"date":"2025-10-11T11:53:44","date_gmt":"2025-10-11T08:53:44","guid":{"rendered":"https:\/\/roveyayinevi.com.tr\/index.php\/urun\/esitligin-kisa-tarihi\/"},"modified":"2026-04-15T03:43:11","modified_gmt":"2026-04-15T00:43:11","slug":"esitligin-kisa-tarihi","status":"publish","type":"product","link":"https:\/\/roveyayinevi.com.tr\/index.php\/urun\/esitligin-kisa-tarihi\/","title":{"rendered":"E\u015fitli\u011fin K\u0131sa Tarihi"},"content":{"rendered":"<p>\u201cYazd\u0131klar\u0131n\u0131z \u00e7ok ilgin\u00e7, ama ara\u015ft\u0131rmalar\u0131n\u0131z\u0131 arkada\u015flar\u0131mla, ailemle payla\u015fabilmem i\u00e7in biraz k\u0131saltabilir misiniz?\u201d Bu k\u00fc\u00e7\u00fck kitap k\u0131smen, okurlar taraf\u0131ndan s\u00fcrekli dile getirilen bu talebe verilmi\u015f bir cevapt\u0131r.  Thomas Piketty Yirmi Birinci Y\u00fczy\u0131lda Kapital adl\u0131 kitab\u0131yla d\u00fcnyada b\u00fcy\u00fck yank\u0131 uyand\u0131rarak \u201ce\u015fitsizlikler\u201d tart\u0131\u015fmas\u0131na yepyeni bir boyut getiren, ard\u0131ndan \u00e7\u0131kan Kapital ve \u0130deoloji\u2019de e\u015fitsizli\u011fi \u00e7ok daha geni\u015f bir tarihsel perspektif i\u00e7inde ele alan Thomas Piketty, bu kez kar\u015f\u0131m\u0131za E\u015fitli\u011fin K\u0131sa Tarihi ile \u00e7\u0131k\u0131yor. E\u015fitli\u011fin K\u0131sa Tarihi \u00f6nceki dev eserlerin ana derslerini bir sentez halinde sunuyor ama onlar\u0131n tetikledi\u011fi tart\u0131\u015fmalar\u0131n \u0131\u015f\u0131\u011f\u0131nda e\u015fitli\u011fin tarihine y\u00f6nelik yeni bir bak\u0131\u015f a\u00e7\u0131s\u0131 da geli\u015ftiriyor. \u201c\u0130ktisadi sorunlar k\u00fc\u00e7\u00fck bir uzman ve y\u00f6netici s\u0131n\u0131f\u0131na emanet edilemeyecek kadar \u00f6nemlidir. Yurtta\u015flar\u0131n bu bilgiye tekrar sahip \u00e7\u0131kmas\u0131 iktidar ili\u015fkilerini d\u00f6n\u00fc\u015ft\u00fcrmenin temel a\u015famalar\u0131ndan biridir\u201d diyen Piketty, e\u015fitli\u011fe do\u011fru ilerleme m\u00fccadelesinin k\u00f6klerinin \u00e7ok eskilere uzand\u0131\u011f\u0131n\u0131 g\u00f6sterirken, bu s\u00fcrecin 21. y\u00fczy\u0131ldaki olas\u0131 evrim \u00e7izgileri hakk\u0131ndaki fikir ve \u00f6nerilerini de okuyucuyla payla\u015f\u0131yor.<\/p>\n","protected":false},"excerpt":{"rendered":"<p>\u201cYazd\u0131klar\u0131n\u0131z \u00e7ok ilgin\u00e7, ama ara\u015ft\u0131rmalar\u0131n\u0131z\u0131 arkada\u015flar\u0131mla, ailemle payla\u015fabilmem i\u00e7in biraz k\u0131saltabilir misiniz?\u201d Bu k\u00fc\u00e7\u00fck kitap k\u0131smen, okurlar taraf\u0131ndan s\u00fcrekli dile getirilen bu talebe verilmi\u015f bir cevapt\u0131r.<span class=\"excerpt-hellip\"> [\u2026]<\/span><\/p>\n","protected":false},"featured_media":0,"template":"","meta":{"_monsterinsights_skip_tracking":false,"_monsterinsights_sitenote_active":false,"_monsterinsights_sitenote_note":"","_monsterinsights_sitenote_category":0},"product_brand":[],"product_cat":[12304,14128],"product_tag":[],"class_list":{"0":"post-777204","1":"product","2":"type-product","3":"status-publish","5":"product_cat-tarih","6":"product_cat-yakin-tarih","7":"pa_cilt-ciltsiz","8":"pa_tur-kitap","9":"pa_yayinevi-is-bankasi-kultur-yayinlari","10":"pa_yazar-thomas-piketty","12":"first","13":"instock","14":"sale","15":"shipping-taxable","16":"purchasable","17":"product-type-simple"},"_links":{"self":[{"href":"https:\/\/roveyayinevi.com.tr\/index.php\/wp-json\/wp\/v2\/product\/777204","targetHints":{"allow":["GET"]}}],"collection":[{"href":"https:\/\/roveyayinevi.com.tr\/index.php\/wp-json\/wp\/v2\/product"}],"about":[{"href":"https:\/\/roveyayinevi.com.tr\/index.php\/wp-json\/wp\/v2\/types\/product"}],"wp:attachment":[{"href":"https:\/\/roveyayinevi.com.tr\/index.php\/wp-json\/wp\/v2\/media?parent=777204"}],"wp:term":[{"taxonomy":"product_brand","embeddable":true,"href":"https:\/\/roveyayinevi.com.tr\/index.php\/wp-json\/wp\/v2\/product_brand?post=777204"},{"taxonomy":"product_cat","embeddable":true,"href":"https:\/\/roveyayinevi.com.tr\/index.php\/wp-json\/wp\/v2\/product_cat?post=777204"},{"taxonomy":"product_tag","embeddable":true,"href":"https:\/\/roveyayinevi.com.tr\/index.php\/wp-json\/wp\/v2\/product_tag?post=777204"}],"curies":[{"name":"wp","href":"https:\/\/api.w.org\/{rel}","templated":true}]}}