{"id":777202,"date":"2025-10-11T11:53:41","date_gmt":"2025-10-11T08:53:41","guid":{"rendered":"https:\/\/roveyayinevi.com.tr\/index.php\/urun\/cam-tirtillari\/"},"modified":"2026-04-15T03:43:11","modified_gmt":"2026-04-15T00:43:11","slug":"cam-tirtillari","status":"publish","type":"product","link":"https:\/\/roveyayinevi.com.tr\/index.php\/urun\/cam-tirtillari\/","title":{"rendered":"\u00c7am T\u0131rt\u0131llar\u0131"},"content":{"rendered":"<p>\u00c7ocuk ya\u015fta k\u00f6y\u00fcnden ayr\u0131l\u0131p \u0130stanbul\u2019a gelen ve y\u0131llar sonra yorgun, b\u0131kk\u0131n bir kald\u0131r\u0131m \u00e7i\u00e7e\u011fi olarak kar\u015f\u0131m\u0131za \u00e7\u0131kan Hacer, hayat\u0131nda temiz bir sayfa a\u00e7ma hayalleri kurdu\u011fu esnada babas\u0131ndan kalan miras\u0131 almak i\u00e7in k\u00f6y\u00fcne d\u00f6nmeye karar verir. \u00c7ok b\u00fcy\u00fck beklentileri olmaks\u0131z\u0131n, kimseye kar\u0131\u015fmadan, ili\u015fmeden sakin ve huzurlu bir hayat kurma umudundaki Hacer\u2019in ard\u0131nda b\u0131rakmak istedi\u011fi k\u00f6t\u00fc \u015f\u00f6hreti, ne var ki kendisinden \u00f6nce k\u00f6y\u00fcne ula\u015f\u0131r. G\u00f6z\u00fc kula\u011f\u0131 Hacer\u2019de ve miras\u0131nda olan memurlar, a\u011falar ve esnaf ondan K\u0131vrak Hacer veya \u0130stanbullu Kahpe diye bahsetmektedirler. M\u00fclk h\u0131rs\u0131 ve \u015fehvet ate\u015fi, dedikodu kazan\u0131n\u0131 kaynatmaya ba\u015flay\u0131nca silahlar \u00e7ekilir, f\u0131rt\u0131nalar kopar. Meydana gelen bir do\u011fal afet de ahali taraf\u0131ndan ilahi bir uyar\u0131 olarak g\u00f6r\u00fcl\u00fcnce gerilim daha da artar, arzular nefrete d\u00f6n\u00fc\u015f\u00fcr ve olaylar ba\u015fka boyuta evrilir. \u0130lk kez okurla bulu\u015fan Mahmut Yesari\u2019nin \u00c7am T\u0131rt\u0131llar\u0131 roman\u0131, 1935 y\u0131l\u0131nda Son Posta gazetesinde tefrika edilmi\u015ftir. Yesari, erken Cumhuriyet d\u00f6nemi k\u00f6y romanlar\u0131ndaki gibi ta\u015fraya odakland\u0131\u011f\u0131 bu eserinde, \u0130stanbul\u2019da farkl\u0131 ya\u015fam tecr\u00fcbelerinden sonra k\u00f6y\u00fcne d\u00f6nen gen\u00e7 bir kad\u0131n ile halk aras\u0131nda ya\u015fanan a\u015fk, arzu, merak ve nefret gelgitlerini kendi atmosferi i\u00e7inde yal\u0131n bir dil ve ger\u00e7ek\u00e7i bir \u00fcslupla i\u015flemi\u015ftir.<\/p>\n","protected":false},"excerpt":{"rendered":"<p>\u00c7ocuk ya\u015fta k\u00f6y\u00fcnden ayr\u0131l\u0131p \u0130stanbul\u2019a gelen ve y\u0131llar sonra yorgun, b\u0131kk\u0131n bir kald\u0131r\u0131m \u00e7i\u00e7e\u011fi olarak kar\u015f\u0131m\u0131za \u00e7\u0131kan Hacer, hayat\u0131nda temiz bir sayfa a\u00e7ma hayalleri kurdu\u011fu esnada<span class=\"excerpt-hellip\"> [\u2026]<\/span><\/p>\n","protected":false},"featured_media":0,"template":"","meta":{"_monsterinsights_skip_tracking":false,"_monsterinsights_sitenote_active":false,"_monsterinsights_sitenote_note":"","_monsterinsights_sitenote_category":0},"product_brand":[],"product_cat":[141304],"product_tag":[],"class_list":{"0":"post-777202","1":"product","2":"type-product","3":"status-publish","5":"product_cat-yeni-cikanlar","6":"pa_cilt-ciltsiz","7":"pa_tur-kitap","8":"pa_yayinevi-is-bankasi-kultur-yayinlari","9":"pa_yazar-mahmut-yesari","11":"first","12":"instock","13":"sale","14":"shipping-taxable","15":"purchasable","16":"product-type-simple"},"_links":{"self":[{"href":"https:\/\/roveyayinevi.com.tr\/index.php\/wp-json\/wp\/v2\/product\/777202","targetHints":{"allow":["GET"]}}],"collection":[{"href":"https:\/\/roveyayinevi.com.tr\/index.php\/wp-json\/wp\/v2\/product"}],"about":[{"href":"https:\/\/roveyayinevi.com.tr\/index.php\/wp-json\/wp\/v2\/types\/product"}],"wp:attachment":[{"href":"https:\/\/roveyayinevi.com.tr\/index.php\/wp-json\/wp\/v2\/media?parent=777202"}],"wp:term":[{"taxonomy":"product_brand","embeddable":true,"href":"https:\/\/roveyayinevi.com.tr\/index.php\/wp-json\/wp\/v2\/product_brand?post=777202"},{"taxonomy":"product_cat","embeddable":true,"href":"https:\/\/roveyayinevi.com.tr\/index.php\/wp-json\/wp\/v2\/product_cat?post=777202"},{"taxonomy":"product_tag","embeddable":true,"href":"https:\/\/roveyayinevi.com.tr\/index.php\/wp-json\/wp\/v2\/product_tag?post=777202"}],"curies":[{"name":"wp","href":"https:\/\/api.w.org\/{rel}","templated":true}]}}