{"id":777197,"date":"2025-10-11T11:53:31","date_gmt":"2025-10-11T08:53:31","guid":{"rendered":"https:\/\/roveyayinevi.com.tr\/index.php\/urun\/sen-diye-biri\/"},"modified":"2026-04-15T03:43:11","modified_gmt":"2026-04-15T00:43:11","slug":"sen-diye-biri","status":"publish","type":"product","link":"https:\/\/roveyayinevi.com.tr\/index.php\/urun\/sen-diye-biri\/","title":{"rendered":"Sen Diye Biri"},"content":{"rendered":"<p>C\u00fcneyt Ark\u0131n \u00fcnl\u00fc bir sinema oyuncusu, Selim \u0130leri d\u00fc\u015flerinin pe\u015finde, gen\u00e7 bir \u00f6yk\u00fcc\u00fc. At\u0131f Y\u0131lmaz\u2019\u0131n filminde \u00e7arp\u0131\u015f\u0131rlar. \u201cNeden yaln\u0131z oturuyorsunuz?\u201d Ser\u00fcvenli bir arkada\u015fl\u0131k ba\u015flar, sonra araya uzun \u201cya\u015fam sarart\u0131s\u0131\u201d girer. Elli y\u0131l sonra C\u00fcneyt Ark\u0131n televizyondan seslenir: \u201cSelim\u2019i ar\u0131yorum.\u201d Bu \u00e7a\u011fr\u0131 Selim \u0130leri\u2019ye ula\u015f\u0131r ula\u015fmaz uzun y\u0131llar k\u00fcsk\u00fcnl\u00fc\u011fe ve unutu\u015fa b\u0131rak\u0131lm\u0131\u015f bir arkada\u015fl\u0131\u011f\u0131n k\u0131v\u0131lc\u0131m\u0131 ikinci kez ate\u015flenir. Selim \u0130leri, Sen Diye Biri\u2019ne roman yerine \u201csay\u0131klamalar\u201d demek istedi. Keskin, ac\u0131ms\u0131, ac\u0131mas\u0131z i\u00e7e bak\u0131\u015flar ve yinelemelerle gelen say\u0131klamalar, Selim\u2019i ve C\u00fcneyt\u2019i bulu\u015fturan G\u00fcnahs\u0131zlar filminin \u00e7ekimlerine, 1971&#8217;e uzan\u0131yor. Parlayan iki y\u0131ld\u0131z\u0131n giderek birbirlerine yak\u0131nla\u015fmalar\u0131, bu yak\u0131nla\u015fmaya har\u00e7 olan edebiyat, sinema ve \u0130stanbul mek\u00e2nlar\u0131 ustal\u0131kla yerlerini al\u0131yor Sen Diye Biri\u2019nde. Selim \u0130leri bu eseriyle okurlar\u0131na veda ederken son bir kez daha hat\u0131rl\u0131yor\/hat\u0131rlat\u0131yor insanlar\u0131n\u0131. \u00d6lece\u011fini pek d\u00fc\u015f\u00fcnmemi\u015ftim. Hele yeniden konu\u015fmaya ba\u015flad\u0131ktan sonra&#8230; Sonra ak\u015fam haberlerinde bir\u00e7ok kanalda birinci haberdi: C\u00fcneyt Ark\u0131n&#8230; \u00d6yle bakt\u0131m, donuk, kaskat\u0131. Yar\u0131n s\u00f6k\u00fcn edecekti an\u0131lar. Art\u0131k her g\u00fcn an\u0131lar. Bir s\u00fcre b\u00f6yle s\u00fcrer, sonra ge\u00e7er diyordum. Yazmak falan akl\u0131m\u0131n ucundan ge\u00e7miyordu. Yaz\u0131lacak ne vard\u0131 zaten? 12 Mart\u2019\u0131n insanlar\u0131 ast\u0131\u011f\u0131 gece! Camdan \u00e7\u0131k\u0131\u015f\u0131m\u0131z? Daha dingin \u015feyler; \u00e7i\u00e7ek\u00e7i \u00e7ocu\u011fun sergisini y\u0131k\u0131p ge\u00e7i\u015fimiz&#8230; Sabaha kar\u015f\u0131 tezg\u00e2htan ye\u015fil erik \u00e7al\u0131\u015f\u0131m\u0131z&#8230; O hep darg\u0131n ama ba\u011f\u0131\u015flay\u0131c\u0131 bak\u0131\u015f\u0131n! Birden oraya, ayr\u0131l\u0131\u011fa, sonsuz ayr\u0131l\u0131\u011fa\u2026<\/p>\n","protected":false},"excerpt":{"rendered":"<p>C\u00fcneyt Ark\u0131n \u00fcnl\u00fc bir sinema oyuncusu, Selim \u0130leri d\u00fc\u015flerinin pe\u015finde, gen\u00e7 bir \u00f6yk\u00fcc\u00fc. At\u0131f Y\u0131lmaz\u2019\u0131n filminde \u00e7arp\u0131\u015f\u0131rlar. \u201cNeden yaln\u0131z oturuyorsunuz?\u201d Ser\u00fcvenli bir arkada\u015fl\u0131k ba\u015flar, sonra araya<span class=\"excerpt-hellip\"> [\u2026]<\/span><\/p>\n","protected":false},"featured_media":0,"template":"","meta":{"_monsterinsights_skip_tracking":false,"_monsterinsights_sitenote_active":false,"_monsterinsights_sitenote_note":"","_monsterinsights_sitenote_category":0},"product_brand":[],"product_cat":[13072,12291],"product_tag":[],"class_list":{"0":"post-777197","1":"product","2":"type-product","3":"status-publish","5":"product_cat-arastirma-inceleme-referans","6":"product_cat-edebiyat","7":"pa_cilt-ciltsiz","8":"pa_tur-kitap","9":"pa_yayinevi-is-bankasi-kultur-yayinlari","10":"pa_yazar-selim-ileri","12":"first","13":"instock","14":"sale","15":"shipping-taxable","16":"purchasable","17":"product-type-simple"},"_links":{"self":[{"href":"https:\/\/roveyayinevi.com.tr\/index.php\/wp-json\/wp\/v2\/product\/777197","targetHints":{"allow":["GET"]}}],"collection":[{"href":"https:\/\/roveyayinevi.com.tr\/index.php\/wp-json\/wp\/v2\/product"}],"about":[{"href":"https:\/\/roveyayinevi.com.tr\/index.php\/wp-json\/wp\/v2\/types\/product"}],"wp:attachment":[{"href":"https:\/\/roveyayinevi.com.tr\/index.php\/wp-json\/wp\/v2\/media?parent=777197"}],"wp:term":[{"taxonomy":"product_brand","embeddable":true,"href":"https:\/\/roveyayinevi.com.tr\/index.php\/wp-json\/wp\/v2\/product_brand?post=777197"},{"taxonomy":"product_cat","embeddable":true,"href":"https:\/\/roveyayinevi.com.tr\/index.php\/wp-json\/wp\/v2\/product_cat?post=777197"},{"taxonomy":"product_tag","embeddable":true,"href":"https:\/\/roveyayinevi.com.tr\/index.php\/wp-json\/wp\/v2\/product_tag?post=777197"}],"curies":[{"name":"wp","href":"https:\/\/api.w.org\/{rel}","templated":true}]}}