{"id":777196,"date":"2025-10-11T11:53:25","date_gmt":"2025-10-11T08:53:25","guid":{"rendered":"https:\/\/roveyayinevi.com.tr\/index.php\/urun\/sana-yazilmis-siirler\/"},"modified":"2026-04-15T03:43:10","modified_gmt":"2026-04-15T00:43:10","slug":"sana-yazilmis-siirler","status":"publish","type":"product","link":"https:\/\/roveyayinevi.com.tr\/index.php\/urun\/sana-yazilmis-siirler\/","title":{"rendered":"Sana Yaz\u0131lm\u0131\u015f \u015eiirler"},"content":{"rendered":"<p>17 A\u011eUSTOS: Her \u015feyin ba\u015flang\u0131\u00e7 tarihi. Herkes i\u00e7in de\u011filse de benim i\u00e7in \u00f6yle. Tiyatro ba\u015flam\u0131\u015f. ANKARA: Gri, \u00e7orak, umudun ve denizin \u00e7ook uzak oldu\u011fu \u015fehir. Okuduk\u00e7a, bir g\u00f6r\u00fcn\u00fcp bir kaybolan renkler\u2026 GAZ\u0130: Ne \u00e7ok \u015fey de\u011fi\u015ftirdi hayat\u0131mda, ruhumda\u2026 2025: Y\u0131llar nas\u0131l kayboldu bu arada bilmiyorum. Bir \u00e7ekmecede \u201cBana Yaz\u0131lm\u0131\u015f \u015eiirler\u201d biriktirmi\u015ftim. Yeniden okuyunca anlad\u0131m ki bana yaz\u0131lmam\u0131\u015f, \u201cSana Yaz\u0131lm\u0131\u015f \u015eiirler\u201d   \u00d6yleyse sen oku\u2026 <\/p>\n","protected":false},"excerpt":{"rendered":"<p>17 A\u011eUSTOS: Her \u015feyin ba\u015flang\u0131\u00e7 tarihi. Herkes i\u00e7in de\u011filse de benim i\u00e7in \u00f6yle. Tiyatro ba\u015flam\u0131\u015f. ANKARA: Gri, \u00e7orak, umudun ve denizin \u00e7ook uzak oldu\u011fu \u015fehir. Okuduk\u00e7a,<span class=\"excerpt-hellip\"> [\u2026]<\/span><\/p>\n","protected":false},"featured_media":0,"template":"","meta":{"_monsterinsights_skip_tracking":false,"_monsterinsights_sitenote_active":false,"_monsterinsights_sitenote_note":"","_monsterinsights_sitenote_category":0},"product_brand":[],"product_cat":[12291,12509],"product_tag":[],"class_list":{"0":"post-777196","1":"product","2":"type-product","3":"status-publish","5":"product_cat-edebiyat","6":"product_cat-siir","7":"pa_cilt-ciltsiz","8":"pa_tur-kitap","9":"pa_yayinevi-vulgus-yayinlari","10":"pa_yazar-erdogan-cakir","12":"first","13":"instock","14":"sale","15":"shipping-taxable","16":"purchasable","17":"product-type-simple"},"_links":{"self":[{"href":"https:\/\/roveyayinevi.com.tr\/index.php\/wp-json\/wp\/v2\/product\/777196","targetHints":{"allow":["GET"]}}],"collection":[{"href":"https:\/\/roveyayinevi.com.tr\/index.php\/wp-json\/wp\/v2\/product"}],"about":[{"href":"https:\/\/roveyayinevi.com.tr\/index.php\/wp-json\/wp\/v2\/types\/product"}],"wp:attachment":[{"href":"https:\/\/roveyayinevi.com.tr\/index.php\/wp-json\/wp\/v2\/media?parent=777196"}],"wp:term":[{"taxonomy":"product_brand","embeddable":true,"href":"https:\/\/roveyayinevi.com.tr\/index.php\/wp-json\/wp\/v2\/product_brand?post=777196"},{"taxonomy":"product_cat","embeddable":true,"href":"https:\/\/roveyayinevi.com.tr\/index.php\/wp-json\/wp\/v2\/product_cat?post=777196"},{"taxonomy":"product_tag","embeddable":true,"href":"https:\/\/roveyayinevi.com.tr\/index.php\/wp-json\/wp\/v2\/product_tag?post=777196"}],"curies":[{"name":"wp","href":"https:\/\/api.w.org\/{rel}","templated":true}]}}