{"id":777195,"date":"2025-10-11T11:53:23","date_gmt":"2025-10-11T08:53:23","guid":{"rendered":"https:\/\/roveyayinevi.com.tr\/index.php\/urun\/akdenizler\/"},"modified":"2025-10-16T20:11:23","modified_gmt":"2025-10-16T17:11:23","slug":"akdenizler","status":"publish","type":"product","link":"https:\/\/roveyayinevi.com.tr\/index.php\/urun\/akdenizler\/","title":{"rendered":"Akdenizler"},"content":{"rendered":"<p>Guillaume Calafat ve Mathieu Grenet, Akdenizler&#8217;de, 15. y\u00fczy\u0131l sonlar\u0131ndan 18. y\u00fczy\u0131l ortalar\u0131na uzanan d\u00f6nemde Akdeniz&#8217;i sabit bir \u201cmedeniyetler \u00e7at\u0131\u015fmas\u0131\u201d meydan\u0131, tektip bir k\u00fclt\u00fcr havzas\u0131 olarak de\u011fil; bu par\u00e7al\u0131 ve \u00e7eki\u015fmeli denizi insan hareketlili\u011fiyle bi\u00e7imlenen dinamik, \u00e7okkatmanl\u0131 bir \u201cak\u0131\u015flar denizi\u201d \u015feklinde yeniden yorumluyor.   Bu kitapta \u00e7e\u015fitli topluluklar\u0131n g\u00f6\u00e7 yollar\u0131ndan,liman liman dola\u015fan t\u00fcccar ve denizcilerin rotalar\u0131na uzanan geni\u015f bir yelpazede, insanlar\u0131n yer de\u011fi\u015ftirme bi\u00e7imleri, kar\u015f\u0131la\u015fmalar\u0131, bir arada ya\u015fama pratikleri inceleniyor. M\u00fcsl\u00fcman, H\u0131ristiyan, Yahudi d\u00fcnyalar\u0131ndaki karma\u015f\u0131k siyasi ve dini topluluklar\u0131 d\u00fczenleyen kurumlar, \u00e7e\u015fitli mekanizmalar mek\u00e2nlar ve hik\u00e2yeler \u00fczerinden mercek alt\u0131na al\u0131n\u0131yor.   Akdenizler, son yirmi y\u0131lda derinlemesine d\u00f6n\u00fc\u015fen \u00e7okdilli tarihyaz\u0131m\u0131n\u0131n yeniden ele al\u0131nd\u0131\u011f\u0131 kapsaml\u0131 bir sentez. Bu niteli\u011fiyle yaln\u0131zca tarih merakl\u0131lar\u0131n\u0131 de\u011fil; g\u00f6\u00e7, diyaspora ve kimlik \u00e7al\u0131\u015fmalar\u0131na ilgi duyan herkesi Akdeniz&#8217;i yeniden d\u00fc\u015f\u00fcnmeye davet ediyor.<\/p>\n","protected":false},"excerpt":{"rendered":"<p>Guillaume Calafat ve Mathieu Grenet, Akdenizler&#8217;de, 15. y\u00fczy\u0131l sonlar\u0131ndan 18. y\u00fczy\u0131l ortalar\u0131na uzanan d\u00f6nemde Akdeniz&#8217;i sabit bir \u201cmedeniyetler \u00e7at\u0131\u015fmas\u0131\u201d meydan\u0131, tektip bir k\u00fclt\u00fcr havzas\u0131 olarak de\u011fil;<span class=\"excerpt-hellip\"> [\u2026]<\/span><\/p>\n","protected":false},"featured_media":0,"template":"","meta":{"_monsterinsights_skip_tracking":false,"_monsterinsights_sitenote_active":false,"_monsterinsights_sitenote_note":"","_monsterinsights_sitenote_category":0},"product_brand":[],"product_cat":[12304],"product_tag":[],"class_list":{"0":"post-777195","1":"product","2":"type-product","3":"status-publish","5":"product_cat-tarih","6":"pa_cilt-ciltsiz","7":"pa_tur-kitap","8":"pa_yayinevi-monografi-yayinlari","9":"pa_yazar-guillaume-calafat-mathieu-grenet","11":"first","12":"instock","13":"sale","14":"shipping-taxable","15":"purchasable","16":"product-type-simple"},"_links":{"self":[{"href":"https:\/\/roveyayinevi.com.tr\/index.php\/wp-json\/wp\/v2\/product\/777195","targetHints":{"allow":["GET"]}}],"collection":[{"href":"https:\/\/roveyayinevi.com.tr\/index.php\/wp-json\/wp\/v2\/product"}],"about":[{"href":"https:\/\/roveyayinevi.com.tr\/index.php\/wp-json\/wp\/v2\/types\/product"}],"wp:attachment":[{"href":"https:\/\/roveyayinevi.com.tr\/index.php\/wp-json\/wp\/v2\/media?parent=777195"}],"wp:term":[{"taxonomy":"product_brand","embeddable":true,"href":"https:\/\/roveyayinevi.com.tr\/index.php\/wp-json\/wp\/v2\/product_brand?post=777195"},{"taxonomy":"product_cat","embeddable":true,"href":"https:\/\/roveyayinevi.com.tr\/index.php\/wp-json\/wp\/v2\/product_cat?post=777195"},{"taxonomy":"product_tag","embeddable":true,"href":"https:\/\/roveyayinevi.com.tr\/index.php\/wp-json\/wp\/v2\/product_tag?post=777195"}],"curies":[{"name":"wp","href":"https:\/\/api.w.org\/{rel}","templated":true}]}}