{"id":777191,"date":"2025-10-11T11:53:17","date_gmt":"2025-10-11T08:53:17","guid":{"rendered":"https:\/\/roveyayinevi.com.tr\/index.php\/urun\/farkindalik-cehennemdir\/"},"modified":"2026-04-15T03:43:10","modified_gmt":"2026-04-15T00:43:10","slug":"farkindalik-cehennemdir","status":"publish","type":"product","link":"https:\/\/roveyayinevi.com.tr\/index.php\/urun\/farkindalik-cehennemdir\/","title":{"rendered":"Fark\u0131ndal\u0131k Cehennemdir"},"content":{"rendered":"<p>Bu kitab\u0131n sayfalar\u0131n\u0131 \u00e7evirmeye cesaret etti\u011finizde, ailenizin ve toplumun size \u00f6\u011fretti\u011fi t\u00fcm sa\u011fl\u0131ks\u0131z, toksik kal\u0131plar\u0131n alt\u0131n\u0131 oyacak ger\u00e7ek\u00e7i ve geri d\u00f6n\u00fc\u015f\u00fc olmayan bir yolculu\u011fa \u00e7\u0131kaca\u011f\u0131n\u0131z\u0131 unutmay\u0131n. Kutsal aile yalanlar\u0131, evlilik masallar\u0131, sevgi yan\u0131lsamalar\u0131, affetme sa\u00e7mal\u0131klar\u0131 ve zorba bir topluma uyum sa\u011flamaya \u00e7al\u0131\u015fman\u0131n a\u011f\u0131rl\u0131\u011f\u0131. Her sayfa, otantik benli\u011finizle maskeleriniz aras\u0131ndaki u\u00e7urumu sorgulatacak. Unutmay\u0131n, bu kitap size mutluluk vaat etmiyor ve anlam sunmuyor. Sadece kendi anlam\u0131n\u0131z\u0131 yaratma ve \u00f6zg\u00fcn yolculu\u011funuzu s\u00fcrd\u00fcrme cesaretini veriyor. Yolculu\u011fa \u00e7\u0131kmaya ve d\u00f6n\u00fc\u015fmeye haz\u0131r m\u0131s\u0131n\u0131z? <\/p>\n","protected":false},"excerpt":{"rendered":"<p>Bu kitab\u0131n sayfalar\u0131n\u0131 \u00e7evirmeye cesaret etti\u011finizde, ailenizin ve toplumun size \u00f6\u011fretti\u011fi t\u00fcm sa\u011fl\u0131ks\u0131z, toksik kal\u0131plar\u0131n alt\u0131n\u0131 oyacak ger\u00e7ek\u00e7i ve geri d\u00f6n\u00fc\u015f\u00fc olmayan bir yolculu\u011fa \u00e7\u0131kaca\u011f\u0131n\u0131z\u0131 unutmay\u0131n.<span class=\"excerpt-hellip\"> [\u2026]<\/span><\/p>\n","protected":false},"featured_media":0,"template":"","meta":{"_monsterinsights_skip_tracking":false,"_monsterinsights_sitenote_active":false,"_monsterinsights_sitenote_note":"","_monsterinsights_sitenote_category":0},"product_brand":[],"product_cat":[12357],"product_tag":[],"class_list":{"0":"post-777191","1":"product","2":"type-product","3":"status-publish","5":"product_cat-psikoloji","6":"pa_cilt-ciltsiz","7":"pa_tur-kitap","8":"pa_yayinevi-tuhaf-yayinevi","9":"pa_yazar-tunc-tataker","11":"first","12":"instock","13":"sale","14":"shipping-taxable","15":"purchasable","16":"product-type-simple"},"_links":{"self":[{"href":"https:\/\/roveyayinevi.com.tr\/index.php\/wp-json\/wp\/v2\/product\/777191","targetHints":{"allow":["GET"]}}],"collection":[{"href":"https:\/\/roveyayinevi.com.tr\/index.php\/wp-json\/wp\/v2\/product"}],"about":[{"href":"https:\/\/roveyayinevi.com.tr\/index.php\/wp-json\/wp\/v2\/types\/product"}],"wp:attachment":[{"href":"https:\/\/roveyayinevi.com.tr\/index.php\/wp-json\/wp\/v2\/media?parent=777191"}],"wp:term":[{"taxonomy":"product_brand","embeddable":true,"href":"https:\/\/roveyayinevi.com.tr\/index.php\/wp-json\/wp\/v2\/product_brand?post=777191"},{"taxonomy":"product_cat","embeddable":true,"href":"https:\/\/roveyayinevi.com.tr\/index.php\/wp-json\/wp\/v2\/product_cat?post=777191"},{"taxonomy":"product_tag","embeddable":true,"href":"https:\/\/roveyayinevi.com.tr\/index.php\/wp-json\/wp\/v2\/product_tag?post=777191"}],"curies":[{"name":"wp","href":"https:\/\/api.w.org\/{rel}","templated":true}]}}