{"id":777188,"date":"2025-10-11T11:53:11","date_gmt":"2025-10-11T08:53:11","guid":{"rendered":"https:\/\/roveyayinevi.com.tr\/index.php\/urun\/cocugun-sesi\/"},"modified":"2026-04-15T03:43:10","modified_gmt":"2026-04-15T00:43:10","slug":"cocugun-sesi","status":"publish","type":"product","link":"https:\/\/roveyayinevi.com.tr\/index.php\/urun\/cocugun-sesi\/","title":{"rendered":"\u00c7ocu\u011fun Sesi"},"content":{"rendered":"<p>Kimi oyun oynayacak ya\u015fta evlilik ad\u0131 alt\u0131nda tecav\u00fcze u\u011frad\u0131, kimi y\u0131llarca \u00f6z babas\u0131 taraf\u0131ndan istismar edildi, kimi \u015fiddet g\u00f6rd\u00fc. Hepsi bir \u015fekilde derdini anlatmaya \u00e7al\u0131\u015ft\u0131 ama onlar\u0131 duyan olmad\u0131. \u00c7ocuklar asl\u0131nda susmad\u0131, bazen g\u00f6zya\u015flar\u0131yla konu\u015ftu, bazen bir oyunla, bazen sessiz bir \u00e7\u0131\u011fl\u0131kla\u2026 Fakat kabullenmek zordu. Elinizdeki kitap, \u00e7ocuklar\u0131n sesine ses olmak i\u00e7in yaz\u0131ld\u0131. Adliye koridorlar\u0131 sadece bir y\u0131lda on binlerce \u00e7ocuk istismar\u0131 davas\u0131yla yank\u0131lan\u0131rken bir kez de birileri onlar\u0131n \u00e7\u0131\u011fl\u0131klar\u0131na kulak versin diye \u00e7\u0131k\u0131ld\u0131 yola. \u00c7ocu\u011fun Sesi, gelece\u011fimiz olan \u00e7ocuklar geleceksiz kalmas\u0131n diyen herkese cesaret verecek ac\u0131 ama en az hayat kadar ger\u00e7ek bir yol g\u00f6sterici. <\/p>\n","protected":false},"excerpt":{"rendered":"<p>Kimi oyun oynayacak ya\u015fta evlilik ad\u0131 alt\u0131nda tecav\u00fcze u\u011frad\u0131, kimi y\u0131llarca \u00f6z babas\u0131 taraf\u0131ndan istismar edildi, kimi \u015fiddet g\u00f6rd\u00fc. Hepsi bir \u015fekilde derdini anlatmaya \u00e7al\u0131\u015ft\u0131 ama<span class=\"excerpt-hellip\"> [\u2026]<\/span><\/p>\n","protected":false},"featured_media":0,"template":"","meta":{"_monsterinsights_skip_tracking":false,"_monsterinsights_sitenote_active":false,"_monsterinsights_sitenote_note":"","_monsterinsights_sitenote_category":0},"product_brand":[],"product_cat":[12324],"product_tag":[],"class_list":{"0":"post-777188","1":"product","2":"type-product","3":"status-publish","5":"product_cat-sosyoloji","6":"pa_cilt-ciltsiz","7":"pa_tur-kitap","8":"pa_yayinevi-inkilap-kitabevi","9":"pa_yazar-feyza-altun","11":"first","12":"instock","13":"sale","14":"shipping-taxable","15":"purchasable","16":"product-type-simple"},"_links":{"self":[{"href":"https:\/\/roveyayinevi.com.tr\/index.php\/wp-json\/wp\/v2\/product\/777188","targetHints":{"allow":["GET"]}}],"collection":[{"href":"https:\/\/roveyayinevi.com.tr\/index.php\/wp-json\/wp\/v2\/product"}],"about":[{"href":"https:\/\/roveyayinevi.com.tr\/index.php\/wp-json\/wp\/v2\/types\/product"}],"wp:attachment":[{"href":"https:\/\/roveyayinevi.com.tr\/index.php\/wp-json\/wp\/v2\/media?parent=777188"}],"wp:term":[{"taxonomy":"product_brand","embeddable":true,"href":"https:\/\/roveyayinevi.com.tr\/index.php\/wp-json\/wp\/v2\/product_brand?post=777188"},{"taxonomy":"product_cat","embeddable":true,"href":"https:\/\/roveyayinevi.com.tr\/index.php\/wp-json\/wp\/v2\/product_cat?post=777188"},{"taxonomy":"product_tag","embeddable":true,"href":"https:\/\/roveyayinevi.com.tr\/index.php\/wp-json\/wp\/v2\/product_tag?post=777188"}],"curies":[{"name":"wp","href":"https:\/\/api.w.org\/{rel}","templated":true}]}}