{"id":777184,"date":"2025-10-11T11:52:58","date_gmt":"2025-10-11T08:52:58","guid":{"rendered":"https:\/\/roveyayinevi.com.tr\/index.php\/urun\/cengiz-hanin-maceralari\/"},"modified":"2026-04-15T03:43:09","modified_gmt":"2026-04-15T00:43:09","slug":"cengiz-hanin-maceralari","status":"publish","type":"product","link":"https:\/\/roveyayinevi.com.tr\/index.php\/urun\/cengiz-hanin-maceralari\/","title":{"rendered":"Cengiz Han\u2019\u0131n Maceralar\u0131"},"content":{"rendered":"<p>TAZE PEYN\u0130RLER A\u015eKINA, PROFES\u00d6R\u00dcN YARDIMA \u0130HT\u0130YACI VAR!   B\u00fct\u00fcn d\u00fcnyada milyonlarca merakl\u0131s\u0131 olan Geronimo Stilton kitaplar\u0131 sizi s\u0131rlarla dolu, soluk solu\u011fa okuyaca\u011f\u0131n\u0131z maceralara g\u00f6t\u00fcr\u00fcyor. Geronimo Stilton bir sabah uyand\u0131\u011f\u0131nda telesekreterinde bilim faresi arkada\u015f\u0131 Profes\u00f6r Volt\u2019un mesajlar\u0131n\u0131 bulur. Profes\u00f6r\u00fcn yard\u0131ma ihtiyac\u0131 vard\u0131r. Geronimo hi\u00e7 zaman kaybetmeden yine inan\u0131lmaz bir yolculu\u011fa \u00e7\u0131kar. Geronimo Stilton\u2019un s\u00fcrprizlerle dolu maceralar\u0131 devam ediyor. <\/p>\n","protected":false},"excerpt":{"rendered":"<p>TAZE PEYN\u0130RLER A\u015eKINA, PROFES\u00d6R\u00dcN YARDIMA \u0130HT\u0130YACI VAR! B\u00fct\u00fcn d\u00fcnyada milyonlarca merakl\u0131s\u0131 olan Geronimo Stilton kitaplar\u0131 sizi s\u0131rlarla dolu, soluk solu\u011fa okuyaca\u011f\u0131n\u0131z maceralara g\u00f6t\u00fcr\u00fcyor. Geronimo Stilton bir<span class=\"excerpt-hellip\"> [\u2026]<\/span><\/p>\n","protected":false},"featured_media":0,"template":"","meta":{"_monsterinsights_skip_tracking":false,"_monsterinsights_sitenote_active":false,"_monsterinsights_sitenote_note":"","_monsterinsights_sitenote_category":0},"product_brand":[],"product_cat":[12274,12284],"product_tag":[],"class_list":{"0":"post-777184","1":"product","2":"type-product","3":"status-publish","5":"product_cat-cocuk-ve-genclik-kitaplari","6":"product_cat-hikayeler","7":"pa_cilt-ciltsiz","8":"pa_tur-kitap","9":"pa_yayinevi-yapi-kredi-yayinlari","10":"pa_yazar-geronimo-stilton","12":"first","13":"instock","14":"sale","15":"shipping-taxable","16":"purchasable","17":"product-type-simple"},"_links":{"self":[{"href":"https:\/\/roveyayinevi.com.tr\/index.php\/wp-json\/wp\/v2\/product\/777184","targetHints":{"allow":["GET"]}}],"collection":[{"href":"https:\/\/roveyayinevi.com.tr\/index.php\/wp-json\/wp\/v2\/product"}],"about":[{"href":"https:\/\/roveyayinevi.com.tr\/index.php\/wp-json\/wp\/v2\/types\/product"}],"wp:attachment":[{"href":"https:\/\/roveyayinevi.com.tr\/index.php\/wp-json\/wp\/v2\/media?parent=777184"}],"wp:term":[{"taxonomy":"product_brand","embeddable":true,"href":"https:\/\/roveyayinevi.com.tr\/index.php\/wp-json\/wp\/v2\/product_brand?post=777184"},{"taxonomy":"product_cat","embeddable":true,"href":"https:\/\/roveyayinevi.com.tr\/index.php\/wp-json\/wp\/v2\/product_cat?post=777184"},{"taxonomy":"product_tag","embeddable":true,"href":"https:\/\/roveyayinevi.com.tr\/index.php\/wp-json\/wp\/v2\/product_tag?post=777184"}],"curies":[{"name":"wp","href":"https:\/\/api.w.org\/{rel}","templated":true}]}}