{"id":777182,"date":"2025-10-11T11:52:54","date_gmt":"2025-10-11T08:52:54","guid":{"rendered":"https:\/\/roveyayinevi.com.tr\/index.php\/urun\/masal-sarmali-1-dinozor-masallari\/"},"modified":"2026-04-15T03:43:09","modified_gmt":"2026-04-15T00:43:09","slug":"masal-sarmali-1-dinozor-masallari","status":"publish","type":"product","link":"https:\/\/roveyayinevi.com.tr\/index.php\/urun\/masal-sarmali-1-dinozor-masallari\/","title":{"rendered":"Masal Sarmal\u0131 1 \u2013 Dinozor Masallar\u0131"},"content":{"rendered":"<p>Dinozor Dobilik\u2019in civcivleri nereye gitti? \u0130ldozor toplad\u0131\u011f\u0131 y\u0131ld\u0131zlarla ne yap\u0131yor? Peki siz daha \u00f6nce hi\u00e7 bir kurba\u011fa dinozoru g\u00f6rd\u00fcn\u00fcz m\u00fc?   Arkada\u015fl\u0131k, samimiyet, ho\u015fg\u00f6r\u00fc, yarat\u0131c\u0131l\u0131k \u00fczerine ne\u015feyle okunan bu dinozor masallar\u0131n\u0131 Filiz \u00d6zdem yazd\u0131, Reha Bar\u0131\u015f resimledi. <\/p>\n","protected":false},"excerpt":{"rendered":"<p>Dinozor Dobilik\u2019in civcivleri nereye gitti? \u0130ldozor toplad\u0131\u011f\u0131 y\u0131ld\u0131zlarla ne yap\u0131yor? Peki siz daha \u00f6nce hi\u00e7 bir kurba\u011fa dinozoru g\u00f6rd\u00fcn\u00fcz m\u00fc? Arkada\u015fl\u0131k, samimiyet, ho\u015fg\u00f6r\u00fc, yarat\u0131c\u0131l\u0131k \u00fczerine ne\u015feyle<span class=\"excerpt-hellip\"> [\u2026]<\/span><\/p>\n","protected":false},"featured_media":0,"template":"","meta":{"_monsterinsights_skip_tracking":false,"_monsterinsights_sitenote_active":false,"_monsterinsights_sitenote_note":"","_monsterinsights_sitenote_category":0},"product_brand":[],"product_cat":[12274,12518],"product_tag":[],"class_list":{"0":"post-777182","1":"product","2":"type-product","3":"status-publish","5":"product_cat-cocuk-ve-genclik-kitaplari","6":"product_cat-okul-oncesi-kitaplar","7":"pa_cilt-ciltsiz","8":"pa_tur-kitap","9":"pa_yayinevi-yapi-kredi-yayinlari","10":"pa_yazar-filiz-ozdem","12":"first","13":"instock","14":"sale","15":"shipping-taxable","16":"purchasable","17":"product-type-simple"},"_links":{"self":[{"href":"https:\/\/roveyayinevi.com.tr\/index.php\/wp-json\/wp\/v2\/product\/777182","targetHints":{"allow":["GET"]}}],"collection":[{"href":"https:\/\/roveyayinevi.com.tr\/index.php\/wp-json\/wp\/v2\/product"}],"about":[{"href":"https:\/\/roveyayinevi.com.tr\/index.php\/wp-json\/wp\/v2\/types\/product"}],"wp:attachment":[{"href":"https:\/\/roveyayinevi.com.tr\/index.php\/wp-json\/wp\/v2\/media?parent=777182"}],"wp:term":[{"taxonomy":"product_brand","embeddable":true,"href":"https:\/\/roveyayinevi.com.tr\/index.php\/wp-json\/wp\/v2\/product_brand?post=777182"},{"taxonomy":"product_cat","embeddable":true,"href":"https:\/\/roveyayinevi.com.tr\/index.php\/wp-json\/wp\/v2\/product_cat?post=777182"},{"taxonomy":"product_tag","embeddable":true,"href":"https:\/\/roveyayinevi.com.tr\/index.php\/wp-json\/wp\/v2\/product_tag?post=777182"}],"curies":[{"name":"wp","href":"https:\/\/api.w.org\/{rel}","templated":true}]}}