{"id":777179,"date":"2025-10-11T11:52:47","date_gmt":"2025-10-11T08:52:47","guid":{"rendered":"https:\/\/roveyayinevi.com.tr\/index.php\/urun\/aksak-cizgi-yeni-soylesiler\/"},"modified":"2026-04-15T03:43:09","modified_gmt":"2026-04-15T00:43:09","slug":"aksak-cizgi-yeni-soylesiler","status":"publish","type":"product","link":"https:\/\/roveyayinevi.com.tr\/index.php\/urun\/aksak-cizgi-yeni-soylesiler\/","title":{"rendered":"Aksak \u00c7izgi &#8211; Yeni S\u00f6yle\u015filer"},"content":{"rendered":"<p>Aksak \u00c7izgi\u2019de \u0130lhan Berk\u2019in dergi ve gazetelerde kalm\u0131\u015f onlarca s\u00f6yle\u015fisi ve soru\u015fturma yan\u0131t\u0131 Yal\u00e7\u0131n Arma\u011fan taraf\u0131ndan derlenip haz\u0131rland\u0131. 65 y\u0131la yay\u0131lan s\u00f6yle\u015filerde \u015fiirimizin tarihsel sorunlar\u0131 ve bitmeyen tart\u0131\u015fmalar\u0131 Berk\u2019in ifadeleriyle somutla\u015f\u0131yor. \u015eairin yaln\u0131zl\u0131\u011f\u0131, varl\u0131\u011f\u0131n\u0131 duyurma \u00e7abas\u0131 ve yaz\u0131nsal savunmalar\u0131 dikkat \u00e7ekiyor. \u0130lk kez kitapla\u015fan s\u00f6yle\u015filer okundu\u011funda sadece onun benimsedi\u011fi \u00f6nc\u00fc ve yenilik\u00e7i tutum de\u011fil, g\u00fcn\u00fcm\u00fcz \u015fiirinin dallar\u0131 ve k\u00f6kleri de ortaya \u00e7\u0131k\u0131yor. \u0130lhan Berk \u015fiiri i\u00e7in yepyeni bir kaynak Aksak \u00c7izgi. <\/p>\n","protected":false},"excerpt":{"rendered":"<p>Aksak \u00c7izgi\u2019de \u0130lhan Berk\u2019in dergi ve gazetelerde kalm\u0131\u015f onlarca s\u00f6yle\u015fisi ve soru\u015fturma yan\u0131t\u0131 Yal\u00e7\u0131n Arma\u011fan taraf\u0131ndan derlenip haz\u0131rland\u0131. 65 y\u0131la yay\u0131lan s\u00f6yle\u015filerde \u015fiirimizin tarihsel sorunlar\u0131 ve<span class=\"excerpt-hellip\"> [\u2026]<\/span><\/p>\n","protected":false},"featured_media":0,"template":"","meta":{"_monsterinsights_skip_tracking":false,"_monsterinsights_sitenote_active":false,"_monsterinsights_sitenote_note":"","_monsterinsights_sitenote_category":0},"product_brand":[],"product_cat":[12291,30969],"product_tag":[],"class_list":{"0":"post-777179","1":"product","2":"type-product","3":"status-publish","5":"product_cat-edebiyat","6":"product_cat-soylesi-edebiyat","7":"pa_cilt-ciltsiz","8":"pa_tur-kitap","9":"pa_yayinevi-yapi-kredi-yayinlari","10":"pa_yazar-yalcin-armagan","12":"first","13":"instock","14":"sale","15":"shipping-taxable","16":"purchasable","17":"product-type-simple"},"_links":{"self":[{"href":"https:\/\/roveyayinevi.com.tr\/index.php\/wp-json\/wp\/v2\/product\/777179","targetHints":{"allow":["GET"]}}],"collection":[{"href":"https:\/\/roveyayinevi.com.tr\/index.php\/wp-json\/wp\/v2\/product"}],"about":[{"href":"https:\/\/roveyayinevi.com.tr\/index.php\/wp-json\/wp\/v2\/types\/product"}],"wp:attachment":[{"href":"https:\/\/roveyayinevi.com.tr\/index.php\/wp-json\/wp\/v2\/media?parent=777179"}],"wp:term":[{"taxonomy":"product_brand","embeddable":true,"href":"https:\/\/roveyayinevi.com.tr\/index.php\/wp-json\/wp\/v2\/product_brand?post=777179"},{"taxonomy":"product_cat","embeddable":true,"href":"https:\/\/roveyayinevi.com.tr\/index.php\/wp-json\/wp\/v2\/product_cat?post=777179"},{"taxonomy":"product_tag","embeddable":true,"href":"https:\/\/roveyayinevi.com.tr\/index.php\/wp-json\/wp\/v2\/product_tag?post=777179"}],"curies":[{"name":"wp","href":"https:\/\/api.w.org\/{rel}","templated":true}]}}