{"id":777178,"date":"2025-10-11T11:52:40","date_gmt":"2025-10-11T08:52:40","guid":{"rendered":"https:\/\/roveyayinevi.com.tr\/index.php\/urun\/ley-hatlari\/"},"modified":"2026-04-15T03:43:07","modified_gmt":"2026-04-15T00:43:07","slug":"ley-hatlari","status":"publish","type":"product","link":"https:\/\/roveyayinevi.com.tr\/index.php\/urun\/ley-hatlari\/","title":{"rendered":"Ley Hatlar\u0131"},"content":{"rendered":"<p>Ley Hatlar\u0131, Murathan Mungan\u2019\u0131n \u015fiir sanat\u0131 \u00fczerine g\u00f6r\u00fc\u015flerini, notlar\u0131n\u0131 i\u00e7eren poetik kitap\u00e7\u0131klar dizisinin ikinci kitab\u0131. Fragmanlar tarz\u0131nda ilerleyen dizinin ilk kitab\u0131 ise k\u00fcre idi.  &#8220;\u015eiire yeni ba\u015flayanlara, yolu yar\u0131layanlara, maceras\u0131 s\u00fcrenlere, nice sonra d\u00f6n\u00fcp ge\u00e7ti\u011fi yollara yeniden bakmak isteyenlere yeni esinler verecek, \u00e7a\u011fr\u0131\u015f\u0131mlar uyand\u0131racak, yeni d\u00fc\u015f\u00fcnce kap\u0131lar\u0131 a\u00e7acak, \u015fiir okumaktan ve yazmaktan vazge\u00e7mi\u015fleri yeniden okumaya, yazmaya heveslendirecek, hele hele \u015fiire gen\u00e7 ku\u015faklardan yeni okurlar kazand\u0131rmaya bir katk\u0131s\u0131 olacaksa amac\u0131m\u0131 ger\u00e7ekle\u015ftirmi\u015f sayaca\u011f\u0131m.&#8221;<\/p>\n","protected":false},"excerpt":{"rendered":"<p>Ley Hatlar\u0131, Murathan Mungan\u2019\u0131n \u015fiir sanat\u0131 \u00fczerine g\u00f6r\u00fc\u015flerini, notlar\u0131n\u0131 i\u00e7eren poetik kitap\u00e7\u0131klar dizisinin ikinci kitab\u0131. Fragmanlar tarz\u0131nda ilerleyen dizinin ilk kitab\u0131 ise k\u00fcre idi. &#8220;\u015eiire yeni<span class=\"excerpt-hellip\"> [\u2026]<\/span><\/p>\n","protected":false},"featured_media":0,"template":"","meta":{"_monsterinsights_skip_tracking":false,"_monsterinsights_sitenote_active":false,"_monsterinsights_sitenote_note":"","_monsterinsights_sitenote_category":0},"product_brand":[],"product_cat":[12777,12291],"product_tag":[],"class_list":{"0":"post-777178","1":"product","2":"type-product","3":"status-publish","5":"product_cat-deneme","6":"product_cat-edebiyat","7":"pa_cilt-ciltsiz","8":"pa_tur-kitap","9":"pa_yayinevi-metis-yayinlari","10":"pa_yazar-murathan-mungan","12":"first","13":"instock","14":"sale","15":"shipping-taxable","16":"purchasable","17":"product-type-simple"},"_links":{"self":[{"href":"https:\/\/roveyayinevi.com.tr\/index.php\/wp-json\/wp\/v2\/product\/777178","targetHints":{"allow":["GET"]}}],"collection":[{"href":"https:\/\/roveyayinevi.com.tr\/index.php\/wp-json\/wp\/v2\/product"}],"about":[{"href":"https:\/\/roveyayinevi.com.tr\/index.php\/wp-json\/wp\/v2\/types\/product"}],"wp:attachment":[{"href":"https:\/\/roveyayinevi.com.tr\/index.php\/wp-json\/wp\/v2\/media?parent=777178"}],"wp:term":[{"taxonomy":"product_brand","embeddable":true,"href":"https:\/\/roveyayinevi.com.tr\/index.php\/wp-json\/wp\/v2\/product_brand?post=777178"},{"taxonomy":"product_cat","embeddable":true,"href":"https:\/\/roveyayinevi.com.tr\/index.php\/wp-json\/wp\/v2\/product_cat?post=777178"},{"taxonomy":"product_tag","embeddable":true,"href":"https:\/\/roveyayinevi.com.tr\/index.php\/wp-json\/wp\/v2\/product_tag?post=777178"}],"curies":[{"name":"wp","href":"https:\/\/api.w.org\/{rel}","templated":true}]}}