{"id":777176,"date":"2025-10-11T11:52:36","date_gmt":"2025-10-11T08:52:36","guid":{"rendered":"https:\/\/roveyayinevi.com.tr\/index.php\/urun\/guzel-seyler-tesaduf-etsin\/"},"modified":"2026-04-15T03:43:07","modified_gmt":"2026-04-15T00:43:07","slug":"guzel-seyler-tesaduf-etsin","status":"publish","type":"product","link":"https:\/\/roveyayinevi.com.tr\/index.php\/urun\/guzel-seyler-tesaduf-etsin\/","title":{"rendered":"G\u00fczel \u015eeyler Tesad\u00fcf Etsin"},"content":{"rendered":"<p>Modern \u0130stanbul Ermeni \u015eiiri\u2019nin kurucular\u0131ndan Haygazun Kalustyan\u2019\u0131n toplu \u015fiirlerinden olu\u015fan G\u00fczel \u015eeyler Tesad\u00fcf Etsin, \u015fairin do\u011fumunun 95. y\u0131l\u0131nda okurla bulu\u015fuyor. \u015eiirseverlerin, \u00f6zellikle Cancikyan-Kalustyan dostlu\u011fundan ve edebi dilinden ilham alanlar\u0131n uzun zamand\u0131r bekledi\u011fi \u015fiirler, yine Ohannes \u015ea\u015fkal\u2019\u0131n muhte\u015fem \u00e7evirisiyle T\u00fcrk\u00e7ede.<\/p>\n","protected":false},"excerpt":{"rendered":"<p>Modern \u0130stanbul Ermeni \u015eiiri\u2019nin kurucular\u0131ndan Haygazun Kalustyan\u2019\u0131n toplu \u015fiirlerinden olu\u015fan G\u00fczel \u015eeyler Tesad\u00fcf Etsin, \u015fairin do\u011fumunun 95. y\u0131l\u0131nda okurla bulu\u015fuyor. \u015eiirseverlerin, \u00f6zellikle Cancikyan-Kalustyan dostlu\u011fundan ve edebi<span class=\"excerpt-hellip\"> [\u2026]<\/span><\/p>\n","protected":false},"featured_media":0,"template":"","meta":{"_monsterinsights_skip_tracking":false,"_monsterinsights_sitenote_active":false,"_monsterinsights_sitenote_note":"","_monsterinsights_sitenote_category":0},"product_brand":[],"product_cat":[12291,12509],"product_tag":[],"class_list":{"0":"post-777176","1":"product","2":"type-product","3":"status-publish","5":"product_cat-edebiyat","6":"product_cat-siir","7":"pa_cilt-ciltsiz","8":"pa_tur-kitap","9":"pa_yayinevi-aras-yayinlari","10":"pa_yazar-haygazun-kalustyan","12":"first","13":"instock","14":"sale","15":"shipping-taxable","16":"purchasable","17":"product-type-simple"},"_links":{"self":[{"href":"https:\/\/roveyayinevi.com.tr\/index.php\/wp-json\/wp\/v2\/product\/777176","targetHints":{"allow":["GET"]}}],"collection":[{"href":"https:\/\/roveyayinevi.com.tr\/index.php\/wp-json\/wp\/v2\/product"}],"about":[{"href":"https:\/\/roveyayinevi.com.tr\/index.php\/wp-json\/wp\/v2\/types\/product"}],"wp:attachment":[{"href":"https:\/\/roveyayinevi.com.tr\/index.php\/wp-json\/wp\/v2\/media?parent=777176"}],"wp:term":[{"taxonomy":"product_brand","embeddable":true,"href":"https:\/\/roveyayinevi.com.tr\/index.php\/wp-json\/wp\/v2\/product_brand?post=777176"},{"taxonomy":"product_cat","embeddable":true,"href":"https:\/\/roveyayinevi.com.tr\/index.php\/wp-json\/wp\/v2\/product_cat?post=777176"},{"taxonomy":"product_tag","embeddable":true,"href":"https:\/\/roveyayinevi.com.tr\/index.php\/wp-json\/wp\/v2\/product_tag?post=777176"}],"curies":[{"name":"wp","href":"https:\/\/api.w.org\/{rel}","templated":true}]}}