{"id":777173,"date":"2025-10-11T11:52:23","date_gmt":"2025-10-11T08:52:23","guid":{"rendered":"https:\/\/roveyayinevi.com.tr\/index.php\/urun\/hukuk-kitabi\/"},"modified":"2026-04-15T03:43:06","modified_gmt":"2026-04-15T00:43:06","slug":"hukuk-kitabi","status":"publish","type":"product","link":"https:\/\/roveyayinevi.com.tr\/index.php\/urun\/hukuk-kitabi\/","title":{"rendered":"Hukuk Kitab\u0131"},"content":{"rendered":"<p>Neden yasalara ihtiyac\u0131m\u0131z var? Hukuk hangi haklar\u0131 koruyor? Adli deliller mahkemede ilk ne zaman kullan\u0131ld\u0131? Bu kitap, bu ve benzeri bir\u00e7ok soruyu yan\u0131tl\u0131yor ve i\u00e7inde ya\u015fad\u0131\u011f\u0131m\u0131z d\u00fcnyay\u0131 \u015fekillendiren yasalar\u0131, emsal niteli\u011finde hukuki kararlar\u0131, dini, ahlaki ve politik kurallar\u0131 inceliyor ve a\u00e7\u0131kl\u0131yor.   Herkesin kolayca anlayabilece\u011fi bir dille yaz\u0131lm\u0131\u015f olan Hukuk Kitab\u0131, a\u011f\u0131r hukuki jargonu \u00e7\u00f6zmekle kalm\u0131yor; \u00e7etrefilli kavramlar\u0131 kolayca anla\u015f\u0131l\u0131r k\u0131lan, \u00e7arp\u0131c\u0131 ve e\u011flenceli \u015fekiller ve grafiklerle, hukuk tarihinin en \u00f6nemli kilometre ta\u015flar\u0131n\u0131 \u00f6zl\u00fc bir bi\u00e7imde anlat\u0131yor.   \u0130ster hukuk \u00f6\u011frencisi, ister meslekten hukuk\u00e7u, ister hi\u00e7 hukuk okumam\u0131\u015f olun bu kitapta ilginizi \u00e7ekecek, merak etti\u011finiz \u00e7ok \u015fey bulacaks\u0131n\u0131z. <\/p>\n","protected":false},"excerpt":{"rendered":"<p>Neden yasalara ihtiyac\u0131m\u0131z var? Hukuk hangi haklar\u0131 koruyor? Adli deliller mahkemede ilk ne zaman kullan\u0131ld\u0131? Bu kitap, bu ve benzeri bir\u00e7ok soruyu yan\u0131tl\u0131yor ve i\u00e7inde ya\u015fad\u0131\u011f\u0131m\u0131z<span class=\"excerpt-hellip\"> [\u2026]<\/span><\/p>\n","protected":false},"featured_media":0,"template":"","meta":{"_monsterinsights_skip_tracking":false,"_monsterinsights_sitenote_active":false,"_monsterinsights_sitenote_note":"","_monsterinsights_sitenote_category":0},"product_brand":[],"product_cat":[13489,13488],"product_tag":[],"class_list":{"0":"post-777173","1":"product","2":"type-product","3":"status-publish","5":"product_cat-populer-kultur","6":"product_cat-toplum-ve-insan","7":"pa_cilt-ciltli","8":"pa_tur-kitap","9":"pa_yayinevi-alfa-yayinlari","10":"pa_yazar-kolektif","12":"first","13":"instock","14":"sale","15":"shipping-taxable","16":"purchasable","17":"product-type-simple"},"_links":{"self":[{"href":"https:\/\/roveyayinevi.com.tr\/index.php\/wp-json\/wp\/v2\/product\/777173","targetHints":{"allow":["GET"]}}],"collection":[{"href":"https:\/\/roveyayinevi.com.tr\/index.php\/wp-json\/wp\/v2\/product"}],"about":[{"href":"https:\/\/roveyayinevi.com.tr\/index.php\/wp-json\/wp\/v2\/types\/product"}],"wp:attachment":[{"href":"https:\/\/roveyayinevi.com.tr\/index.php\/wp-json\/wp\/v2\/media?parent=777173"}],"wp:term":[{"taxonomy":"product_brand","embeddable":true,"href":"https:\/\/roveyayinevi.com.tr\/index.php\/wp-json\/wp\/v2\/product_brand?post=777173"},{"taxonomy":"product_cat","embeddable":true,"href":"https:\/\/roveyayinevi.com.tr\/index.php\/wp-json\/wp\/v2\/product_cat?post=777173"},{"taxonomy":"product_tag","embeddable":true,"href":"https:\/\/roveyayinevi.com.tr\/index.php\/wp-json\/wp\/v2\/product_tag?post=777173"}],"curies":[{"name":"wp","href":"https:\/\/api.w.org\/{rel}","templated":true}]}}