{"id":777168,"date":"2025-10-11T11:51:58","date_gmt":"2025-10-11T08:51:58","guid":{"rendered":"https:\/\/roveyayinevi.com.tr\/index.php\/urun\/kusurlu-demokrasiden-planli-otokrasiye\/"},"modified":"2026-04-15T03:43:04","modified_gmt":"2026-04-15T00:43:04","slug":"kusurlu-demokrasiden-planli-otokrasiye","status":"publish","type":"product","link":"https:\/\/roveyayinevi.com.tr\/index.php\/urun\/kusurlu-demokrasiden-planli-otokrasiye\/","title":{"rendered":"Kusurlu Demokrasiden Planl\u0131 Otokrasiye"},"content":{"rendered":"<p>\u201cT\u00fcrkiye, evlatlar\u0131na kendisinden ba\u015fka bir \u015feyle me\u015fgul olma \u015fans\u0131 vermiyor\u201d diyordu Tanp\u0131nar. Kitab\u0131n arka kapa\u011f\u0131nda Fatih Ya\u015fl\u0131\u2019n\u0131n s\u00f6zleriyle aktar\u0131lan bu c\u00fcmle, bug\u00fcn i\u00e7inde ya\u015fad\u0131\u011f\u0131m\u0131z s\u00fcrekli krizler \u00e7a\u011f\u0131n\u0131 tarif ediyor.T\u00fcrkiye\u2019nin son yirmi y\u0131l\u0131, siyasal iktidar\u0131n el de\u011fi\u015ftirmesiyle birlikte, toplumun belle\u011finin h\u0131zla a\u015f\u0131nd\u0131\u011f\u0131, g\u00fcndemlerin birbiri ard\u0131na \u00e7arp\u0131\u015farak zihinleri ku\u015fatt\u0131\u011f\u0131 bir d\u00f6nem olarak kayda ge\u00e7ti.Krizler s\u00fcreklile\u015fti; h\u0131z, d\u00fc\u015f\u00fcnceyi de\u011fersizle\u015ftirdi ve toplumu haf\u0131zas\u0131zl\u0131\u011fa mahkum etti. \u0130\u015fte tam da bu hengamede, \u201cKusurlu Demokrasiden Planl\u0131 Otokrasiye\u201d, hat\u0131rlaman\u0131n ve fikre sadakatin kitab\u0131 olarak ortaya \u00e7\u0131k\u0131yor.Esat Ayd\u0131n, bu \u00e7al\u0131\u015fmas\u0131nda yapt\u0131\u011f\u0131 siyasal \u00e7\u00f6z\u00fcmlemeye, unutu\u015fa kar\u015f\u0131 bir diren\u00e7, da\u011f\u0131n\u0131k haf\u0131zalar\u0131 yeniden \u00f6rg\u00fctleyen bir \u00e7a\u011fr\u0131 da ortaya koyuyor.Edebiyat\u0131n titizli\u011fini siyasal alan\u0131n so\u011fukkanl\u0131 kavray\u0131\u015f\u0131yla birle\u015ftirerek, T\u00fcrkiye\u2019nin kusurlu demokrasiden planl\u0131 otokrasiye nas\u0131l savruldu\u011funu incelikle a\u00e7\u0131\u011fa \u00e7\u0131kar\u0131yor.Kurumlar\u0131n \u00e7\u00fcr\u00fcmesinden muhalefetin yap\u0131sal a\u00e7mazlar\u0131na, siyasal \u0130slam\u2019\u0131n iktidar stratejilerinden toplumsal belle\u011fin silikle\u015ftirilmesine kadar uzanan bu analiz yaz\u0131lar\u0131, geriye bakmakla da kalm\u0131yor; gelece\u011fin ufkunu da i\u015faret ediyor.Bu kitap, otoriterli\u011fin bir \u201csonu\u00e7\u201d de\u011fil, kusurlu demokrasinin i\u00e7kin zaaflar\u0131ndan planl\u0131 bir bi\u00e7imde in\u015fa edilen bir \u201cs\u00fcre\u00e7\u201d oldu\u011funu da g\u00f6steriyor.Ve en \u00f6nemlisi, karamsarl\u0131\u011f\u0131n k\u00f6r kuyusunda oyalanmadan, \u00f6zg\u00fcrl\u00fck, demokrasi ve laiklik m\u00fccadelesinin nereden yeniden ba\u015flayabilece\u011fini tart\u0131\u015fmaya a\u00e7\u0131yor.\u201cKusurlu Demokrasiden Planl\u0131 Otokrasiye\u201d, hem bug\u00fcn\u00fc anlamak hem de yar\u0131n\u0131 kurmak isteyenler i\u00e7in bir haf\u0131za pusulas\u0131, bir d\u00fc\u015f\u00fcnce \u0131srar\u0131 ve ayn\u0131 zamanda bir diren\u00e7 metni\u2026 <\/p>\n","protected":false},"excerpt":{"rendered":"<p>\u201cT\u00fcrkiye, evlatlar\u0131na kendisinden ba\u015fka bir \u015feyle me\u015fgul olma \u015fans\u0131 vermiyor\u201d diyordu Tanp\u0131nar. Kitab\u0131n arka kapa\u011f\u0131nda Fatih Ya\u015fl\u0131\u2019n\u0131n s\u00f6zleriyle aktar\u0131lan bu c\u00fcmle, bug\u00fcn i\u00e7inde ya\u015fad\u0131\u011f\u0131m\u0131z s\u00fcrekli krizler<span class=\"excerpt-hellip\"> [\u2026]<\/span><\/p>\n","protected":false},"featured_media":0,"template":"","meta":{"_monsterinsights_skip_tracking":false,"_monsterinsights_sitenote_active":false,"_monsterinsights_sitenote_note":"","_monsterinsights_sitenote_category":0},"product_brand":[],"product_cat":[13590,12337],"product_tag":[],"class_list":{"0":"post-777168","1":"product","2":"type-product","3":"status-publish","5":"product_cat-arastirma-inceleme-politika-siyaset","6":"product_cat-politika-siyaset","7":"pa_cilt-ciltsiz","8":"pa_tur-kitap","9":"pa_yayinevi-tekin-yayinevi","10":"pa_yazar-esat-aydin","12":"first","13":"instock","14":"sale","15":"shipping-taxable","16":"purchasable","17":"product-type-simple"},"_links":{"self":[{"href":"https:\/\/roveyayinevi.com.tr\/index.php\/wp-json\/wp\/v2\/product\/777168","targetHints":{"allow":["GET"]}}],"collection":[{"href":"https:\/\/roveyayinevi.com.tr\/index.php\/wp-json\/wp\/v2\/product"}],"about":[{"href":"https:\/\/roveyayinevi.com.tr\/index.php\/wp-json\/wp\/v2\/types\/product"}],"wp:attachment":[{"href":"https:\/\/roveyayinevi.com.tr\/index.php\/wp-json\/wp\/v2\/media?parent=777168"}],"wp:term":[{"taxonomy":"product_brand","embeddable":true,"href":"https:\/\/roveyayinevi.com.tr\/index.php\/wp-json\/wp\/v2\/product_brand?post=777168"},{"taxonomy":"product_cat","embeddable":true,"href":"https:\/\/roveyayinevi.com.tr\/index.php\/wp-json\/wp\/v2\/product_cat?post=777168"},{"taxonomy":"product_tag","embeddable":true,"href":"https:\/\/roveyayinevi.com.tr\/index.php\/wp-json\/wp\/v2\/product_tag?post=777168"}],"curies":[{"name":"wp","href":"https:\/\/api.w.org\/{rel}","templated":true}]}}