{"id":777166,"date":"2025-10-11T11:51:51","date_gmt":"2025-10-11T08:51:51","guid":{"rendered":"https:\/\/roveyayinevi.com.tr\/index.php\/urun\/tum-yonleriyle-okul-sinif-ogretmen\/"},"modified":"2026-04-03T03:33:32","modified_gmt":"2026-04-03T00:33:32","slug":"tum-yonleriyle-okul-sinif-ogretmen","status":"publish","type":"product","link":"https:\/\/roveyayinevi.com.tr\/index.php\/urun\/tum-yonleriyle-okul-sinif-ogretmen\/","title":{"rendered":"T\u00fcm Y\u00f6nleriyle Okul-S\u0131n\u0131f-\u00d6\u011fretmen"},"content":{"rendered":"<p>Kitab\u0131n \u00e7er\u00e7evesi, \u201cokul\u201d kavram\u0131 etraf\u0131nda \u015fekilleniyor. Ancak yaln\u0131zca yap\u0131sal bir okuldan de\u011fil; insani, k\u00fclt\u00fcrel ve ili\u015fkisel bir okuldan s\u00f6z ediyorum. Y\u00f6netici, \u00f6\u011fretmen, \u00f6\u011fretmenlik becerileri, s\u0131n\u0131f y\u00f6netimi, \u00f6\u011frencilik ve okulda veli olabilmek gibi temalar\u0131 bu geni\u015f \u00e7er\u00e7evede ele ald\u0131m. Anlat\u0131mda zaman zaman akademik dile yer versem de \u00f6nceli\u011fim her zaman okuyucunun konuyu anlayabilmesi, i\u00e7selle\u015ftirebilmesi ve mesleki prati\u011fine ta\u015f\u0131yabilmesidir. Bu nedenle teknik ifadelerden m\u00fcmk\u00fcn oldu\u011funca uzak durmaya; sade, a\u00e7\u0131k ve samimi bir anlat\u0131m kullanmaya \u00f6zen g\u00f6sterdim.   Kitapta \u00f6zellikle okulun ve s\u0131n\u0131f\u0131n g\u00fcndelik ger\u00e7ekli\u011fine dair temel sorun alanlar\u0131na yer verdim. \u00d6\u011fretmen e\u011fitimleri s\u0131ras\u0131nda en \u00e7ok etkileyici bulundu\u011funu g\u00f6zlemledi\u011fim s\u0131n\u0131f y\u00f6netimi konular\u0131n\u0131 bu nedenle merkeze ald\u0131m. Yine de baz\u0131 endi\u015felerim var: Kitap, y\u00fcz y\u00fcze e\u011fitimlerdeki canl\u0131l\u0131k ve etkile\u015fimi tam olarak yans\u0131tamayabilir. Ancak kitap okuman\u0131n d\u00fc\u015f\u00fcnceyi derinle\u015ftiren g\u00fcc\u00fcne olan inanc\u0131m tam. E\u011fitimleri bir t\u00fcr \u201cmerak uyand\u0131rma\u201d s\u00fcreci, bu kitab\u0131 ise o merak\u0131 besleyen ve derinle\u015ftiren bir yol arkada\u015f\u0131 olarak g\u00f6r\u00fcyorum. Bu birlikteli\u011fi kurabilmek i\u00e7in \u00e7aba g\u00f6stermeye de\u011fer.<\/p>\n","protected":false},"excerpt":{"rendered":"<p>Kitab\u0131n \u00e7er\u00e7evesi, \u201cokul\u201d kavram\u0131 etraf\u0131nda \u015fekilleniyor. Ancak yaln\u0131zca yap\u0131sal bir okuldan de\u011fil; insani, k\u00fclt\u00fcrel ve ili\u015fkisel bir okuldan s\u00f6z ediyorum. Y\u00f6netici, \u00f6\u011fretmen, \u00f6\u011fretmenlik becerileri, s\u0131n\u0131f y\u00f6netimi,<span class=\"excerpt-hellip\"> [\u2026]<\/span><\/p>\n","protected":false},"featured_media":0,"template":"","meta":{"_monsterinsights_skip_tracking":false,"_monsterinsights_sitenote_active":false,"_monsterinsights_sitenote_note":"","_monsterinsights_sitenote_category":0},"product_brand":[],"product_cat":[12566],"product_tag":[],"class_list":{"0":"post-777166","1":"product","2":"type-product","3":"status-publish","5":"product_cat-egitim","6":"pa_cilt-ciltsiz","7":"pa_tur-kitap","8":"pa_yayinevi-ani-yayincilik","9":"pa_yazar-tuncay-akcadag","11":"first","12":"instock","13":"sale","14":"shipping-taxable","15":"purchasable","16":"product-type-simple"},"_links":{"self":[{"href":"https:\/\/roveyayinevi.com.tr\/index.php\/wp-json\/wp\/v2\/product\/777166","targetHints":{"allow":["GET"]}}],"collection":[{"href":"https:\/\/roveyayinevi.com.tr\/index.php\/wp-json\/wp\/v2\/product"}],"about":[{"href":"https:\/\/roveyayinevi.com.tr\/index.php\/wp-json\/wp\/v2\/types\/product"}],"wp:attachment":[{"href":"https:\/\/roveyayinevi.com.tr\/index.php\/wp-json\/wp\/v2\/media?parent=777166"}],"wp:term":[{"taxonomy":"product_brand","embeddable":true,"href":"https:\/\/roveyayinevi.com.tr\/index.php\/wp-json\/wp\/v2\/product_brand?post=777166"},{"taxonomy":"product_cat","embeddable":true,"href":"https:\/\/roveyayinevi.com.tr\/index.php\/wp-json\/wp\/v2\/product_cat?post=777166"},{"taxonomy":"product_tag","embeddable":true,"href":"https:\/\/roveyayinevi.com.tr\/index.php\/wp-json\/wp\/v2\/product_tag?post=777166"}],"curies":[{"name":"wp","href":"https:\/\/api.w.org\/{rel}","templated":true}]}}