{"id":777165,"date":"2025-10-11T11:51:45","date_gmt":"2025-10-11T08:51:45","guid":{"rendered":"https:\/\/roveyayinevi.com.tr\/index.php\/urun\/toplu-feminist-oyunlar-1\/"},"modified":"2026-04-15T03:43:02","modified_gmt":"2026-04-15T00:43:02","slug":"toplu-feminist-oyunlar-1","status":"publish","type":"product","link":"https:\/\/roveyayinevi.com.tr\/index.php\/urun\/toplu-feminist-oyunlar-1\/","title":{"rendered":"Toplu Feminist Oyunlar \u2013 1"},"content":{"rendered":"<p>Jale Karabekir&#8217;in toplu feminist oyunlar\u0131n\u0131 okurla bulu\u015fturdu\u011fu kitaplar\u0131n\u0131n birinci cildinde &#8220;Ophelia&#8217;y\u0131 Kim \u00d6ld\u00fcrd\u00fc?&#8221;, &#8220;\u0130\u00e7 Ses&#8221;, &#8220;Troyal\u0131 Kad\u0131nlar Korosu ya da Kay\u0131p Tablet&#8221; ve Virginia Woolf&#8217;un eserinden uyarlad\u0131\u011f\u0131 &#8220;Kendine Ait Bir Oda&#8221; yer al\u0131yor&#8230; <\/p>\n","protected":false},"excerpt":{"rendered":"<p>Jale Karabekir&#8217;in toplu feminist oyunlar\u0131n\u0131 okurla bulu\u015fturdu\u011fu kitaplar\u0131n\u0131n birinci cildinde &#8220;Ophelia&#8217;y\u0131 Kim \u00d6ld\u00fcrd\u00fc?&#8221;, &#8220;\u0130\u00e7 Ses&#8221;, &#8220;Troyal\u0131 Kad\u0131nlar Korosu ya da Kay\u0131p Tablet&#8221; ve Virginia Woolf&#8217;un eserinden<span class=\"excerpt-hellip\"> [\u2026]<\/span><\/p>\n","protected":false},"featured_media":0,"template":"","meta":{"_monsterinsights_skip_tracking":false,"_monsterinsights_sitenote_active":false,"_monsterinsights_sitenote_note":"","_monsterinsights_sitenote_category":0},"product_brand":[],"product_cat":[12409,12408],"product_tag":[],"class_list":{"0":"post-777165","1":"product","2":"type-product","3":"status-publish","5":"product_cat-fotograf-sinema-tiyatro","6":"product_cat-sanat","7":"pa_cilt-ciltsiz","8":"pa_tur-kitap","9":"pa_yayinevi-agora-kitapligi","10":"pa_yazar-jale-karabekir","12":"first","13":"instock","14":"sale","15":"shipping-taxable","16":"purchasable","17":"product-type-simple"},"_links":{"self":[{"href":"https:\/\/roveyayinevi.com.tr\/index.php\/wp-json\/wp\/v2\/product\/777165","targetHints":{"allow":["GET"]}}],"collection":[{"href":"https:\/\/roveyayinevi.com.tr\/index.php\/wp-json\/wp\/v2\/product"}],"about":[{"href":"https:\/\/roveyayinevi.com.tr\/index.php\/wp-json\/wp\/v2\/types\/product"}],"wp:attachment":[{"href":"https:\/\/roveyayinevi.com.tr\/index.php\/wp-json\/wp\/v2\/media?parent=777165"}],"wp:term":[{"taxonomy":"product_brand","embeddable":true,"href":"https:\/\/roveyayinevi.com.tr\/index.php\/wp-json\/wp\/v2\/product_brand?post=777165"},{"taxonomy":"product_cat","embeddable":true,"href":"https:\/\/roveyayinevi.com.tr\/index.php\/wp-json\/wp\/v2\/product_cat?post=777165"},{"taxonomy":"product_tag","embeddable":true,"href":"https:\/\/roveyayinevi.com.tr\/index.php\/wp-json\/wp\/v2\/product_tag?post=777165"}],"curies":[{"name":"wp","href":"https:\/\/api.w.org\/{rel}","templated":true}]}}