{"id":777163,"date":"2025-10-11T11:50:17","date_gmt":"2025-10-11T08:50:17","guid":{"rendered":"https:\/\/roveyayinevi.com.tr\/index.php\/urun\/bora\/"},"modified":"2026-04-05T03:33:33","modified_gmt":"2026-04-05T00:33:33","slug":"bora","status":"publish","type":"product","link":"https:\/\/roveyayinevi.com.tr\/index.php\/urun\/bora\/","title":{"rendered":"Bora"},"content":{"rendered":"<p>Bora \u00e7ok \u00f6fkeli, \u00e7ok \u00fczg\u00fcn, hatta bazen kendini \u00e7aresiz hissediyor. Ama annesi ona, duygular\u0131n\u0131 bast\u0131rmak yerine anlaman\u0131n ve sakinle\u015fmenin yollar\u0131n\u0131 g\u00f6steriyor. Bora\u2019n\u0131n hayal g\u00fcc\u00fcyle kurdu\u011fu \u201cSakinle\u015ftiren Galaksi\u201d, k\u0131sa s\u00fcrede onun \u00f6fkesini d\u00f6n\u00fc\u015ft\u00fcrd\u00fc\u011f\u00fc, nefes ald\u0131\u011f\u0131 ve yeniden g\u00fc\u00e7 buldu\u011fu \u00f6zel bir yer h\u00e2line geliyor. Bu kitap, \u00e7ocuklara kendi sakinle\u015fme alanlar\u0131n\u0131 ke\u015ffetmeleri i\u00e7in ilham verirken, ebeveynlere de Pozitif Disiplin yakla\u015f\u0131m\u0131n\u0131 g\u00fcnl\u00fck ya\u015famda nas\u0131l kullanabileceklerini g\u00f6steriyor. E\u011flenceli bir hik\u00e2ye, s\u0131cak bir ebeveyn-\u00e7ocuk ili\u015fkisi ve duygulara dair de\u011ferli ipu\u00e7lar\u0131 bir arada. Arka Kapak Yaz\u0131s\u0131: \u00c7ocu\u011funuzun \u00d6fkesini Anlamak ve Sakinle\u015fmesine Yard\u0131mc\u0131 Olmak \u0130\u00e7in Bir Rehber \u00d6fke n\u00f6betleri, hayal k\u0131r\u0131kl\u0131klar\u0131&#8230; B\u00fct\u00fcn bunlar bir ebeveyn i\u00e7in zorlay\u0131c\u0131 olabilir. Peki ya \u00e7ocu\u011funuzun duygusal f\u0131rt\u0131nalar\u0131 s\u0131ras\u0131nda ona ceza vermek yerine, kendi kendini sakinle\u015ftirme becerisi kazanmas\u0131na yard\u0131mc\u0131 olsayd\u0131n\u0131z? Uluslararas\u0131 \u00e7apta tan\u0131nm\u0131\u015f Pozitif Disiplin uzman\u0131 Dr. Jane Nelsen&#8217;\u0131n kaleminden \u00e7\u0131kan bu \u00f6zel kitap, &#8220;mola&#8221; kavram\u0131na yepyeni bir bak\u0131\u015f a\u00e7\u0131s\u0131 getiriyor. Kitab\u0131n ad\u0131, klasik &#8220;ceza molas\u0131&#8221; yerine, \u00e7ocu\u011fun g\u00fcvenli ve sevgi dolu bir alanda duygular\u0131n\u0131 y\u00f6netmeyi \u00f6\u011frenmesini sa\u011flayan &#8220;Pozitif Mola&#8221; fikrini sunuyor. Bora-\u00d6fkemi Sakinle\u015ftiren Bir Yer, Bora&#8217;n\u0131n kendi &#8220;Sakinle\u015fme Alan\u0131&#8221;n\u0131 nas\u0131l olu\u015fturdu\u011funu e\u011flenceli ve ilham verici bir dille anlat\u0131rken, \u00e7ocuklara duygular\u0131n\u0131 tan\u0131may\u0131 ve onlarla bar\u0131\u015f\u0131k ya\u015famay\u0131 \u00f6\u011fretiyor. Ebeveynler i\u00e7inse bu hik\u00e2ye, Pozitif Disiplin ara\u00e7lar\u0131n\u0131 g\u00fcnl\u00fck hayata nas\u0131l adapte edebileceklerine dair pratik bir yol haritas\u0131 sunuyor. Bu kitap, her ebeveynin el alt\u0131nda bulundurmas\u0131 gereken bir hazine.   M\u00fcfredat temalar\u0131:  DUYGULARI \u0130FADE ETME VE TANIMA, SAK\u0130NLE\u015eME, POZ\u0130T\u0130F D\u0130S\u0130PL\u0130N, EBEVEYN-\u00c7OCUK \u0130L\u0130\u015eK\u0130S\u0130, HAYAL G\u00dcC\u00dc VE YARATICILIK, DAYANIKLILIK VE \u00c7\u00d6Z\u00dcM \u00dcRETME <\/p>\n","protected":false},"excerpt":{"rendered":"<p>Bora \u00e7ok \u00f6fkeli, \u00e7ok \u00fczg\u00fcn, hatta bazen kendini \u00e7aresiz hissediyor. Ama annesi ona, duygular\u0131n\u0131 bast\u0131rmak yerine anlaman\u0131n ve sakinle\u015fmenin yollar\u0131n\u0131 g\u00f6steriyor. Bora\u2019n\u0131n hayal g\u00fcc\u00fcyle kurdu\u011fu \u201cSakinle\u015ftiren<span class=\"excerpt-hellip\"> [\u2026]<\/span><\/p>\n","protected":false},"featured_media":0,"template":"","meta":{"_monsterinsights_skip_tracking":false,"_monsterinsights_sitenote_active":false,"_monsterinsights_sitenote_note":"","_monsterinsights_sitenote_category":0},"product_brand":[],"product_cat":[12274,12284],"product_tag":[],"class_list":{"0":"post-777163","1":"product","2":"type-product","3":"status-publish","5":"product_cat-cocuk-ve-genclik-kitaplari","6":"product_cat-hikayeler","7":"pa_cilt-ciltsiz","8":"pa_tur-kitap","9":"pa_yayinevi-kronik-kitap","10":"pa_yazar-jane-nelsen","12":"first","13":"instock","14":"sale","15":"shipping-taxable","16":"purchasable","17":"product-type-simple"},"_links":{"self":[{"href":"https:\/\/roveyayinevi.com.tr\/index.php\/wp-json\/wp\/v2\/product\/777163","targetHints":{"allow":["GET"]}}],"collection":[{"href":"https:\/\/roveyayinevi.com.tr\/index.php\/wp-json\/wp\/v2\/product"}],"about":[{"href":"https:\/\/roveyayinevi.com.tr\/index.php\/wp-json\/wp\/v2\/types\/product"}],"wp:attachment":[{"href":"https:\/\/roveyayinevi.com.tr\/index.php\/wp-json\/wp\/v2\/media?parent=777163"}],"wp:term":[{"taxonomy":"product_brand","embeddable":true,"href":"https:\/\/roveyayinevi.com.tr\/index.php\/wp-json\/wp\/v2\/product_brand?post=777163"},{"taxonomy":"product_cat","embeddable":true,"href":"https:\/\/roveyayinevi.com.tr\/index.php\/wp-json\/wp\/v2\/product_cat?post=777163"},{"taxonomy":"product_tag","embeddable":true,"href":"https:\/\/roveyayinevi.com.tr\/index.php\/wp-json\/wp\/v2\/product_tag?post=777163"}],"curies":[{"name":"wp","href":"https:\/\/api.w.org\/{rel}","templated":true}]}}