{"id":777161,"date":"2025-10-11T11:47:01","date_gmt":"2025-10-11T08:47:01","guid":{"rendered":"https:\/\/roveyayinevi.com.tr\/index.php\/urun\/emperyalizm-kapitalizmin-en-yuksek-asamasi-2\/"},"modified":"2026-04-15T03:41:36","modified_gmt":"2026-04-15T00:41:36","slug":"emperyalizm-kapitalizmin-en-yuksek-asamasi-2","status":"publish","type":"product","link":"https:\/\/roveyayinevi.com.tr\/index.php\/urun\/emperyalizm-kapitalizmin-en-yuksek-asamasi-2\/","title":{"rendered":"Emperyalizm &#8211; Kapitalizmin En Y\u00fcksek A\u015famas\u0131"},"content":{"rendered":"<p>V. \u0130. Lenin\u2019in ya\u015fam\u0131, kapitalizm ve her t\u00fcrden kapitalist teoriye, i\u015f\u00e7i hareketi i\u00e7inde ortaya \u00e7\u0131kan burjuva tabaka ve her t\u00fcrden oport\u00fcnist ve revizyonist ak\u0131ma kar\u015f\u0131 m\u00fccadele i\u00e7inde ge\u00e7ti. Leninizm, \u201cemperyalizm ve proleter devrimleri \u00e7a\u011f\u0131n\u0131n Marksizmi\u201d olarak, \u00e7etin teorik ve pratik m\u00fccadeleler i\u00e7inde ve b\u00fcy\u00fck s\u0131navlarda s\u0131nanarak \u015fekillendi. Emperyalizm bu m\u00fccadeleler s\u00fcrecinin en \u00f6nemli halkalar\u0131ndan biridir. Kapitalizmi, sermayenin iktidar\u0131n\u0131 ve sosyalizmin tarihi ve gelece\u011fini, bug\u00fcn\u00fcn i\u015f\u00e7i ve gen\u00e7 ayd\u0131n ku\u015faklar\u0131na, i\u015f\u00e7i s\u0131n\u0131f\u0131 ve sosyalizmin yenilgisinin do\u011frudan sorumlusu olan \u00e7\u00fcr\u00fcm\u00fc\u015f \u201csosyalist\u201d ki\u015fi ve ak\u0131mlar \u201c\u00f6\u011fretmek\u201dte, \u201canlatmak\u201dtad\u0131rlar. \u00d6zellikle bu durum, Lenin\u2019in eserini, gen\u00e7 devrimci ayd\u0131n ve m\u00fccadeleye uyanan ileri i\u015f\u00e7inin ayd\u0131nlanmas\u0131 ve y\u00f6n\u00fcn\u00fc \u00e7izebilmesi a\u00e7\u0131s\u0131ndan vazge\u00e7ilmez bir eser haline getirmektedir.        Lenin\u2019in eseri y\u00fcz y\u0131l\u0131 a\u015fk\u0131n s\u00fcre \u00f6nce yaz\u0131lmas\u0131na kar\u015f\u0131n bug\u00fcn yaz\u0131lm\u0131\u015f gibi g\u00fcnceldir. Zira Lenin, teori ve \u00e7izgisini, gelip ge\u00e7ici olgular\u0131n de\u011fil, b\u00fct\u00fcn d\u00f6neme damgas\u0131n\u0131 basan temel olgular\u0131n derinlemesine incelenmesi \u00fczerinde in\u015fa eder. \u00d6te yandan o, \u201cd\u00fcnyay\u0131 sadece yorumlayan\u201d de\u011fil, onu \u201cde\u011fi\u015ftirmeyi\u201d \u00f6ng\u00f6ren bir mevzidedir; dolay\u0131s\u0131yla onun eseri, salt bir \u201cayd\u0131nlatma\u201d ile yetinmez; i\u015f\u00e7iler ve halklar\u0131n g\u00f6revlerini \u00e7\u0131k\u0131\u015f noktas\u0131 yapar, onlar\u0131 harekete ge\u00e7irir. D\u00fcnyan\u0131n bug\u00fcnk\u00fc durumunun a\u00e7\u0131klanmas\u0131ndaki g\u00fcncelli\u011fiyle ve bunun gerekli k\u0131ld\u0131\u011f\u0131 g\u00f6revleri b\u00fct\u00fcn ge\u00e7erlili\u011fi, yal\u0131nl\u0131\u011f\u0131 ve a\u00e7\u0131kl\u0131\u011f\u0131yla ortaya koyan Lenin\u2019in eseri bug\u00fcn de burjuva liberalizminin demagojik bombard\u0131man\u0131 alt\u0131ndaki i\u015f\u00e7i ve devrimci gen\u00e7 ku\u015faklar i\u00e7in yeni ufuklar a\u00e7acak ve m\u00fccadelelerine g\u00fc\u00e7 katacakt\u0131r. <\/p>\n","protected":false},"excerpt":{"rendered":"<p>V. \u0130. Lenin\u2019in ya\u015fam\u0131, kapitalizm ve her t\u00fcrden kapitalist teoriye, i\u015f\u00e7i hareketi i\u00e7inde ortaya \u00e7\u0131kan burjuva tabaka ve her t\u00fcrden oport\u00fcnist ve revizyonist ak\u0131ma kar\u015f\u0131 m\u00fccadele<span class=\"excerpt-hellip\"> [\u2026]<\/span><\/p>\n","protected":false},"featured_media":0,"template":"","meta":{"_monsterinsights_skip_tracking":false,"_monsterinsights_sitenote_active":false,"_monsterinsights_sitenote_note":"","_monsterinsights_sitenote_category":0},"product_brand":[],"product_cat":[13590,12337],"product_tag":[],"class_list":{"0":"post-777161","1":"product","2":"type-product","3":"status-publish","5":"product_cat-arastirma-inceleme-politika-siyaset","6":"product_cat-politika-siyaset","7":"pa_cilt-ciltsiz","8":"pa_tur-kitap","9":"pa_yayinevi-kor-kitap","10":"pa_yazar-v-i-lenin","12":"first","13":"instock","14":"sale","15":"shipping-taxable","16":"purchasable","17":"product-type-simple"},"_links":{"self":[{"href":"https:\/\/roveyayinevi.com.tr\/index.php\/wp-json\/wp\/v2\/product\/777161","targetHints":{"allow":["GET"]}}],"collection":[{"href":"https:\/\/roveyayinevi.com.tr\/index.php\/wp-json\/wp\/v2\/product"}],"about":[{"href":"https:\/\/roveyayinevi.com.tr\/index.php\/wp-json\/wp\/v2\/types\/product"}],"wp:attachment":[{"href":"https:\/\/roveyayinevi.com.tr\/index.php\/wp-json\/wp\/v2\/media?parent=777161"}],"wp:term":[{"taxonomy":"product_brand","embeddable":true,"href":"https:\/\/roveyayinevi.com.tr\/index.php\/wp-json\/wp\/v2\/product_brand?post=777161"},{"taxonomy":"product_cat","embeddable":true,"href":"https:\/\/roveyayinevi.com.tr\/index.php\/wp-json\/wp\/v2\/product_cat?post=777161"},{"taxonomy":"product_tag","embeddable":true,"href":"https:\/\/roveyayinevi.com.tr\/index.php\/wp-json\/wp\/v2\/product_tag?post=777161"}],"curies":[{"name":"wp","href":"https:\/\/api.w.org\/{rel}","templated":true}]}}