{"id":777159,"date":"2025-10-11T11:43:15","date_gmt":"2025-10-11T08:43:15","guid":{"rendered":"https:\/\/roveyayinevi.com.tr\/index.php\/urun\/insanligimi-yitirirken-8\/"},"modified":"2026-01-26T04:02:39","modified_gmt":"2026-01-26T01:02:39","slug":"insanligimi-yitirirken-8","status":"publish","type":"product","link":"https:\/\/roveyayinevi.com.tr\/index.php\/urun\/insanligimi-yitirirken-8\/","title":{"rendered":"\u0130nsanl\u0131\u011f\u0131m\u0131 Yitirirken"},"content":{"rendered":"<p>Toplumun d\u0131\u015f\u0131na itilmi\u015f bir ruhun, insanl\u0131kla vedala\u015fma notlar\u0131\u2026 \u201cBen art\u0131k insan de\u011filim.\u201d Toplumun beklentilerine yabanc\u0131, kendi i\u00e7 karanl\u0131\u011f\u0131na mahk\u00fbm bir adam\u0131n itiraflar\u0131\u2026 Osamu Dazai\u2019nin en sars\u0131c\u0131 ve en ki\u015fisel eseri olan \u0130nsanl\u0131\u011f\u0131m\u0131 Yitirirken, Yozo\u2019nun defterine b\u0131rakt\u0131\u011f\u0131 k\u0131r\u0131k c\u00fcmlelerle insan olman\u0131n dayan\u0131lmaz y\u00fck\u00fcn\u00fc sorguluyor. Varolu\u015fsal bo\u015fluk, yabanc\u0131la\u015fma, utan\u00e7 ve ka\u00e7\u0131\u015f\u2026 Dazai\u2019nin kendinden izler ta\u015f\u0131yan bu roman\u0131, sadece bir bireyin \u00e7\u00f6k\u00fc\u015f\u00fcn\u00fc de\u011fil, ayn\u0131 zamanda modern insan\u0131n kimlik krizini de anlat\u0131r. Ya\u015farken \u00e7oktan \u00f6lm\u00fc\u015f bir adam\u0131n portresi. \u0130\u00e7imizde saklad\u0131\u011f\u0131m\u0131z en k\u0131r\u0131lgan, en \u00e7\u0131plak h\u00e2limize tutulan ac\u0131mas\u0131z bir ayna. <\/p>\n","protected":false},"excerpt":{"rendered":"<p>Toplumun d\u0131\u015f\u0131na itilmi\u015f bir ruhun, insanl\u0131kla vedala\u015fma notlar\u0131\u2026 \u201cBen art\u0131k insan de\u011filim.\u201d Toplumun beklentilerine yabanc\u0131, kendi i\u00e7 karanl\u0131\u011f\u0131na mahk\u00fbm bir adam\u0131n itiraflar\u0131\u2026 Osamu Dazai\u2019nin en sars\u0131c\u0131<span class=\"excerpt-hellip\"> [\u2026]<\/span><\/p>\n","protected":false},"featured_media":0,"template":"","meta":{"_monsterinsights_skip_tracking":false,"_monsterinsights_sitenote_active":false,"_monsterinsights_sitenote_note":"","_monsterinsights_sitenote_category":0},"product_brand":[],"product_cat":[12291,12711],"product_tag":[],"class_list":{"0":"post-777159","1":"product","2":"type-product","3":"status-publish","5":"product_cat-edebiyat","6":"product_cat-roman-oyku","7":"pa_cilt-ciltsiz","8":"pa_tur-kitap","9":"pa_yayinevi-ren-kitap","10":"pa_yazar-osamu-dazai","12":"first","13":"instock","14":"sale","15":"shipping-taxable","16":"purchasable","17":"product-type-simple"},"_links":{"self":[{"href":"https:\/\/roveyayinevi.com.tr\/index.php\/wp-json\/wp\/v2\/product\/777159","targetHints":{"allow":["GET"]}}],"collection":[{"href":"https:\/\/roveyayinevi.com.tr\/index.php\/wp-json\/wp\/v2\/product"}],"about":[{"href":"https:\/\/roveyayinevi.com.tr\/index.php\/wp-json\/wp\/v2\/types\/product"}],"wp:attachment":[{"href":"https:\/\/roveyayinevi.com.tr\/index.php\/wp-json\/wp\/v2\/media?parent=777159"}],"wp:term":[{"taxonomy":"product_brand","embeddable":true,"href":"https:\/\/roveyayinevi.com.tr\/index.php\/wp-json\/wp\/v2\/product_brand?post=777159"},{"taxonomy":"product_cat","embeddable":true,"href":"https:\/\/roveyayinevi.com.tr\/index.php\/wp-json\/wp\/v2\/product_cat?post=777159"},{"taxonomy":"product_tag","embeddable":true,"href":"https:\/\/roveyayinevi.com.tr\/index.php\/wp-json\/wp\/v2\/product_tag?post=777159"}],"curies":[{"name":"wp","href":"https:\/\/api.w.org\/{rel}","templated":true}]}}