{"id":777158,"date":"2025-10-11T11:41:07","date_gmt":"2025-10-11T08:41:07","guid":{"rendered":"https:\/\/roveyayinevi.com.tr\/index.php\/urun\/karar-teorisi-bulanik-ve-gri-sistemler\/"},"modified":"2026-04-15T03:39:29","modified_gmt":"2026-04-15T00:39:29","slug":"karar-teorisi-bulanik-ve-gri-sistemler","status":"publish","type":"product","link":"https:\/\/roveyayinevi.com.tr\/index.php\/urun\/karar-teorisi-bulanik-ve-gri-sistemler\/","title":{"rendered":"Karar Teorisi Bulan\u0131k ve Gri Sistemler"},"content":{"rendered":"<p>B\u0130R\u0130NC\u0130 B\u00d6L\u00dcM : K\u00dcME TEOR\u0130S\u0130   \u0130K\u0130NC\u0130 B\u00d6L\u00dcM : KARAR TEOR\u0130S\u0130   \u00dc\u00c7\u00dcNC\u00dc B\u00d6L\u00dcM : \u00c7OK N\u0130TEL\u0130KL\u0130 KARAR VERME Y\u00d6NTEMLER\u0130   D\u00d6RD\u00dcNC\u00dc B\u00d6L\u00dcM : \u00c7OK AMA\u00c7LI KARAR VERME Y\u00d6NTEMLER\u0130   BE\u015e\u0130NC\u0130 B\u00d6L\u00dcM : ALTERNAT\u0130F SE\u00c7\u0130M\u0130NDE BULANIK VE GR\u0130 S\u0130STEM YAKLA\u015eIM KAR\u015eILA\u015eTIRMASI <\/p>\n","protected":false},"excerpt":{"rendered":"<p>B\u0130R\u0130NC\u0130 B\u00d6L\u00dcM : K\u00dcME TEOR\u0130S\u0130 \u0130K\u0130NC\u0130 B\u00d6L\u00dcM : KARAR TEOR\u0130S\u0130 \u00dc\u00c7\u00dcNC\u00dc B\u00d6L\u00dcM : \u00c7OK N\u0130TEL\u0130KL\u0130 KARAR VERME Y\u00d6NTEMLER\u0130 D\u00d6RD\u00dcNC\u00dc B\u00d6L\u00dcM : \u00c7OK AMA\u00c7LI KARAR VERME Y\u00d6NTEMLER\u0130<span class=\"excerpt-hellip\"> [\u2026]<\/span><\/p>\n","protected":false},"featured_media":0,"template":"","meta":{"_monsterinsights_skip_tracking":false,"_monsterinsights_sitenote_active":false,"_monsterinsights_sitenote_note":"","_monsterinsights_sitenote_category":0},"product_brand":[],"product_cat":[12573,12566],"product_tag":[],"class_list":{"0":"post-777158","1":"product","2":"type-product","3":"status-publish","5":"product_cat-akademik-kitaplar","6":"product_cat-egitim","7":"pa_cilt-ciltsiz","8":"pa_tur-kitap","9":"pa_yayinevi-gazi-kitabevi","10":"pa_yazar-kenan-terzioglu","12":"first","13":"instock","14":"sale","15":"shipping-taxable","16":"purchasable","17":"product-type-simple"},"_links":{"self":[{"href":"https:\/\/roveyayinevi.com.tr\/index.php\/wp-json\/wp\/v2\/product\/777158","targetHints":{"allow":["GET"]}}],"collection":[{"href":"https:\/\/roveyayinevi.com.tr\/index.php\/wp-json\/wp\/v2\/product"}],"about":[{"href":"https:\/\/roveyayinevi.com.tr\/index.php\/wp-json\/wp\/v2\/types\/product"}],"wp:attachment":[{"href":"https:\/\/roveyayinevi.com.tr\/index.php\/wp-json\/wp\/v2\/media?parent=777158"}],"wp:term":[{"taxonomy":"product_brand","embeddable":true,"href":"https:\/\/roveyayinevi.com.tr\/index.php\/wp-json\/wp\/v2\/product_brand?post=777158"},{"taxonomy":"product_cat","embeddable":true,"href":"https:\/\/roveyayinevi.com.tr\/index.php\/wp-json\/wp\/v2\/product_cat?post=777158"},{"taxonomy":"product_tag","embeddable":true,"href":"https:\/\/roveyayinevi.com.tr\/index.php\/wp-json\/wp\/v2\/product_tag?post=777158"}],"curies":[{"name":"wp","href":"https:\/\/api.w.org\/{rel}","templated":true}]}}