{"id":777155,"date":"2025-10-11T11:05:12","date_gmt":"2025-10-11T08:05:12","guid":{"rendered":"https:\/\/roveyayinevi.com.tr\/index.php\/urun\/egitim-yonetimine-giris\/"},"modified":"2026-04-15T03:34:07","modified_gmt":"2026-04-15T00:34:07","slug":"egitim-yonetimine-giris","status":"publish","type":"product","link":"https:\/\/roveyayinevi.com.tr\/index.php\/urun\/egitim-yonetimine-giris\/","title":{"rendered":"E\u011fitim Y\u00f6netimine Giri\u015f"},"content":{"rendered":"<p>E\u011fitim Y\u00f6netimi bilim dal\u0131 farkl\u0131 lisans programlar\u0131ndan gelen \u00f6\u011fretmen ve y\u00f6neticilerin kendilerini geli\u015ftirmek, kariyerlerinde ilerlemek i\u00e7in tercih ettikleri bir lisans\u00fcst\u00fc e\u011fitim aland\u0131r. E\u011fitim y\u00f6netimi alan yaz\u0131nda alana katk\u0131 sa\u011flayacak pek \u00e7ok \u00e7al\u0131\u015fma bulunmaktad\u0131r. Ancak yine de e\u011fitim y\u00f6netimi alan\u0131na ilk kez kat\u0131lan \u00f6\u011fretmen ve y\u00f6neticilere, alana ili\u015fkin temel bilgileri yal\u0131n bir bi\u00e7imde sunacak kayna\u011fa ihtiya\u00e7 oldu\u011fu g\u00f6r\u00fclm\u00fc\u015f ve bu kitap haz\u0131rlanm\u0131\u015ft\u0131r. Bu kitapta e\u011fitim y\u00f6netimi ve okul y\u00f6netimi alan\u0131na \u00f6zg\u00fc t\u00fcm temel bilgiler b\u00fct\u00fcnsel bir anlay\u0131\u015fla ele al\u0131nmakta ve baz\u0131 uygulama \u00f6rneklerine yer verilmektedir. Kitab\u0131n, e\u011fitim y\u00f6netimi alan\u0131nda y\u00fcksek lisans yapan y\u00f6netici ve \u00f6\u011fretmenlere, alana ilgi duyan ki\u015filere, \u00f6\u011fretmenlik lisans programlar\u0131nda e\u011fitim alan \u00f6\u011frencilere ve bunlar\u0131n yan\u0131 s\u0131ra politika yap\u0131c\u0131lar\u0131, ara\u015ft\u0131rmac\u0131lar ve uygulamac\u0131lara yararl\u0131 olaca\u011f\u0131 d\u00fc\u015f\u00fcn\u00fclmektedir.<\/p>\n","protected":false},"excerpt":{"rendered":"<p>E\u011fitim Y\u00f6netimi bilim dal\u0131 farkl\u0131 lisans programlar\u0131ndan gelen \u00f6\u011fretmen ve y\u00f6neticilerin kendilerini geli\u015ftirmek, kariyerlerinde ilerlemek i\u00e7in tercih ettikleri bir lisans\u00fcst\u00fc e\u011fitim aland\u0131r. E\u011fitim y\u00f6netimi alan yaz\u0131nda<span class=\"excerpt-hellip\"> [\u2026]<\/span><\/p>\n","protected":false},"featured_media":0,"template":"","meta":{"_monsterinsights_skip_tracking":false,"_monsterinsights_sitenote_active":false,"_monsterinsights_sitenote_note":"","_monsterinsights_sitenote_category":0},"product_brand":[],"product_cat":[12573,12566],"product_tag":[],"class_list":{"0":"post-777155","1":"product","2":"type-product","3":"status-publish","5":"product_cat-akademik-kitaplar","6":"product_cat-egitim","7":"pa_cilt-ciltsiz","8":"pa_tur-kitap","9":"pa_yayinevi-egiten-kitap","10":"pa_yazar-kolektif","12":"first","13":"instock","14":"sale","15":"shipping-taxable","16":"purchasable","17":"product-type-simple"},"_links":{"self":[{"href":"https:\/\/roveyayinevi.com.tr\/index.php\/wp-json\/wp\/v2\/product\/777155","targetHints":{"allow":["GET"]}}],"collection":[{"href":"https:\/\/roveyayinevi.com.tr\/index.php\/wp-json\/wp\/v2\/product"}],"about":[{"href":"https:\/\/roveyayinevi.com.tr\/index.php\/wp-json\/wp\/v2\/types\/product"}],"wp:attachment":[{"href":"https:\/\/roveyayinevi.com.tr\/index.php\/wp-json\/wp\/v2\/media?parent=777155"}],"wp:term":[{"taxonomy":"product_brand","embeddable":true,"href":"https:\/\/roveyayinevi.com.tr\/index.php\/wp-json\/wp\/v2\/product_brand?post=777155"},{"taxonomy":"product_cat","embeddable":true,"href":"https:\/\/roveyayinevi.com.tr\/index.php\/wp-json\/wp\/v2\/product_cat?post=777155"},{"taxonomy":"product_tag","embeddable":true,"href":"https:\/\/roveyayinevi.com.tr\/index.php\/wp-json\/wp\/v2\/product_tag?post=777155"}],"curies":[{"name":"wp","href":"https:\/\/api.w.org\/{rel}","templated":true}]}}