{"id":777153,"date":"2025-10-11T09:36:54","date_gmt":"2025-10-11T06:36:54","guid":{"rendered":"https:\/\/roveyayinevi.com.tr\/index.php\/urun\/etkinlik-temelli-cevre-egitimi\/"},"modified":"2026-04-16T03:08:48","modified_gmt":"2026-04-16T00:08:48","slug":"etkinlik-temelli-cevre-egitimi","status":"publish","type":"product","link":"https:\/\/roveyayinevi.com.tr\/index.php\/urun\/etkinlik-temelli-cevre-egitimi\/","title":{"rendered":"Etkinlik Temelli \u00c7evre E\u011fitimi"},"content":{"rendered":"<p>Yakla\u015f\u0131k 4,6 milyar ya\u015f\u0131nda olan D\u00fcnyada, jeolojik ve antropolojik ara\u015ft\u0131rmalar sonucunda insano\u011flunun 200.000 y\u0131ld\u0131r var oldu\u011fu tespit edilmi\u015ftir. \u0130lk zamanlarda insanlar sadece beslenme, bar\u0131nma ve korunma amac\u0131yla temel ihtiya\u00e7lar\u0131 i\u00e7in do\u011fayla etkile\u015fim i\u00e7inde bulunmu\u015flard\u0131r. Zamanla insan pop\u00fclasyonunun art\u0131\u015f\u0131yla beraber daha fazla besin, su, bar\u0131nma gibi ihtiya\u00e7lar\u0131 da artm\u0131\u015ft\u0131r. \u00d6zellikle End\u00fcstri Devriminden itibaren 20. y\u00fczy\u0131l\u0131n ikinci yar\u0131s\u0131nda modern insan t\u00fcr\u00fc (Homo sapiens) h\u0131rs\u0131, bencilli\u011fi, t\u00fckenmek bilmeyen istekleri nedeniyle do\u011fal kaynaklar\u0131 h\u0131zla t\u00fcketmeye ve di\u011fer canl\u0131lara da daha fazla zarar vermeye ba\u015flam\u0131\u015ft\u0131r.   Sanayile\u015fmenin ve h\u0131zl\u0131 n\u00fcfus art\u0131\u015f\u0131n\u0131n sonucu; plans\u0131z \u00e7arp\u0131k kentle\u015fme, atmosferdeki karbondioksit oran\u0131n\u0131n artmas\u0131, asit ya\u011fmurlar\u0131ndaki art\u0131\u015f, topra\u011f\u0131n, suyun ve havan\u0131n kirlenmesi, ozon tabakas\u0131n\u0131n delinmesi, iklim de\u011fi\u015fikli\u011fi, s\u0131cakl\u0131k art\u0131\u015f\u0131 gibi \u00e7evre sorunlar\u0131 etkilerini k\u00fcresel boyutta daha fazla g\u00f6stermeye ba\u015flam\u0131\u015ft\u0131r. Bu sorunlar\u0131n temel nedeni, insano\u011flunun ekonomik kalk\u0131nma ad\u0131na do\u011fal kaynaklar\u0131 h\u0131zla t\u00fcketmesi ve biyosferdeki t\u00fcm canl\u0131lar\u0131n ya\u015fam\u0131n\u0131 tehdit etmesidir.<\/p>\n","protected":false},"excerpt":{"rendered":"<p>Yakla\u015f\u0131k 4,6 milyar ya\u015f\u0131nda olan D\u00fcnyada, jeolojik ve antropolojik ara\u015ft\u0131rmalar sonucunda insano\u011flunun 200.000 y\u0131ld\u0131r var oldu\u011fu tespit edilmi\u015ftir. \u0130lk zamanlarda insanlar sadece beslenme, bar\u0131nma ve korunma<span class=\"excerpt-hellip\"> [\u2026]<\/span><\/p>\n","protected":false},"featured_media":0,"template":"","meta":{"_monsterinsights_skip_tracking":false,"_monsterinsights_sitenote_active":false,"_monsterinsights_sitenote_note":"","_monsterinsights_sitenote_category":0},"product_brand":[],"product_cat":[12573,12566],"product_tag":[],"class_list":{"0":"post-777153","1":"product","2":"type-product","3":"status-publish","5":"product_cat-akademik-kitaplar","6":"product_cat-egitim","7":"pa_cilt-ciltsiz","8":"pa_tur-kitap","9":"pa_yayinevi-egiten-kitap","10":"pa_yazar-kolektif","12":"first","13":"instock","14":"sale","15":"shipping-taxable","16":"purchasable","17":"product-type-simple"},"_links":{"self":[{"href":"https:\/\/roveyayinevi.com.tr\/index.php\/wp-json\/wp\/v2\/product\/777153","targetHints":{"allow":["GET"]}}],"collection":[{"href":"https:\/\/roveyayinevi.com.tr\/index.php\/wp-json\/wp\/v2\/product"}],"about":[{"href":"https:\/\/roveyayinevi.com.tr\/index.php\/wp-json\/wp\/v2\/types\/product"}],"wp:attachment":[{"href":"https:\/\/roveyayinevi.com.tr\/index.php\/wp-json\/wp\/v2\/media?parent=777153"}],"wp:term":[{"taxonomy":"product_brand","embeddable":true,"href":"https:\/\/roveyayinevi.com.tr\/index.php\/wp-json\/wp\/v2\/product_brand?post=777153"},{"taxonomy":"product_cat","embeddable":true,"href":"https:\/\/roveyayinevi.com.tr\/index.php\/wp-json\/wp\/v2\/product_cat?post=777153"},{"taxonomy":"product_tag","embeddable":true,"href":"https:\/\/roveyayinevi.com.tr\/index.php\/wp-json\/wp\/v2\/product_tag?post=777153"}],"curies":[{"name":"wp","href":"https:\/\/api.w.org\/{rel}","templated":true}]}}