{"id":777151,"date":"2025-10-11T09:28:20","date_gmt":"2025-10-11T06:28:20","guid":{"rendered":"https:\/\/roveyayinevi.com.tr\/index.php\/urun\/universite-sinavina-hazirlanan-ogrenciler-icin-tavsiyeler\/"},"modified":"2026-04-16T03:07:48","modified_gmt":"2026-04-16T00:07:48","slug":"universite-sinavina-hazirlanan-ogrenciler-icin-tavsiyeler","status":"publish","type":"product","link":"https:\/\/roveyayinevi.com.tr\/index.php\/urun\/universite-sinavina-hazirlanan-ogrenciler-icin-tavsiyeler\/","title":{"rendered":"\u00dcniversite S\u0131nav\u0131na Haz\u0131rlanan \u00d6\u011frenciler \u0130\u00e7in Tavsiyeler"},"content":{"rendered":"<p>Suzan R. HOFSTEDE, 30 Nisan 2005 tarihinde Hollanda\u2019n\u0131n Goes kentinde do\u011fdu. Hem T\u00fcrkiye hem Hollanda vatanda\u015f\u0131d\u0131r. 2010 y\u0131l\u0131nda Hollanda\u2019dan T\u00fcrkiye\u2019ye geldi. Alt\u0131 ya\u015f ve birinci s\u0131n\u0131f e\u011fitimini Bilkent \u0130hsan Do\u011framac\u0131 Vakf\u0131 \u00d6zel \u0130lkokulu\u2019nda ald\u0131ktan sonra ikinci s\u0131n\u0131ftan itibaren TED Ankara Koleji Vakf\u0131 \u00d6zel Okulu\u2019nda okumaya ba\u015flad\u0131. Matematik-Fen b\u00f6l\u00fcm\u00fcnden IB (Uluslararas\u0131 Bakalorya) diplomas\u0131 ald\u0131. Hukuk e\u011fitimi almak en b\u00fcy\u00fck hayaliydi. Bilkent \u00dcniversitesi Hukuk Fak\u00fcltesi \u00f6\u011frencisidir. \u0130leride hedefi serbest avukatl\u0131k ve akademisyenlik yapmakt\u0131r. \u0130lgi alanlar\u0131 hukuk, felsefe, ekonomi ve edebiyatt\u0131r. YKS 2023\u2019te e\u015fit a\u011f\u0131rl\u0131k ve s\u00f6zel alanlar\u0131nda T\u00fcrkiye \u00e7ap\u0131nda derece yapm\u0131\u015ft\u0131r. IB (Uluslararas\u0131 Bakalorya) Matematik-Fen program\u0131n\u0131 \u00fcst\u00fcn ba\u015far\u0131yla tamamlam\u0131\u015ft\u0131r.<\/p>\n","protected":false},"excerpt":{"rendered":"<p>Suzan R. HOFSTEDE, 30 Nisan 2005 tarihinde Hollanda\u2019n\u0131n Goes kentinde do\u011fdu. Hem T\u00fcrkiye hem Hollanda vatanda\u015f\u0131d\u0131r. 2010 y\u0131l\u0131nda Hollanda\u2019dan T\u00fcrkiye\u2019ye geldi. Alt\u0131 ya\u015f ve birinci s\u0131n\u0131f<span class=\"excerpt-hellip\"> [\u2026]<\/span><\/p>\n","protected":false},"featured_media":0,"template":"","meta":{"_monsterinsights_skip_tracking":false,"_monsterinsights_sitenote_active":false,"_monsterinsights_sitenote_note":"","_monsterinsights_sitenote_category":0},"product_brand":[],"product_cat":[12364,12376],"product_tag":[],"class_list":{"0":"post-777151","1":"product","2":"type-product","3":"status-publish","5":"product_cat-genel-konular","6":"product_cat-kisisel-gelisim","7":"pa_cilt-ciltsiz","8":"pa_tur-kitap","9":"pa_yayinevi-luna-yayinlari","10":"pa_yazar-suzan-r-hofstede","12":"first","13":"instock","14":"sale","15":"shipping-taxable","16":"purchasable","17":"product-type-simple"},"_links":{"self":[{"href":"https:\/\/roveyayinevi.com.tr\/index.php\/wp-json\/wp\/v2\/product\/777151","targetHints":{"allow":["GET"]}}],"collection":[{"href":"https:\/\/roveyayinevi.com.tr\/index.php\/wp-json\/wp\/v2\/product"}],"about":[{"href":"https:\/\/roveyayinevi.com.tr\/index.php\/wp-json\/wp\/v2\/types\/product"}],"wp:attachment":[{"href":"https:\/\/roveyayinevi.com.tr\/index.php\/wp-json\/wp\/v2\/media?parent=777151"}],"wp:term":[{"taxonomy":"product_brand","embeddable":true,"href":"https:\/\/roveyayinevi.com.tr\/index.php\/wp-json\/wp\/v2\/product_brand?post=777151"},{"taxonomy":"product_cat","embeddable":true,"href":"https:\/\/roveyayinevi.com.tr\/index.php\/wp-json\/wp\/v2\/product_cat?post=777151"},{"taxonomy":"product_tag","embeddable":true,"href":"https:\/\/roveyayinevi.com.tr\/index.php\/wp-json\/wp\/v2\/product_tag?post=777151"}],"curies":[{"name":"wp","href":"https:\/\/api.w.org\/{rel}","templated":true}]}}