{"id":777150,"date":"2025-10-11T08:52:19","date_gmt":"2025-10-11T05:52:19","guid":{"rendered":"https:\/\/roveyayinevi.com.tr\/index.php\/urun\/afetler-ve-afet-yonetimi-2\/"},"modified":"2026-04-16T03:03:01","modified_gmt":"2026-04-16T00:03:01","slug":"afetler-ve-afet-yonetimi-2","status":"publish","type":"product","link":"https:\/\/roveyayinevi.com.tr\/index.php\/urun\/afetler-ve-afet-yonetimi-2\/","title":{"rendered":"Afetler ve Afet Y\u00f6netimi"},"content":{"rendered":"<p>D\u00fcnya genelinde 2021 y\u0131l\u0131nda 432 afet ger\u00e7ekle\u015firken; 2001-2020 aras\u0131nda ortalama her y\u0131l 347 afet ger\u00e7ekle\u015fti\u011fi g\u00f6r\u00fclmektedir. Bu da demektir ki, insano\u011flu neredeyse her g\u00fcn bir afetle y\u00fcz y\u00fcze kalmaktad\u0131r. T\u00fcrkiye yine \u00e7e\u015fitli afetlerin olduk\u00e7a fazla ger\u00e7ekle\u015fti\u011fi bir \u00fclkedir. K\u0131saca afetler hayat\u0131n i\u00e7inde ve bizi en \u00e7ok etkileyen olaylardan bir tanesidir. Meydana gelen afetler sadece can kayb\u0131na de\u011fil bir \u00e7ok mal kayb\u0131na yani ekonomik kay\u0131plara da sebep olmaktad\u0131r. Ayr\u0131ca afetler nedeniyle b\u00fcy\u00fck g\u00f6\u00e7ler meydana gelebilmekte ve d\u00fcnyada sosyolojik baz\u0131 de\u011fi\u015fimlerde ger\u00e7ekle\u015fmektedir. \u0130nsanlar ve \u00fclkeler bu afetlerden korunmak i\u00e7in yo\u011fun \u00e7abalar harcamakta ve b\u00fcy\u00fck harcamalar yapmaktad\u0131r. Bu nedenle afetlerin tan\u0131nmas\u0131 ve afet y\u00f6netimi genel anlamda b\u00fcy\u00fck \u00f6nem ta\u015f\u0131maktad\u0131r.   Elinizdeki bu eser; afetler ve afet y\u00f6netimi konusunda g\u00fcncel verilerle haz\u0131rlanm\u0131\u015f bir kitapt\u0131r. Eserde \u00f6zellikle afetlerin genel \u00f6zellikleri, d\u00fcnya ve T\u00fcrkiye\u2019deki durumu ve afete kar\u015f\u0131 al\u0131nabilecek \u00f6nlemler \u00fczerinde durulmu\u015ftur.<\/p>\n","protected":false},"excerpt":{"rendered":"<p>D\u00fcnya genelinde 2021 y\u0131l\u0131nda 432 afet ger\u00e7ekle\u015firken; 2001-2020 aras\u0131nda ortalama her y\u0131l 347 afet ger\u00e7ekle\u015fti\u011fi g\u00f6r\u00fclmektedir. Bu da demektir ki, insano\u011flu neredeyse her g\u00fcn bir afetle<span class=\"excerpt-hellip\"> [\u2026]<\/span><\/p>\n","protected":false},"featured_media":0,"template":"","meta":{"_monsterinsights_skip_tracking":false,"_monsterinsights_sitenote_active":false,"_monsterinsights_sitenote_note":"","_monsterinsights_sitenote_category":0},"product_brand":[],"product_cat":[12573,12566],"product_tag":[],"class_list":{"0":"post-777150","1":"product","2":"type-product","3":"status-publish","5":"product_cat-akademik-kitaplar","6":"product_cat-egitim","7":"pa_cilt-ciltsiz","8":"pa_tur-kitap","9":"pa_yayinevi-egiten-kitap","10":"pa_yazar-kolektif","12":"first","13":"instock","14":"sale","15":"shipping-taxable","16":"purchasable","17":"product-type-simple"},"_links":{"self":[{"href":"https:\/\/roveyayinevi.com.tr\/index.php\/wp-json\/wp\/v2\/product\/777150","targetHints":{"allow":["GET"]}}],"collection":[{"href":"https:\/\/roveyayinevi.com.tr\/index.php\/wp-json\/wp\/v2\/product"}],"about":[{"href":"https:\/\/roveyayinevi.com.tr\/index.php\/wp-json\/wp\/v2\/types\/product"}],"wp:attachment":[{"href":"https:\/\/roveyayinevi.com.tr\/index.php\/wp-json\/wp\/v2\/media?parent=777150"}],"wp:term":[{"taxonomy":"product_brand","embeddable":true,"href":"https:\/\/roveyayinevi.com.tr\/index.php\/wp-json\/wp\/v2\/product_brand?post=777150"},{"taxonomy":"product_cat","embeddable":true,"href":"https:\/\/roveyayinevi.com.tr\/index.php\/wp-json\/wp\/v2\/product_cat?post=777150"},{"taxonomy":"product_tag","embeddable":true,"href":"https:\/\/roveyayinevi.com.tr\/index.php\/wp-json\/wp\/v2\/product_tag?post=777150"}],"curies":[{"name":"wp","href":"https:\/\/api.w.org\/{rel}","templated":true}]}}