{"id":777148,"date":"2025-10-11T08:14:28","date_gmt":"2025-10-11T05:14:28","guid":{"rendered":"https:\/\/roveyayinevi.com.tr\/index.php\/urun\/balkabagi-ve-tarcin\/"},"modified":"2026-04-16T02:55:41","modified_gmt":"2026-04-15T23:55:41","slug":"balkabagi-ve-tarcin","status":"publish","type":"product","link":"https:\/\/roveyayinevi.com.tr\/index.php\/urun\/balkabagi-ve-tarcin\/","title":{"rendered":"Balkaba\u011f\u0131 ve Tar\u00e7\u0131n"},"content":{"rendered":"<p>Farkl\u0131l\u0131klar\u0131m\u0131z bizi ayn\u0131 noktada bulu\u015fturabilir mi?  Birce Eren kendine ait iyi \u00f6zellikleri s\u0131ralarken listenin en ba\u015f\u0131na sorun \u00e7\u00f6zme becerisini koyard\u0131. Aniden evsiz kald\u0131\u011f\u0131nda ayn\u0131 durumda olan \u00fc\u00e7 k\u0131zla bu sayede eve \u00e7\u0131km\u0131\u015f, birbirinin tamamen z\u0131dd\u0131 olan k\u0131zlar\u0131n kavga etmeden ya\u015fayabilmesi i\u00e7in bu beceriyi sonuna dek kullanmaya karar vermi\u015fti. Ne\u015feli ve arkada\u015f canl\u0131s\u0131 do\u011fas\u0131yla herkesle anla\u015fabilece\u011fini d\u00fc\u015f\u00fcn\u00fcrken huysuz alt kom\u015fusuyla ileti\u015fim kuramamak \u00f6z g\u00fcvenini sarssa da kolayca pes etmeyecekti.Bar\u0131\u015f Kaan Erbey etraf\u0131nda ger\u00e7ekle\u015fen olaylara tepkisiz kalan, sessiz, i\u00e7e d\u00f6n\u00fck ve mant\u0131\u011f\u0131n sesinden ayr\u0131lmayan biriydi. Dinozorlar hakk\u0131nda saatlerce konu\u015fabilirken ba\u015fka herhangi bir konuda onunla sohbet etmek neredeyse imk\u00e2ns\u0131z hale geliyordu. Az konu\u015fur, az g\u00fcler ve s\u0131k s\u0131k da pervas\u0131z d\u00fcr\u00fcstl\u00fc\u011f\u00fcyle kar\u015f\u0131s\u0131ndakileri zor durumda b\u0131rak\u0131rd\u0131.E\u011fer hayat mant\u0131k \u00e7er\u00e7evesinde ilerleseydi Birce ve Bar\u0131\u015f\u2019\u0131 yan yana d\u00fc\u015f\u00fcnemezdiniz. Fakat i\u015fin i\u00e7ine kalp girdi\u011finde neler olaca\u011f\u0131n\u0131 kim bilebilirdi?E\u011flenceli, s\u0131cak, a\u015fk\u0131n ve dostlu\u011fun en g\u00fczel halini bar\u0131nd\u0131ran keyifli bir gen\u00e7lik roman\u0131.<\/p>\n","protected":false},"excerpt":{"rendered":"<p>Farkl\u0131l\u0131klar\u0131m\u0131z bizi ayn\u0131 noktada bulu\u015fturabilir mi? Birce Eren kendine ait iyi \u00f6zellikleri s\u0131ralarken listenin en ba\u015f\u0131na sorun \u00e7\u00f6zme becerisini koyard\u0131. Aniden evsiz kald\u0131\u011f\u0131nda ayn\u0131 durumda olan<span class=\"excerpt-hellip\"> [\u2026]<\/span><\/p>\n","protected":false},"featured_media":0,"template":"","meta":{"_monsterinsights_skip_tracking":false,"_monsterinsights_sitenote_active":false,"_monsterinsights_sitenote_note":"","_monsterinsights_sitenote_category":0},"product_brand":[],"product_cat":[12291,12711],"product_tag":[],"class_list":{"0":"post-777148","1":"product","2":"type-product","3":"status-publish","5":"product_cat-edebiyat","6":"product_cat-roman-oyku","7":"pa_cilt-ciltsiz","8":"pa_tur-kitap","9":"pa_yayinevi-ren-kitap","10":"pa_yazar-betul-guclu","12":"first","13":"instock","14":"sale","15":"shipping-taxable","16":"purchasable","17":"product-type-simple"},"_links":{"self":[{"href":"https:\/\/roveyayinevi.com.tr\/index.php\/wp-json\/wp\/v2\/product\/777148","targetHints":{"allow":["GET"]}}],"collection":[{"href":"https:\/\/roveyayinevi.com.tr\/index.php\/wp-json\/wp\/v2\/product"}],"about":[{"href":"https:\/\/roveyayinevi.com.tr\/index.php\/wp-json\/wp\/v2\/types\/product"}],"wp:attachment":[{"href":"https:\/\/roveyayinevi.com.tr\/index.php\/wp-json\/wp\/v2\/media?parent=777148"}],"wp:term":[{"taxonomy":"product_brand","embeddable":true,"href":"https:\/\/roveyayinevi.com.tr\/index.php\/wp-json\/wp\/v2\/product_brand?post=777148"},{"taxonomy":"product_cat","embeddable":true,"href":"https:\/\/roveyayinevi.com.tr\/index.php\/wp-json\/wp\/v2\/product_cat?post=777148"},{"taxonomy":"product_tag","embeddable":true,"href":"https:\/\/roveyayinevi.com.tr\/index.php\/wp-json\/wp\/v2\/product_tag?post=777148"}],"curies":[{"name":"wp","href":"https:\/\/api.w.org\/{rel}","templated":true}]}}