{"id":777145,"date":"2025-10-11T05:44:02","date_gmt":"2025-10-11T02:44:02","guid":{"rendered":"https:\/\/roveyayinevi.com.tr\/index.php\/urun\/ist1hbarat\/"},"modified":"2025-10-13T05:36:46","modified_gmt":"2025-10-13T02:36:46","slug":"ist1hbarat","status":"publish","type":"product","link":"https:\/\/roveyayinevi.com.tr\/index.php\/urun\/ist1hbarat\/","title":{"rendered":"\u0130st1hbarat"},"content":{"rendered":"<p>Muhaberat\u2019tan ka\u00e7arken Suriye&#8217;de petrol bulan M\u0130T elemanlar\u0131\u2026Bahoz Erdal Operasyonu\u2026Mebruke Han\u0131m: Te\u015fkilat-\u0131 Mahsusa\u2019n\u0131n kad\u0131n ajan\u0131\u2026Osmanl\u0131\u2019n\u0131n kahraman ajan\u0131 Zenci Musa\u2026Netflix&#8217;e konu olan MOSSAD ajan\u0131 Eli Cohen\u2026MOSSAD&#8217;\u0131 alt eden T\u00fcrk kad\u0131n istihbarat\u00e7\u0131\u2026T\u00fcrkiye Cumhuriyeti&#8217;nin en \u00f6nemli istihbarat\u00e7\u0131s\u0131 \u00c7i\u00e7ero\u20261964 y\u0131l\u0131nda ad\u0131na kanun \u00e7\u0131kar\u0131lan efsane T\u00fcrk istihbarat\u00e7\u0131s\u0131 \u0130ngiliz Kemal\u2026\u0130ngiliz istihbarat\u0131na s\u0131zan Sovyet ajan\u0131n s\u0131ra d\u0131\u015f\u0131 hikayesi\u2026Fal ile istihbarat toplayan Anna Krause\u2026Bir Rus \u0130stihbarat\u00e7\u0131s\u0131n\u0131n FB\u0130 taraf\u0131ndan yakalanma hikayesi\u2026M\u0130T&#8217;in Mercedes Operasyonu\u2026Osmanl\u0131&#8217;n\u0131n derin istihbarat\u00e7\u0131s\u0131 Yakup Cemil\u2026Pasta keser gibi \u00fclke b\u00f6len kad\u0131n Gertrude Margaret\u2026N\u00fckleer sava\u015f\u0131 engelleyen Oleg Penkovsky\u2026Kendi casusluk \u201cnetwork\u201dunu olu\u015fturan Wilfred Dunderdale\u2026Oyuncak ay\u0131ya telsiz saklayan ajan Ruth Werner\u2026Ve ilgin\u00e7 bir\u00e7ok istihbarat hik\u00e2yesi\u2026<\/p>\n","protected":false},"excerpt":{"rendered":"<p>Muhaberat\u2019tan ka\u00e7arken Suriye&#8217;de petrol bulan M\u0130T elemanlar\u0131\u2026Bahoz Erdal Operasyonu\u2026Mebruke Han\u0131m: Te\u015fkilat-\u0131 Mahsusa\u2019n\u0131n kad\u0131n ajan\u0131\u2026Osmanl\u0131\u2019n\u0131n kahraman ajan\u0131 Zenci Musa\u2026Netflix&#8217;e konu olan MOSSAD ajan\u0131 Eli Cohen\u2026MOSSAD&#8217;\u0131 alt eden<span class=\"excerpt-hellip\"> [\u2026]<\/span><\/p>\n","protected":false},"featured_media":0,"template":"","meta":{"_monsterinsights_skip_tracking":false,"_monsterinsights_sitenote_active":false,"_monsterinsights_sitenote_note":"","_monsterinsights_sitenote_category":0},"product_brand":[],"product_cat":[13059,12337],"product_tag":[],"class_list":{"0":"post-777145","1":"product","2":"type-product","3":"status-publish","5":"product_cat-diger-politika-siyaset","6":"product_cat-politika-siyaset","7":"pa_cilt-ciltsiz","8":"pa_tur-kitap","9":"pa_yayinevi-cinaralti-yayinlari","10":"pa_yazar-ahmet-enes-saricicek","12":"first","13":"instock","14":"sale","15":"shipping-taxable","16":"purchasable","17":"product-type-simple"},"_links":{"self":[{"href":"https:\/\/roveyayinevi.com.tr\/index.php\/wp-json\/wp\/v2\/product\/777145","targetHints":{"allow":["GET"]}}],"collection":[{"href":"https:\/\/roveyayinevi.com.tr\/index.php\/wp-json\/wp\/v2\/product"}],"about":[{"href":"https:\/\/roveyayinevi.com.tr\/index.php\/wp-json\/wp\/v2\/types\/product"}],"wp:attachment":[{"href":"https:\/\/roveyayinevi.com.tr\/index.php\/wp-json\/wp\/v2\/media?parent=777145"}],"wp:term":[{"taxonomy":"product_brand","embeddable":true,"href":"https:\/\/roveyayinevi.com.tr\/index.php\/wp-json\/wp\/v2\/product_brand?post=777145"},{"taxonomy":"product_cat","embeddable":true,"href":"https:\/\/roveyayinevi.com.tr\/index.php\/wp-json\/wp\/v2\/product_cat?post=777145"},{"taxonomy":"product_tag","embeddable":true,"href":"https:\/\/roveyayinevi.com.tr\/index.php\/wp-json\/wp\/v2\/product_tag?post=777145"}],"curies":[{"name":"wp","href":"https:\/\/api.w.org\/{rel}","templated":true}]}}