{"id":777144,"date":"2025-10-11T05:28:34","date_gmt":"2025-10-11T02:28:34","guid":{"rendered":"https:\/\/roveyayinevi.com.tr\/index.php\/urun\/elveda-rumeli\/"},"modified":"2025-10-13T05:21:40","modified_gmt":"2025-10-13T02:21:40","slug":"elveda-rumeli","status":"publish","type":"product","link":"https:\/\/roveyayinevi.com.tr\/index.php\/urun\/elveda-rumeli\/","title":{"rendered":"Elveda Rumeli"},"content":{"rendered":"<p>Balkan Sava\u015flar\u0131\u2019n\u0131n 100. y\u0131l\u0131 i\u00e7erisindeyiz\u2026 \u0130yi bir Elveda Rumeli roman\u0131ndan s\u00f6z etmeli\u2026 \u0130stanbul\u2019da medrese e\u011fitimi ald\u0131ktan sonra memleketine d\u00f6nen Hasan, bir s\u00fcre sonra bir \u00f6mre s\u0131\u011fmayacak \u015feye \u015fahit olur&#8230; Balkan Sava\u015flar\u0131, esir kamplar\u0131, I. D\u00fcnya Sava\u015f\u0131, salg\u0131n hastal\u0131klar, g\u00f6\u00e7 yollar\u0131, \u00f6l\u00fcmler ve bunlar aras\u0131nda ya\u015fanmaya \u00e7al\u0131\u015f\u0131lan, yeniden kurulmaya \u00e7al\u0131\u015f\u0131lan hayatlar. Ger\u00e7eklerden hareket eden, iyi yaz\u0131lm\u0131\u015f bir roman. \u00c7a\u011flayan \u00c7evik \u2013 H\u00fcrriyet  Elveda Rumeli roman\u0131 93 Harbi sonras\u0131,  Balkan Harbi ve 1. D\u00fcnya Sava\u015f\u0131 y\u0131llar\u0131nda Bulgaristan\u2019daki iki b\u00fcy\u00fck \u00e7ift\u00e7i ailesinin ya\u015fam\u0131n\u0131 konu al\u0131r\u2026 Yazar Ramis \u00c7\u0131nar, roman\u0131nda tarihin geni\u015f bir sayfas\u0131na a\u00e7\u0131kl\u0131k getirir. Silistre\u2019nin \u00c7eyrek\u00e7i K\u00f6y\u00fc\u2019nde ya\u015fananlar\u0131 anlatarak Osmanl\u0131\u2019n\u0131n \u00e7\u00f6z\u00fcl\u00fc\u015f\u00fcn\u00fc ba\u015far\u0131yla yans\u0131t\u0131r. Yal\u0131n, ak\u0131c\u0131 bir dili vard\u0131r. Sava\u015f, ayr\u0131l\u0131k ve g\u00f6\u00e7 romanlar\u0131na bir yenisini katarak yaz\u0131n\u0131m\u0131za katk\u0131da bulundu\u011fu bir ger\u00e7ektir. Hasan Akarsu &#8211; Ele\u015ftirmen Elveda Rumeli roman\u0131 beni o \u00f6yle sard\u0131 ki anlatamam. Rumeli\u2019nin tatl\u0131 g\u00fcnlerini, insanlar\u0131n ya\u015fad\u0131klar\u0131 s\u0131k\u0131nt\u0131lar\u0131, yaln\u0131z, elsiz kolsuz, \u00e7aresiz kalmalar\u0131n\u0131, g\u00fc\u00e7 ko\u015fullara diren\u00e7lerini ve gelenekleri, Ramis \u00c7\u0131nar \u00e7ok g\u00fczel bir dille, \u00f6yle s\u00fcr\u00fckleyici anlatm\u0131\u015f ki hayran kald\u0131m. Elveda Rumeli bug\u00fcne dek okudu\u011fum en g\u00fczel \u00f6yk\u00fclerden biri. Balkanlar\u0131 anlamak i\u00e7in bu kitap \u00e7ok ki\u015fice okunmal\u0131. Prof. Dr. \u00d6vg\u00fcn Ahmet Ercan &#8211; \u0130T\u00dc <\/p>\n","protected":false},"excerpt":{"rendered":"<p>Balkan Sava\u015flar\u0131\u2019n\u0131n 100. y\u0131l\u0131 i\u00e7erisindeyiz\u2026 \u0130yi bir Elveda Rumeli roman\u0131ndan s\u00f6z etmeli\u2026 \u0130stanbul\u2019da medrese e\u011fitimi ald\u0131ktan sonra memleketine d\u00f6nen Hasan, bir s\u00fcre sonra bir \u00f6mre s\u0131\u011fmayacak<span class=\"excerpt-hellip\"> [\u2026]<\/span><\/p>\n","protected":false},"featured_media":0,"template":"","meta":{"_monsterinsights_skip_tracking":false,"_monsterinsights_sitenote_active":false,"_monsterinsights_sitenote_note":"","_monsterinsights_sitenote_category":0},"product_brand":[],"product_cat":[12291,12711],"product_tag":[],"class_list":{"0":"post-777144","1":"product","2":"type-product","3":"status-publish","5":"product_cat-edebiyat","6":"product_cat-roman-oyku","7":"pa_cilt-ciltsiz","8":"pa_tur-kitap","9":"pa_yayinevi-cinaralti-yayinlari","10":"pa_yazar-ramis-cinar","12":"first","13":"instock","14":"sale","15":"shipping-taxable","16":"purchasable","17":"product-type-simple"},"_links":{"self":[{"href":"https:\/\/roveyayinevi.com.tr\/index.php\/wp-json\/wp\/v2\/product\/777144","targetHints":{"allow":["GET"]}}],"collection":[{"href":"https:\/\/roveyayinevi.com.tr\/index.php\/wp-json\/wp\/v2\/product"}],"about":[{"href":"https:\/\/roveyayinevi.com.tr\/index.php\/wp-json\/wp\/v2\/types\/product"}],"wp:attachment":[{"href":"https:\/\/roveyayinevi.com.tr\/index.php\/wp-json\/wp\/v2\/media?parent=777144"}],"wp:term":[{"taxonomy":"product_brand","embeddable":true,"href":"https:\/\/roveyayinevi.com.tr\/index.php\/wp-json\/wp\/v2\/product_brand?post=777144"},{"taxonomy":"product_cat","embeddable":true,"href":"https:\/\/roveyayinevi.com.tr\/index.php\/wp-json\/wp\/v2\/product_cat?post=777144"},{"taxonomy":"product_tag","embeddable":true,"href":"https:\/\/roveyayinevi.com.tr\/index.php\/wp-json\/wp\/v2\/product_tag?post=777144"}],"curies":[{"name":"wp","href":"https:\/\/api.w.org\/{rel}","templated":true}]}}