{"id":777140,"date":"2025-10-11T03:47:30","date_gmt":"2025-10-11T00:47:30","guid":{"rendered":"https:\/\/roveyayinevi.com.tr\/index.php\/urun\/tehlikeli-insanlarin-beden-dili\/"},"modified":"2026-04-16T02:14:27","modified_gmt":"2026-04-15T23:14:27","slug":"tehlikeli-insanlarin-beden-dili","status":"publish","type":"product","link":"https:\/\/roveyayinevi.com.tr\/index.php\/urun\/tehlikeli-insanlarin-beden-dili\/","title":{"rendered":"Tehlikeli \u0130nsanlar\u0131n Beden Dili"},"content":{"rendered":"<p>Bug\u00fcnlerde her g\u00fcn yeni bir trajediyle uyan\u0131yoruz. S\u0131radan halka kar\u015f\u0131 s\u0131radan insanlar taraf\u0131ndan k\u00fc\u00e7\u00fck k\u00fc\u00e7\u00fck bir s\u00fcr\u00fc k\u00f6t\u00fcl\u00fck yap\u0131l\u0131yor. \u0130\u015f yerlerinde, ailelerde, kom\u015fularda, lokantalarda, kafelerde tehlikeli insanlar var. Bunlar manip\u00fclatif davran\u0131\u015flarla zehirlerini ak\u0131t\u0131yorlar. Emekli FBI ajan\u0131 Joe Navarro en yayg\u0131n 4 tehlikeli insan tipini tan\u0131man\u0131n yollar\u0131n\u0131 \u00f6\u011fretiyor: Narsist, Y\u0131rt\u0131c\u0131, Paranoid ve Duygusal Olarak Dengesizler.  Kendinizi ve ailenizi bu t\u00fcr insanlardan korumak ve kurban olmamak i\u00e7in i\u00e7in bilmek, \u00f6\u011frenmek zorundas\u0131n\u0131z.    \u201cTemel bir hayatta kalma rehberi.\u201d\u2014Mike Rocha, ABD Gizli Servisi   \u201cHer kad\u0131n bunu okumal\u0131.&#8221;\u2014Dr. Wendy Walsh   \u201c\u015eiddet riskini bertaraf etmek i\u00e7in pek \u00e7ok alet ve kitap bulunmakta, ama \u00e7ok az\u0131 elinizdeki kitap gibi g\u00fcnl\u00fck hayatta i\u015fe yar\u0131yor.\u201d \u2014Michel St-Yves   \u201cG\u00fcven, doland\u0131rma ve aldatmaca d\u00f6ng\u00fcs\u00fcn\u00fcn tuzaklar\u0131na d\u00fc\u015fmemek i\u00e7in, kurbanlar\u0131n\u0131n kan\u0131n\u0131 s\u00f6m\u00fcren so\u011fukkanl\u0131 duygu s\u00f6m\u00fcr\u00fcc\u00fcler ortaya \u00e7\u0131k\u0131nca \u00e7anlar\u0131n \u00e7almas\u0131 i\u00e7in herkes bu kitab\u0131 okumal\u0131.&#8221; \u2014Werner U. Spitz   \u201cNavarro pek \u00e7ok hayat\u0131 duygusal ya da mali a\u00e7\u0131dan enkaza \u00e7eviren zehir dolu insanlara kar\u015f\u0131 g\u00f6z\u00fcn\u00fcz\u00fc a\u00e7\u0131yor.&#8221; \u2014Laura Urquiza <\/p>\n","protected":false},"excerpt":{"rendered":"<p>Bug\u00fcnlerde her g\u00fcn yeni bir trajediyle uyan\u0131yoruz. S\u0131radan halka kar\u015f\u0131 s\u0131radan insanlar taraf\u0131ndan k\u00fc\u00e7\u00fck k\u00fc\u00e7\u00fck bir s\u00fcr\u00fc k\u00f6t\u00fcl\u00fck yap\u0131l\u0131yor. \u0130\u015f yerlerinde, ailelerde, kom\u015fularda, lokantalarda, kafelerde tehlikeli<span class=\"excerpt-hellip\"> [\u2026]<\/span><\/p>\n","protected":false},"featured_media":0,"template":"","meta":{"_monsterinsights_skip_tracking":false,"_monsterinsights_sitenote_active":false,"_monsterinsights_sitenote_note":"","_monsterinsights_sitenote_category":0},"product_brand":[],"product_cat":[12364,12376],"product_tag":[],"class_list":{"0":"post-777140","1":"product","2":"type-product","3":"status-publish","5":"product_cat-genel-konular","6":"product_cat-kisisel-gelisim","7":"pa_cilt-ciltsiz","8":"pa_tur-kitap","9":"pa_yayinevi-alfa-yayinlari","10":"pa_yazar-joe-navarro","12":"first","13":"instock","14":"sale","15":"shipping-taxable","16":"purchasable","17":"product-type-simple"},"_links":{"self":[{"href":"https:\/\/roveyayinevi.com.tr\/index.php\/wp-json\/wp\/v2\/product\/777140","targetHints":{"allow":["GET"]}}],"collection":[{"href":"https:\/\/roveyayinevi.com.tr\/index.php\/wp-json\/wp\/v2\/product"}],"about":[{"href":"https:\/\/roveyayinevi.com.tr\/index.php\/wp-json\/wp\/v2\/types\/product"}],"wp:attachment":[{"href":"https:\/\/roveyayinevi.com.tr\/index.php\/wp-json\/wp\/v2\/media?parent=777140"}],"wp:term":[{"taxonomy":"product_brand","embeddable":true,"href":"https:\/\/roveyayinevi.com.tr\/index.php\/wp-json\/wp\/v2\/product_brand?post=777140"},{"taxonomy":"product_cat","embeddable":true,"href":"https:\/\/roveyayinevi.com.tr\/index.php\/wp-json\/wp\/v2\/product_cat?post=777140"},{"taxonomy":"product_tag","embeddable":true,"href":"https:\/\/roveyayinevi.com.tr\/index.php\/wp-json\/wp\/v2\/product_tag?post=777140"}],"curies":[{"name":"wp","href":"https:\/\/api.w.org\/{rel}","templated":true}]}}