{"id":777139,"date":"2025-10-11T03:36:41","date_gmt":"2025-10-11T00:36:41","guid":{"rendered":"https:\/\/roveyayinevi.com.tr\/index.php\/urun\/hilal-gorununce\/"},"modified":"2026-04-16T02:13:08","modified_gmt":"2026-04-15T23:13:08","slug":"hilal-gorununce","status":"publish","type":"product","link":"https:\/\/roveyayinevi.com.tr\/index.php\/urun\/hilal-gorununce\/","title":{"rendered":"Hilal G\u00f6r\u00fcn\u00fcnce"},"content":{"rendered":"<p>Hilal G\u00f6r\u00fcn\u00fcnce, T\u00fcrk edebiyat\u0131nda hak etti\u011fi kadar yer bulamam\u0131\u015f bir co\u011frafyay\u0131, K\u0131r\u0131m\u2019\u0131 anlat\u0131yor. Tatarlarla Osmanl\u0131 ili\u015fkilerine de yer veren roman, 1853-1856 K\u0131r\u0131m Sava\u015f\u0131\u2019n\u0131n \u00f6ncesi ve sonras\u0131n\u0131 kapsayacak \u015fekilde ilerler. O y\u0131llar\u0131 birTatar ailesinin g\u00f6z\u00fcyle canland\u0131ran eser, K\u0131r\u0131m\u2019a has, renkli \u00f6rf ve \u00e2detlerle zenginle\u015fmi\u015f, destans\u0131 bir nitelik kazanm\u0131\u015ft\u0131r. \u201c\u015eafak s\u00f6kerken Salg\u0131r Nehri k\u0131y\u0131lar\u0131na varm\u0131\u015ft\u0131. \u00c7at\u0131r Da\u011f\u0131\u2019ndan do\u011fan su durgundu. Ya\u011fmur bekliyordu. Ad\u0131n\u0131 ald\u0131\u011f\u0131 bu  nehirden su i\u00e7ti. Durup dinlendi. Sonra eski g\u00fcnlerdeki  canl\u0131l\u0131\u011f\u0131n\u0131 yeniden bularak nehir boyunca y\u00fcr\u00fcd\u00fc, ko\u015ftu. Yaz g\u00fcne\u015fiyle kavrulmu\u015f bozk\u0131r\u0131n kokusunu almaya ba\u015flam\u0131\u015ft\u0131. Do\u011fdu\u011fu, bir tayken ko\u015ftu\u011fu bozk\u0131r\u0131n&#8230; Bazen ta\u015fl\u0131 kayal\u0131  yerlerde t\u00f6kezliyor, yine de y\u00fcr\u00fcyor, ko\u015fuyordu. Kuzeydeki d\u00fczl\u00fcklere var\u0131nca y\u00fcr\u00fcmeyi \u00f6\u011frendi\u011fi bu yerleri tan\u0131d\u0131. Ba\u015f\u0131n\u0131 g\u00f6\u011fe kald\u0131r\u0131p birka\u00e7 defa ki\u015fnedi. Sahibini \u00e7a\u011f\u0131rd\u0131.  Durup bekledi. Oradan ge\u00e7en k\u00f6yl\u00fcler bu sahipsizhayvan\u0131 g\u00f6rerek yan\u0131na yakla\u015ft\u0131lar. Salg\u0131r bu yabanc\u0131lara \u00fcrkek bakt\u0131. Sonra d\u00f6n\u00fcp d\u00f6rtnala oradan uzakla\u015ft\u0131&#8230;\u201d   <\/p>\n","protected":false},"excerpt":{"rendered":"<p>Hilal G\u00f6r\u00fcn\u00fcnce, T\u00fcrk edebiyat\u0131nda hak etti\u011fi kadar yer bulamam\u0131\u015f bir co\u011frafyay\u0131, K\u0131r\u0131m\u2019\u0131 anlat\u0131yor. Tatarlarla Osmanl\u0131 ili\u015fkilerine de yer veren roman, 1853-1856 K\u0131r\u0131m Sava\u015f\u0131\u2019n\u0131n \u00f6ncesi ve sonras\u0131n\u0131<span class=\"excerpt-hellip\"> [\u2026]<\/span><\/p>\n","protected":false},"featured_media":0,"template":"","meta":{"_monsterinsights_skip_tracking":false,"_monsterinsights_sitenote_active":false,"_monsterinsights_sitenote_note":"","_monsterinsights_sitenote_category":0},"product_brand":[],"product_cat":[12291,12711],"product_tag":[],"class_list":{"0":"post-777139","1":"product","2":"type-product","3":"status-publish","5":"product_cat-edebiyat","6":"product_cat-roman-oyku","7":"pa_cilt-ciltsiz","8":"pa_tur-kitap","9":"pa_yayinevi-kapi-yayinlari","10":"pa_yazar-sevinc-cokum","12":"first","13":"instock","14":"sale","15":"shipping-taxable","16":"purchasable","17":"product-type-simple"},"_links":{"self":[{"href":"https:\/\/roveyayinevi.com.tr\/index.php\/wp-json\/wp\/v2\/product\/777139","targetHints":{"allow":["GET"]}}],"collection":[{"href":"https:\/\/roveyayinevi.com.tr\/index.php\/wp-json\/wp\/v2\/product"}],"about":[{"href":"https:\/\/roveyayinevi.com.tr\/index.php\/wp-json\/wp\/v2\/types\/product"}],"wp:attachment":[{"href":"https:\/\/roveyayinevi.com.tr\/index.php\/wp-json\/wp\/v2\/media?parent=777139"}],"wp:term":[{"taxonomy":"product_brand","embeddable":true,"href":"https:\/\/roveyayinevi.com.tr\/index.php\/wp-json\/wp\/v2\/product_brand?post=777139"},{"taxonomy":"product_cat","embeddable":true,"href":"https:\/\/roveyayinevi.com.tr\/index.php\/wp-json\/wp\/v2\/product_cat?post=777139"},{"taxonomy":"product_tag","embeddable":true,"href":"https:\/\/roveyayinevi.com.tr\/index.php\/wp-json\/wp\/v2\/product_tag?post=777139"}],"curies":[{"name":"wp","href":"https:\/\/api.w.org\/{rel}","templated":true}]}}