{"id":777136,"date":"2025-10-11T02:57:51","date_gmt":"2025-10-10T23:57:51","guid":{"rendered":"https:\/\/roveyayinevi.com.tr\/index.php\/urun\/mihmandar\/"},"modified":"2026-04-16T02:07:50","modified_gmt":"2026-04-15T23:07:50","slug":"mihmandar","status":"publish","type":"product","link":"https:\/\/roveyayinevi.com.tr\/index.php\/urun\/mihmandar\/","title":{"rendered":"Mihmandar"},"content":{"rendered":"<p>\u201cPeygamber\u2019in mihmand\u00e2r\u0131! Bir arzun varsa yapay\u0131m. Bir vasiyetin varsa yerine getireyim!\u201d\u201cEy Em\u00eer! Sak\u0131n Allah\u2019\u0131n dinini bozma, m\u00fcminler aras\u0131na fitne girmesine m\u00fcsaade etme. Askere adalet ile muamele eyle ve d\u00fc\u015fman kar\u015f\u0131s\u0131nda can kaygusu \u00e7ekme. Bana gelince, senden ve senin ait oldu\u011fun \u015fu d\u00fcnyadan hi\u00e7bir \u015fey istemedi\u011fimi bil ve herkese b\u00f6ylece ilan et. \u015eurada can oynatan ceng\u00e2verlerden son arzum odur ki Azrail (a.s) bize u\u011frad\u0131ktan sonra na\u2019\u015f\u0131m\u0131 Konstantiniyye surlar\u0131na yak\u0131n g\u00f6t\u00fcrs\u00fcnler. O g\u00fcn sava\u015f hatt\u0131 nerede olu\u015fursa, bedenimi o noktaya kadar ta\u015f\u0131s\u0131nlar ve orada, sava\u015fan m\u00fccahitlerin aras\u0131nda beni defneylesinler. Ta ki atlar\u0131m\u0131z\u0131n ayaklar\u0131 bedenimi \u00e7i\u011fnemi\u015f olsun, Bizans dokunamas\u0131n. Ayr\u0131ca, e\u011fer yapabiliyorlarsa, cenazemi kendi at\u0131m\u0131n arkas\u0131nda bir sedyeye ba\u011flay\u0131p ta\u015f\u0131s\u0131nlar. T\u0131pk\u0131 Kutlu Nebi\u2019yi getiren Kusv\u00e2\u2019n\u0131n Medine\u2019de bizim hanemizi buldu\u011fu gibi o da benim i\u00e7in nereye gidece\u011fini ve nerede duraca\u011f\u0131n\u0131 bulacakt\u0131r.\u201d\u00c7\u00f6lde g\u00f6n\u00fcllere d\u00fc\u015fen tutku oldu, d\u00fcnyaya yay\u0131ld\u0131. Ey\u00fcp Sultan, o ate\u015fin hem mihmand\u00e2r\u0131 hem de kahraman\u0131yd\u0131. O Kahraman, Mekke, Medine ve \u015eam\u2019dan ge\u00e7ti ve \u0130stanbul \u00f6nlerinde durdu. \u0130stanbul\u2019un fetih m\u00fcjdesini nesillerin ve zaman\u0131n ruhuna i\u015fledi. \u0130skender Pala, bu g\u00f6n\u00fcl ku\u015fatmas\u0131n\u0131 dile d\u00f6kt\u00fc. Rum ate\u015fi ile a\u015fk ate\u015fini kar\u015f\u0131 kar\u015f\u0131ya getirdi. Kosntantiniyye\u2019yi \u0130stanbul\u2019a d\u00f6n\u00fc\u015ft\u00fcren m\u00fcjdenin haritalar\u0131n\u0131 \u00e7izdi. \u0130nan\u00e7 ve tarih, bir a\u015fk ve iman insan\u0131n\u0131n \u00f6yk\u00fcs\u00fcnde bug\u00fcn\u00fcn \u0131\u015f\u0131\u011f\u0131 oldu. Mihmandar!<\/p>\n","protected":false},"excerpt":{"rendered":"<p>\u201cPeygamber\u2019in mihmand\u00e2r\u0131! Bir arzun varsa yapay\u0131m. Bir vasiyetin varsa yerine getireyim!\u201d\u201cEy Em\u00eer! Sak\u0131n Allah\u2019\u0131n dinini bozma, m\u00fcminler aras\u0131na fitne girmesine m\u00fcsaade etme. Askere adalet ile muamele<span class=\"excerpt-hellip\"> [\u2026]<\/span><\/p>\n","protected":false},"featured_media":0,"template":"","meta":{"_monsterinsights_skip_tracking":false,"_monsterinsights_sitenote_active":false,"_monsterinsights_sitenote_note":"","_monsterinsights_sitenote_category":0},"product_brand":[],"product_cat":[12291,12745],"product_tag":[],"class_list":{"0":"post-777136","1":"product","2":"type-product","3":"status-publish","5":"product_cat-edebiyat","6":"product_cat-tarihi-roman","7":"pa_cilt-ciltsiz","8":"pa_tur-kitap","9":"pa_yayinevi-kapi-yayinlari","10":"pa_yazar-iskender-pala","12":"first","13":"instock","14":"sale","15":"shipping-taxable","16":"purchasable","17":"product-type-simple"},"_links":{"self":[{"href":"https:\/\/roveyayinevi.com.tr\/index.php\/wp-json\/wp\/v2\/product\/777136","targetHints":{"allow":["GET"]}}],"collection":[{"href":"https:\/\/roveyayinevi.com.tr\/index.php\/wp-json\/wp\/v2\/product"}],"about":[{"href":"https:\/\/roveyayinevi.com.tr\/index.php\/wp-json\/wp\/v2\/types\/product"}],"wp:attachment":[{"href":"https:\/\/roveyayinevi.com.tr\/index.php\/wp-json\/wp\/v2\/media?parent=777136"}],"wp:term":[{"taxonomy":"product_brand","embeddable":true,"href":"https:\/\/roveyayinevi.com.tr\/index.php\/wp-json\/wp\/v2\/product_brand?post=777136"},{"taxonomy":"product_cat","embeddable":true,"href":"https:\/\/roveyayinevi.com.tr\/index.php\/wp-json\/wp\/v2\/product_cat?post=777136"},{"taxonomy":"product_tag","embeddable":true,"href":"https:\/\/roveyayinevi.com.tr\/index.php\/wp-json\/wp\/v2\/product_tag?post=777136"}],"curies":[{"name":"wp","href":"https:\/\/api.w.org\/{rel}","templated":true}]}}