{"id":777131,"date":"2025-10-11T02:44:20","date_gmt":"2025-10-10T23:44:20","guid":{"rendered":"https:\/\/roveyayinevi.com.tr\/index.php\/urun\/eskici-ve-ogullari\/"},"modified":"2026-03-18T02:09:48","modified_gmt":"2026-03-17T23:09:48","slug":"eskici-ve-ogullari","status":"publish","type":"product","link":"https:\/\/roveyayinevi.com.tr\/index.php\/urun\/eskici-ve-ogullari\/","title":{"rendered":"Eskici ve O\u011fullar\u0131"},"content":{"rendered":"<p>T\u00fcrk edebiyat\u0131n\u0131n b\u00fcy\u00fck ustas\u0131 Orhan Kemal, en yetkin kitaplar\u0131ndan biri olan Eskici ve O\u011fullar\u0131\u2019nda ekonomik ko\u015fullar\u0131n nas\u0131l da aile ba\u011flar\u0131n\u0131 zorlad\u0131\u011f\u0131n\u0131 ele al\u0131yor. Edebiyat\u0131m\u0131zda her zaman eme\u011fin, umudun, ayd\u0131nl\u0131\u011f\u0131n yan\u0131nda tav\u0131r alm\u0131\u015f olan Orhan Kemal, insan eliyle kurulan \u00e7arp\u0131k d\u00fczenin nas\u0131l da insan\u0131n kendini yozla\u015ft\u0131rd\u0131\u011f\u0131n\u0131 en iyi dile getiren yazarlar\u0131m\u0131zdan biri. Eskici ve O\u011fullan, ekonomik zorluklar nedeniyle \u00e7\u00f6z\u00fclmenin e\u015fi\u011fine gelmi\u015f aile ili\u015fkilerini t\u00fcm canl\u0131l\u0131\u011f\u0131yla g\u00f6zler \u00f6n\u00fcne seriyor. Orhan Kemal&#8217;in kitaplar\u0131 bir okurun hayatta rastlayabilece\u011fi o \u00e7ok nadir hazineler aras\u0131nda yer al\u0131r. \u00c7ok az yazar okurunun d\u00fcnyas\u0131nda onun kadar iz b\u0131rak\u0131r, okurunu onun kadar bi\u00e7imlendirir. Orhan Kemal umudu ve iyimserli\u011fi yeniden kazanmam\u0131z i\u00e7in yol g\u00f6sterir bize. Edebiyat\u0131m\u0131z\u0131n en de\u011ferli ustalar\u0131ndan biri olan Orhan Kemal&#8217;in kitaplar\u0131n\u0131 yay\u0131mlamaktan onur duyuyoruz. <\/p>\n","protected":false},"excerpt":{"rendered":"<p>T\u00fcrk edebiyat\u0131n\u0131n b\u00fcy\u00fck ustas\u0131 Orhan Kemal, en yetkin kitaplar\u0131ndan biri olan Eskici ve O\u011fullar\u0131\u2019nda ekonomik ko\u015fullar\u0131n nas\u0131l da aile ba\u011flar\u0131n\u0131 zorlad\u0131\u011f\u0131n\u0131 ele al\u0131yor. Edebiyat\u0131m\u0131zda her zaman<span class=\"excerpt-hellip\"> [\u2026]<\/span><\/p>\n","protected":false},"featured_media":0,"template":"","meta":{"_monsterinsights_skip_tracking":false,"_monsterinsights_sitenote_active":false,"_monsterinsights_sitenote_note":"","_monsterinsights_sitenote_category":0},"product_brand":[],"product_cat":[12291,12711],"product_tag":[],"class_list":{"0":"post-777131","1":"product","2":"type-product","3":"status-publish","5":"product_cat-edebiyat","6":"product_cat-roman-oyku","7":"pa_cilt-ciltsiz","8":"pa_tur-kitap","9":"pa_yayinevi-everest-yayinlari","10":"pa_yazar-orhan-kemal","12":"first","13":"instock","14":"sale","15":"shipping-taxable","16":"purchasable","17":"product-type-simple"},"_links":{"self":[{"href":"https:\/\/roveyayinevi.com.tr\/index.php\/wp-json\/wp\/v2\/product\/777131","targetHints":{"allow":["GET"]}}],"collection":[{"href":"https:\/\/roveyayinevi.com.tr\/index.php\/wp-json\/wp\/v2\/product"}],"about":[{"href":"https:\/\/roveyayinevi.com.tr\/index.php\/wp-json\/wp\/v2\/types\/product"}],"wp:attachment":[{"href":"https:\/\/roveyayinevi.com.tr\/index.php\/wp-json\/wp\/v2\/media?parent=777131"}],"wp:term":[{"taxonomy":"product_brand","embeddable":true,"href":"https:\/\/roveyayinevi.com.tr\/index.php\/wp-json\/wp\/v2\/product_brand?post=777131"},{"taxonomy":"product_cat","embeddable":true,"href":"https:\/\/roveyayinevi.com.tr\/index.php\/wp-json\/wp\/v2\/product_cat?post=777131"},{"taxonomy":"product_tag","embeddable":true,"href":"https:\/\/roveyayinevi.com.tr\/index.php\/wp-json\/wp\/v2\/product_tag?post=777131"}],"curies":[{"name":"wp","href":"https:\/\/api.w.org\/{rel}","templated":true}]}}