{"id":777130,"date":"2025-10-11T02:44:09","date_gmt":"2025-10-10T23:44:09","guid":{"rendered":"https:\/\/roveyayinevi.com.tr\/index.php\/urun\/kopru-4\/"},"modified":"2026-03-01T02:10:59","modified_gmt":"2026-02-28T23:10:59","slug":"kopru-4","status":"publish","type":"product","link":"https:\/\/roveyayinevi.com.tr\/index.php\/urun\/kopru-4\/","title":{"rendered":"K\u00f6pr\u00fc"},"content":{"rendered":"<p>Elmas da sarg\u0131l\u0131 kollar\u0131n\u0131 bebe\u011fe uzatm\u0131\u015ft\u0131. Can\u0131n\u0131 yakmaktan korkarak usulca b\u0131rakm\u0131\u015ft\u0131 Bayram, o\u011flunu Elmas\u2019\u0131n kuca\u011f\u0131na. \u015eimdi burun burunayd\u0131lar Elmas\u2019la \u00d6ks\u00fcz. Bir di\u015fi hayvanla yavrusu gibi kokla\u015f\u0131yor, burunlar\u0131n\u0131 birbirine s\u00fcr\u00fct\u00fcyor, birbirlerinin boynuna g\u00f6m\u00fcl\u00fcyor ve tuhaf m\u0131r\u0131lt\u0131lar \u00e7\u0131kart\u0131yorlard\u0131. Bebenin k\u00fc\u00e7\u00fck elleri, Elmas\u2019\u0131n sa\u00e7lar\u0131nda, Elmas\u2019\u0131n dudaklar\u0131 bebenin y\u00fcz\u00fcnde dola\u015f\u0131yordu. Elmas, ne di\u011fer hastalar\u0131 ziyaret edenlerden ne de Bayram\u2019dan hi\u00e7 utanmadan, hi\u00e7 gocunmadan, memesini \u00e7\u0131kar\u0131p bebenin a\u011fz\u0131na vermi\u015fti. Bebek mutlu bir kedi yavrusu gibi guruldayarak \u015fap\u0131r \u015fupur emiyordu s\u00fct ak\u0131tmayan, kuru memeyi. Kad\u0131nla \u00e7ocuk birbirleriyle i\u00e7 i\u00e7e ge\u00e7mi\u015f, tek v\u00fccut olmu\u015f gibiydiler.K\u00f6pr\u00fc\u2026 Ola\u011fan\u00fcst\u00fc bir b\u00fcrokrat\u0131n, otuz y\u0131l bekledikten sonra kavu\u015fulan bir k\u00f6pr\u00fcn\u00fcn ve do\u011funun t\u00f6reye teslim olmu\u015f insanlar\u0131n \u00f6yk\u00fcs\u00fc.  Ay\u015fe Kulin\u2019in kaleminden<\/p>\n","protected":false},"excerpt":{"rendered":"<p>Elmas da sarg\u0131l\u0131 kollar\u0131n\u0131 bebe\u011fe uzatm\u0131\u015ft\u0131. Can\u0131n\u0131 yakmaktan korkarak usulca b\u0131rakm\u0131\u015ft\u0131 Bayram, o\u011flunu Elmas\u2019\u0131n kuca\u011f\u0131na. \u015eimdi burun burunayd\u0131lar Elmas\u2019la \u00d6ks\u00fcz. Bir di\u015fi hayvanla yavrusu gibi kokla\u015f\u0131yor,<span class=\"excerpt-hellip\"> [\u2026]<\/span><\/p>\n","protected":false},"featured_media":0,"template":"","meta":{"_monsterinsights_skip_tracking":false,"_monsterinsights_sitenote_active":false,"_monsterinsights_sitenote_note":"","_monsterinsights_sitenote_category":0},"product_brand":[],"product_cat":[12291,12711],"product_tag":[],"class_list":{"0":"post-777130","1":"product","2":"type-product","3":"status-publish","5":"product_cat-edebiyat","6":"product_cat-roman-oyku","7":"pa_cilt-ciltsiz","8":"pa_tur-kitap","9":"pa_yayinevi-everest-yayinlari","10":"pa_yazar-ayse-kulin","12":"first","13":"instock","14":"sale","15":"shipping-taxable","16":"purchasable","17":"product-type-simple"},"_links":{"self":[{"href":"https:\/\/roveyayinevi.com.tr\/index.php\/wp-json\/wp\/v2\/product\/777130","targetHints":{"allow":["GET"]}}],"collection":[{"href":"https:\/\/roveyayinevi.com.tr\/index.php\/wp-json\/wp\/v2\/product"}],"about":[{"href":"https:\/\/roveyayinevi.com.tr\/index.php\/wp-json\/wp\/v2\/types\/product"}],"wp:attachment":[{"href":"https:\/\/roveyayinevi.com.tr\/index.php\/wp-json\/wp\/v2\/media?parent=777130"}],"wp:term":[{"taxonomy":"product_brand","embeddable":true,"href":"https:\/\/roveyayinevi.com.tr\/index.php\/wp-json\/wp\/v2\/product_brand?post=777130"},{"taxonomy":"product_cat","embeddable":true,"href":"https:\/\/roveyayinevi.com.tr\/index.php\/wp-json\/wp\/v2\/product_cat?post=777130"},{"taxonomy":"product_tag","embeddable":true,"href":"https:\/\/roveyayinevi.com.tr\/index.php\/wp-json\/wp\/v2\/product_tag?post=777130"}],"curies":[{"name":"wp","href":"https:\/\/api.w.org\/{rel}","templated":true}]}}