{"id":777129,"date":"2025-10-11T02:43:52","date_gmt":"2025-10-10T23:43:52","guid":{"rendered":"https:\/\/roveyayinevi.com.tr\/index.php\/urun\/agir-roman\/"},"modified":"2025-10-30T09:41:08","modified_gmt":"2025-10-30T06:41:08","slug":"agir-roman","status":"publish","type":"product","link":"https:\/\/roveyayinevi.com.tr\/index.php\/urun\/agir-roman\/","title":{"rendered":"A\u011f\u0131r Roman"},"content":{"rendered":"<p>Metin Ka\u00e7an\u2019\u0131n A\u011f\u0131r Roman\u2019\u0131 1990 y\u0131l\u0131nda yay\u0131nland\u0131. O g\u00fcnden bug\u00fcne d\u00fcnya de\u011fi\u015fti, \u00fclkeler ve \u015fehirler de\u011fi\u015fti fakat T\u00fcrk\u00e7enin en \u00f6zel argo bah\u00e7esi halen Kolera Soka\u011f\u0131\u2019nda!  A\u011f\u0131r Roman \u00f6l\u00fcm\u00fcn, cinayetlerin, uyu\u015fturucunun, t\u00fcrl\u00fc bitirim numalar\u0131n ve raconun kol gezdi\u011fi, k\u00f6t\u00fcl\u00fc\u011f\u00fcn bir salg\u0131n hastal\u0131km\u0131\u015f\u00e7as\u0131na h\u0131zla yay\u0131ld\u0131\u011f\u0131 bir yeralt\u0131 soka\u011f\u0131n\u0131n ve insanlar\u0131n\u0131n hik\u00e2yesi. G\u0131li G\u0131li Salih, Berber Ali, Reco, Tina, Arap Sado, Puma Zehra, Gaftici Fethi, Madam Eleni, Fil Hamit, Tilki Orhan, Bal\u0131k Ayhan, Adam Mickiewicz heykeli ve niceleriyle\u2026  Yay\u0131nland\u0131\u011f\u0131nda b\u00fcy\u00fck ses getiren A\u011f\u0131r Roman, ayn\u0131 adla filme uyarland\u0131, \u00e7e\u015fitli tiyatro topluluklar\u0131 taraf\u0131ndan sahnelendi, Almanca ve Frans\u0131zcaya \u00e7evrildi ve t\u00fcm zamanlar\u0131n anlat\u0131s\u0131 olarak k\u00fclt bir esere d\u00f6n\u00fc\u015ft\u00fc. G\u00fcn\u00fcm\u00fcz argosunun bir\u00e7ok s\u00f6zc\u00fck ve deyimini ilk kez yaz\u0131ya ge\u00e7iren Metin Ka\u00e7an\u2019\u0131 yaln\u0131zca edebiyat a\u00e7\u0131s\u0131ndan de\u011fil, s\u00f6zl\u00fck\u00e7\u00fcl\u00fck a\u00e7\u0131s\u0131ndan da kutlamak isterim.\u201cHulki Aktun\u00e7 \u201cMetin Ka\u00e7an, \u00fclkemizde her t\u00fcrl\u00fc kar\u015f\u0131tl\u0131\u011f\u0131n en yo\u011fun bi\u00e7imde ya\u015fand\u0131\u011f\u0131 \u0130stanbul kentine \u00f6zg\u00fc zenginlikte bir toplumsal mozai\u011fi yans\u0131t\u0131yor&#8230; Bu al\u0131\u015f\u0131lmam\u0131\u015f roman\u0131n en \u00e7arp\u0131c\u0131 y\u00f6n\u00fc, ku\u015fkusuz dili.\u201dY\u0131ld\u0131z Ecevit<\/p>\n","protected":false},"excerpt":{"rendered":"<p>Metin Ka\u00e7an\u2019\u0131n A\u011f\u0131r Roman\u2019\u0131 1990 y\u0131l\u0131nda yay\u0131nland\u0131. O g\u00fcnden bug\u00fcne d\u00fcnya de\u011fi\u015fti, \u00fclkeler ve \u015fehirler de\u011fi\u015fti fakat T\u00fcrk\u00e7enin en \u00f6zel argo bah\u00e7esi halen Kolera Soka\u011f\u0131\u2019nda! A\u011f\u0131r<span class=\"excerpt-hellip\"> [\u2026]<\/span><\/p>\n","protected":false},"featured_media":0,"template":"","meta":{"_monsterinsights_skip_tracking":false,"_monsterinsights_sitenote_active":false,"_monsterinsights_sitenote_note":"","_monsterinsights_sitenote_category":0},"product_brand":[],"product_cat":[12291,12292],"product_tag":[],"class_list":{"0":"post-777129","1":"product","2":"type-product","3":"status-publish","5":"product_cat-edebiyat","6":"product_cat-turk-edebiyati","7":"pa_cilt-ciltsiz","8":"pa_tur-kitap","9":"pa_yayinevi-everest-yayinlari","10":"pa_yazar-metin-kacan","12":"first","13":"instock","14":"sale","15":"shipping-taxable","16":"purchasable","17":"product-type-simple"},"_links":{"self":[{"href":"https:\/\/roveyayinevi.com.tr\/index.php\/wp-json\/wp\/v2\/product\/777129","targetHints":{"allow":["GET"]}}],"collection":[{"href":"https:\/\/roveyayinevi.com.tr\/index.php\/wp-json\/wp\/v2\/product"}],"about":[{"href":"https:\/\/roveyayinevi.com.tr\/index.php\/wp-json\/wp\/v2\/types\/product"}],"wp:attachment":[{"href":"https:\/\/roveyayinevi.com.tr\/index.php\/wp-json\/wp\/v2\/media?parent=777129"}],"wp:term":[{"taxonomy":"product_brand","embeddable":true,"href":"https:\/\/roveyayinevi.com.tr\/index.php\/wp-json\/wp\/v2\/product_brand?post=777129"},{"taxonomy":"product_cat","embeddable":true,"href":"https:\/\/roveyayinevi.com.tr\/index.php\/wp-json\/wp\/v2\/product_cat?post=777129"},{"taxonomy":"product_tag","embeddable":true,"href":"https:\/\/roveyayinevi.com.tr\/index.php\/wp-json\/wp\/v2\/product_tag?post=777129"}],"curies":[{"name":"wp","href":"https:\/\/api.w.org\/{rel}","templated":true}]}}