{"id":777123,"date":"2025-10-10T11:58:30","date_gmt":"2025-10-10T08:58:30","guid":{"rendered":"https:\/\/roveyayinevi.com.tr\/index.php\/urun\/malakan-kars-moskova-hatti\/"},"modified":"2026-04-15T03:43:13","modified_gmt":"2026-04-15T00:43:13","slug":"malakan-kars-moskova-hatti","status":"publish","type":"product","link":"https:\/\/roveyayinevi.com.tr\/index.php\/urun\/malakan-kars-moskova-hatti\/","title":{"rendered":"Malakan Kars-Moskova Hatt\u0131"},"content":{"rendered":"<p>\u201c\u2026 Silah sesini duyup d\u0131\u015far\u0131 \u00e7\u0131kan Azerbaycanl\u0131 apartman sakininin kap\u0131s\u0131 a\u00e7\u0131k kalm\u0131\u015ft\u0131. O s\u0131rada Bak\u00fc Radyosunda \u00e7alan t\u00fcrk\u00fcn\u00fcn s\u00f6zleri \u015f\u00f6yleydi:   Sa\u00e7\u0131n ucun \u00f6rmezler   G\u00fcl solunca dermezler,   Seni mene vermezler,   Nenen \u00f6ls\u00fcn sar\u0131 gelin\u2026\u201d     Ortodokslu\u011fun ve Rus \u00c7ar\u0131 II. Nicholas\u2019\u0131n ac\u0131mas\u0131z kurallar\u0131na kar\u015f\u0131 direnen ve sava\u015f kar\u015f\u0131t\u0131 olan Molokanlar, 1877-1878 y\u0131llar\u0131nda Kars\u2019\u0131n su k\u0131y\u0131s\u0131ndaki bir k\u00f6y\u00fcne s\u00fcr\u00fcl\u00fcrler. De\u011firmencinin k\u0131z\u0131 Nadya ile Can\u2019\u0131n ilkokul arkada\u015fl\u0131\u011f\u0131n\u0131n tutkulu bir a\u015fka d\u00f6n\u00fc\u015f\u00fc ile ba\u015flayan hik\u00e2ye; Can\u2019\u0131n Nadya\u2019n\u0131n pe\u015finden gitti\u011fi Kars-Moskova hatt\u0131yla d\u00f6nemin siyasi olaylar\u0131 i\u00e7erisinde hi\u00e7 beklenmedik bir hal al\u0131r. <\/p>\n","protected":false},"excerpt":{"rendered":"<p>\u201c\u2026 Silah sesini duyup d\u0131\u015far\u0131 \u00e7\u0131kan Azerbaycanl\u0131 apartman sakininin kap\u0131s\u0131 a\u00e7\u0131k kalm\u0131\u015ft\u0131. O s\u0131rada Bak\u00fc Radyosunda \u00e7alan t\u00fcrk\u00fcn\u00fcn s\u00f6zleri \u015f\u00f6yleydi: Sa\u00e7\u0131n ucun \u00f6rmezler G\u00fcl solunca dermezler,<span class=\"excerpt-hellip\"> [\u2026]<\/span><\/p>\n","protected":false},"featured_media":0,"template":"","meta":{"_monsterinsights_skip_tracking":false,"_monsterinsights_sitenote_active":false,"_monsterinsights_sitenote_note":"","_monsterinsights_sitenote_category":0},"product_brand":[],"product_cat":[12291,12711],"product_tag":[],"class_list":{"0":"post-777123","1":"product","2":"type-product","3":"status-publish","5":"product_cat-edebiyat","6":"product_cat-roman-oyku","7":"pa_cilt-ciltsiz","8":"pa_tur-kitap","9":"pa_yayinevi-zet-yayinlari","10":"pa_yazar-yavuz-tanyeri","12":"first","13":"instock","14":"sale","15":"shipping-taxable","16":"purchasable","17":"product-type-simple"},"_links":{"self":[{"href":"https:\/\/roveyayinevi.com.tr\/index.php\/wp-json\/wp\/v2\/product\/777123","targetHints":{"allow":["GET"]}}],"collection":[{"href":"https:\/\/roveyayinevi.com.tr\/index.php\/wp-json\/wp\/v2\/product"}],"about":[{"href":"https:\/\/roveyayinevi.com.tr\/index.php\/wp-json\/wp\/v2\/types\/product"}],"wp:attachment":[{"href":"https:\/\/roveyayinevi.com.tr\/index.php\/wp-json\/wp\/v2\/media?parent=777123"}],"wp:term":[{"taxonomy":"product_brand","embeddable":true,"href":"https:\/\/roveyayinevi.com.tr\/index.php\/wp-json\/wp\/v2\/product_brand?post=777123"},{"taxonomy":"product_cat","embeddable":true,"href":"https:\/\/roveyayinevi.com.tr\/index.php\/wp-json\/wp\/v2\/product_cat?post=777123"},{"taxonomy":"product_tag","embeddable":true,"href":"https:\/\/roveyayinevi.com.tr\/index.php\/wp-json\/wp\/v2\/product_tag?post=777123"}],"curies":[{"name":"wp","href":"https:\/\/api.w.org\/{rel}","templated":true}]}}