{"id":777118,"date":"2025-10-10T11:58:14","date_gmt":"2025-10-10T08:58:14","guid":{"rendered":"https:\/\/roveyayinevi.com.tr\/index.php\/urun\/ankaranin-duygusal-tarihi\/"},"modified":"2026-04-15T03:43:09","modified_gmt":"2026-04-15T00:43:09","slug":"ankaranin-duygusal-tarihi","status":"publish","type":"product","link":"https:\/\/roveyayinevi.com.tr\/index.php\/urun\/ankaranin-duygusal-tarihi\/","title":{"rendered":"Ankara&#8217;n\u0131n Duygusal Tarihi"},"content":{"rendered":"<p>Bir kenti, onun tarihini yaln\u0131zca binalar, yollar, meydanlar, hakk\u0131nda \u00e7\u0131kan haberler \u00fczerinden mi okuruz? Yoksa duygular da bu tarihin par\u00e7as\u0131 m\u0131d\u0131r? \u00dcstelik konu, Ankara gibi her anlamda sembolikle\u015fmi\u015f, yaln\u0131zca ya\u015fayan ya da iz b\u0131rakanlar\u0131n de\u011fil, d\u0131\u015f\u0131ndaki kalabal\u0131klar\u0131n duygular\u0131n\u0131n da her bir ta\u015f\u0131na kaz\u0131nd\u0131\u011f\u0131 bir kent olunca&#8230;Lakin Ankara&#8217;n\u0131n Duygusal Tarihi bildi\u011fimiz anlamda bir tarih kitab\u0131 de\u011fil. Yazar\u0131 bir \u015fehri sakinleri ve ziyaret\u00e7ileri \u00fczerinde b\u0131rakt\u0131\u011f\u0131 hislerin \u00e7o\u011funlukla edebiyat \u00fczerinden izlenebilece\u011fi iddias\u0131n\u0131 ta\u015f\u0131yor. Sadece ba\u015fkent olman\u0131n ona y\u00fckledi\u011fi anlamlarla sembolize edilemeyecek bu \u015fehrin uyand\u0131rd\u0131\u011f\u0131 duygular\u0131, Ankara&#8217;y\u0131 mek\u00e2n edinmi\u015f romanlar\u0131, \u00f6yk\u00fcleri ve \u015fiirleri takip ederek ke\u015ffetmeyi deniyor Hakan Kaynar. Kesin olarak s\u00f6yledi\u011fi ise \u015fu olabilir: Edebiyat tarihe dahildir.\u0130\u015fte bu savdan hareketle Kaynar&#8217;\u0131n okuru davet etti\u011fi Yakup Kadri, Aka G\u00fcnd\u00fcz, Refik Halid, Nahid S\u0131rr\u0131 ve Memduh \u015eevket e\u015fli\u011findeki bu kent yolculu\u011fu; V\u00fcsat O. Bener, Cihat Burak, Adalet A\u011fao\u011flu&#8217;nun duraklar\u0131nda soluklanarak Ayhan Ge\u00e7gin ve Sezgin Kaymaz&#8217;la g\u00fcn\u00fcm\u00fcze dek var\u0131yor. Bilhassa da \u0130lhan Tarus&#8217;un tan\u0131d\u0131k ve k\u00fc\u00e7\u00fck Ankaras\u0131, Sevgi Soysal&#8217;\u0131n kalabal\u0131kla\u015fan Yeni\u015fehir&#8217;i ve Bar\u0131\u015f B\u0131\u00e7ak\u00e7\u0131&#8217;n\u0131n kay\u0131ts\u0131z, yaln\u0131zla\u015ft\u0131r\u0131c\u0131 \u00e7a\u011fda\u015f Ankaras\u0131 \u00fczerinden; kentin her ve\u00e7hesi kayg\u0131, ihtiyat ve yaln\u0131zl\u0131k \u00fc\u00e7geninde, her co\u011frafyan\u0131n muhta\u00e7 oldu\u011fu bir yeni-yeniden-okumaya tabi tutuluyor.Ankara de\u011fi\u015ftik\u00e7e duygular da de\u011fi\u015fiyor; g\u00fcvenin yerini mesafe, kar\u015f\u0131la\u015fmalar\u0131n yerini g\u00f6rmezden geli\u015fler al\u0131yor, sokaklar meydanlar insan ili\u015fkileri yeniden kuruluyor.<\/p>\n","protected":false},"excerpt":{"rendered":"<p>Bir kenti, onun tarihini yaln\u0131zca binalar, yollar, meydanlar, hakk\u0131nda \u00e7\u0131kan haberler \u00fczerinden mi okuruz? Yoksa duygular da bu tarihin par\u00e7as\u0131 m\u0131d\u0131r? \u00dcstelik konu, Ankara gibi her<span class=\"excerpt-hellip\"> [\u2026]<\/span><\/p>\n","protected":false},"featured_media":0,"template":"","meta":{"_monsterinsights_skip_tracking":false,"_monsterinsights_sitenote_active":false,"_monsterinsights_sitenote_note":"","_monsterinsights_sitenote_category":0},"product_brand":[],"product_cat":[12370,12304],"product_tag":[],"class_list":{"0":"post-777118","1":"product","2":"type-product","3":"status-publish","5":"product_cat-arastirma-inceleme","6":"product_cat-tarih","7":"pa_cilt-ciltsiz","8":"pa_tur-kitap","9":"pa_yayinevi-sel-yayincilik","10":"pa_yazar-hakan-kaynar","12":"first","13":"instock","14":"sale","15":"shipping-taxable","16":"purchasable","17":"product-type-simple"},"_links":{"self":[{"href":"https:\/\/roveyayinevi.com.tr\/index.php\/wp-json\/wp\/v2\/product\/777118","targetHints":{"allow":["GET"]}}],"collection":[{"href":"https:\/\/roveyayinevi.com.tr\/index.php\/wp-json\/wp\/v2\/product"}],"about":[{"href":"https:\/\/roveyayinevi.com.tr\/index.php\/wp-json\/wp\/v2\/types\/product"}],"wp:attachment":[{"href":"https:\/\/roveyayinevi.com.tr\/index.php\/wp-json\/wp\/v2\/media?parent=777118"}],"wp:term":[{"taxonomy":"product_brand","embeddable":true,"href":"https:\/\/roveyayinevi.com.tr\/index.php\/wp-json\/wp\/v2\/product_brand?post=777118"},{"taxonomy":"product_cat","embeddable":true,"href":"https:\/\/roveyayinevi.com.tr\/index.php\/wp-json\/wp\/v2\/product_cat?post=777118"},{"taxonomy":"product_tag","embeddable":true,"href":"https:\/\/roveyayinevi.com.tr\/index.php\/wp-json\/wp\/v2\/product_tag?post=777118"}],"curies":[{"name":"wp","href":"https:\/\/api.w.org\/{rel}","templated":true}]}}