{"id":777117,"date":"2025-10-10T11:58:02","date_gmt":"2025-10-10T08:58:02","guid":{"rendered":"https:\/\/roveyayinevi.com.tr\/index.php\/urun\/alti-harfli-bir-tatli\/"},"modified":"2026-04-15T03:43:06","modified_gmt":"2026-04-15T00:43:06","slug":"alti-harfli-bir-tatli","status":"publish","type":"product","link":"https:\/\/roveyayinevi.com.tr\/index.php\/urun\/alti-harfli-bir-tatli\/","title":{"rendered":"Alt\u0131 Harfli Bir Tatl\u0131"},"content":{"rendered":"<p>\u201cBen istiyorum ki me\u015fguliyetim olsun. Elimde bir i\u015fim olsun. Bekleyecek bir \u015feylerim olsun&#8230; Telefonun ba\u015f\u0131nda \u00e7ocuklar\u0131n aramas\u0131n\u0131 bekleyeyim, pencerenin kenar\u0131nda \u00e7ocuklar\u0131n, torunlar\u0131n bana u\u011framas\u0131n\u0131 bekleyeyim, a\u011fa\u00e7 yapraklans\u0131n diye bekleyeyim, salatal\u0131klar \u00e7i\u00e7ek a\u00e7s\u0131n diye bekleyeyim, domates k\u0131zars\u0131n diye bekleyeyim. \u00d6yle \u015feyler&#8230; Zaman kolay ge\u00e7sin istiyorum ben. Ba\u015fka derdim yok. \u00d6l\u00fcm kap\u0131m\u0131 \u00e7alana kadar bir \u015feyler oyalas\u0131n i\u015fte beni.\u201d   Selime Teyze\u2019nin hik\u00e2yesi, \u00e7ocuklar\u0131n\u0131n d\u00fcnyas\u0131nda yer bulamayan ve onlar\u0131n g\u00f6z\u00fcnde yok gibi var olmay\u0131 reddeden bir annenin hik\u00e2yesi.   Selime, bir g\u00fcn hi\u00e7 beklenmedik bir anda kaybolur. G\u00f6n\u00fcls\u00fcz ama planl\u0131 bir ka\u00e7\u0131\u015ft\u0131r bu. Bildi\u011fi b\u00fct\u00fcn hayat\u0131 geride b\u0131rak\u0131p bir k\u00f6y\u00fcn sessizli\u011fine s\u0131\u011f\u0131n\u0131r. Kimseye haber vermeden, ard\u0131nda iz b\u0131rakmadan. Bulunmay\u0131 bekler. Ama hayat, beklenmedik bir misafirle \u2013Meltem\u2019le\u2013 kar\u015f\u0131la\u015ft\u0131r\u0131r onu. Biri annesiz b\u00fcy\u00fcmenin, di\u011feri evlats\u0131z ya\u015flanman\u0131n derdini anlat\u0131r.   \u0130ki hayat, iki kaybolu\u015f, iki yara ayn\u0131 evde bulu\u015fur.   Bu roman, ya\u015fl\u0131lar\u0131n yok say\u0131ld\u0131\u011f\u0131, insan\u0131n yaln\u0131z b\u0131rak\u0131ld\u0131\u011f\u0131, herkesin ancak kendine yetebildi\u011fi, en yak\u0131nlar\u0131na bile derman olamad\u0131\u011f\u0131 bir \u00e7a\u011f\u0131n hik\u00e2yesi. <\/p>\n","protected":false},"excerpt":{"rendered":"<p>\u201cBen istiyorum ki me\u015fguliyetim olsun. Elimde bir i\u015fim olsun. Bekleyecek bir \u015feylerim olsun&#8230; Telefonun ba\u015f\u0131nda \u00e7ocuklar\u0131n aramas\u0131n\u0131 bekleyeyim, pencerenin kenar\u0131nda \u00e7ocuklar\u0131n, torunlar\u0131n bana u\u011framas\u0131n\u0131 bekleyeyim, a\u011fa\u00e7<span class=\"excerpt-hellip\"> [\u2026]<\/span><\/p>\n","protected":false},"featured_media":0,"template":"","meta":{"_monsterinsights_skip_tracking":false,"_monsterinsights_sitenote_active":false,"_monsterinsights_sitenote_note":"","_monsterinsights_sitenote_category":0},"product_brand":[],"product_cat":[141304],"product_tag":[],"class_list":{"0":"post-777117","1":"product","2":"type-product","3":"status-publish","5":"product_cat-yeni-cikanlar","6":"pa_cilt-ciltsiz","7":"pa_tur-kitap","8":"pa_yayinevi-dogan-kitap","9":"pa_yazar-sermin-yasar","11":"first","12":"instock","13":"sale","14":"shipping-taxable","15":"purchasable","16":"product-type-simple"},"_links":{"self":[{"href":"https:\/\/roveyayinevi.com.tr\/index.php\/wp-json\/wp\/v2\/product\/777117","targetHints":{"allow":["GET"]}}],"collection":[{"href":"https:\/\/roveyayinevi.com.tr\/index.php\/wp-json\/wp\/v2\/product"}],"about":[{"href":"https:\/\/roveyayinevi.com.tr\/index.php\/wp-json\/wp\/v2\/types\/product"}],"wp:attachment":[{"href":"https:\/\/roveyayinevi.com.tr\/index.php\/wp-json\/wp\/v2\/media?parent=777117"}],"wp:term":[{"taxonomy":"product_brand","embeddable":true,"href":"https:\/\/roveyayinevi.com.tr\/index.php\/wp-json\/wp\/v2\/product_brand?post=777117"},{"taxonomy":"product_cat","embeddable":true,"href":"https:\/\/roveyayinevi.com.tr\/index.php\/wp-json\/wp\/v2\/product_cat?post=777117"},{"taxonomy":"product_tag","embeddable":true,"href":"https:\/\/roveyayinevi.com.tr\/index.php\/wp-json\/wp\/v2\/product_tag?post=777117"}],"curies":[{"name":"wp","href":"https:\/\/api.w.org\/{rel}","templated":true}]}}