{"id":777114,"date":"2025-10-10T11:57:35","date_gmt":"2025-10-10T08:57:35","guid":{"rendered":"https:\/\/roveyayinevi.com.tr\/index.php\/urun\/kahramanin-dogusu-kartallar-efsanesi-1\/"},"modified":"2026-04-15T03:43:06","modified_gmt":"2026-04-15T00:43:06","slug":"kahramanin-dogusu-kartallar-efsanesi-1","status":"publish","type":"product","link":"https:\/\/roveyayinevi.com.tr\/index.php\/urun\/kahramanin-dogusu-kartallar-efsanesi-1\/","title":{"rendered":"Kahraman\u0131n Do\u011fu\u015fu: Kartallar Efsanesi 1"},"content":{"rendered":"<p>KAHRAMANLARIN DO\u011eU\u015eU, \u0130HANET\u0130N G\u00d6LGES\u0130NDEK\u0130 ONUR&#8230;   Y\u00fczy\u0131llard\u0131r dilden dile anlat\u0131lan bir efsane&#8230; G\u00f6rkemli \u00c7in \u0130mparatorlu\u011fu\u2019nun \u00e7\u00f6k\u00fc\u015f\u00fcyle sars\u0131lan bir halk&#8230; Ve karanl\u0131kta do\u011fan iki \u00e7ocu\u011fun, kaderlerini ba\u015ftan yazacaklar\u0131 destans\u0131 bir yolculuk&#8230; Jin Yong\u2019un \u00f6l\u00fcms\u00fcz kaleminden Kartallar Efsanesi, yaln\u0131zca bir kahramanl\u0131k hik\u00e2yesi de\u011fil; a\u015fk\u0131n, sadakatin, ihanetin ve \u00f6zg\u00fcrl\u00fc\u011f\u00fcn s\u0131nand\u0131\u011f\u0131 bir evrendir. Daha do\u011fmadan d\u00fc\u015fman ilan edilen iki o\u011ful, farkl\u0131 ellerde b\u00fcy\u00fcy\u00fcp birbirlerine d\u00fc\u015fman m\u0131 olacak yoksa kana bulanm\u0131\u015f bu topraklarda dostluk ve cesaretle yeni bir \u00e7a\u011f m\u0131 do\u011facak? Ola\u011fan\u00fcst\u00fc d\u00f6v\u00fc\u015f sanatlar\u0131, mistik g\u00fc\u00e7ler ve tarihin unutulmaz fig\u00fcrleriyle bezeli bu ser\u00fcven, sizi Song Hanedanl\u0131\u011f\u0131\u2019n\u0131n \u00e7\u00f6k\u00fc\u015f d\u00f6nemine g\u00f6t\u00fcrecek. G\u00fc\u00e7 ile adaletin, a\u015fk ile intikam\u0131n i\u00e7 i\u00e7e ge\u00e7ti\u011fi bu evrende, her karakterin yolu bir se\u00e7imden ge\u00e7er:   Ya \u015fanl\u0131 bir \u00f6l\u00fcm, ya da onursuz bir ya\u015fam&#8230; Fantastik kurgunun do\u011fu efsaneleriyle harmanland\u0131\u011f\u0131 bu ilk cilt, bir destan\u0131n ba\u015flang\u0131c\u0131. Haz\u0131rsan, efsane seni bekliyor. <\/p>\n","protected":false},"excerpt":{"rendered":"<p>KAHRAMANLARIN DO\u011eU\u015eU, \u0130HANET\u0130N G\u00d6LGES\u0130NDEK\u0130 ONUR&#8230; Y\u00fczy\u0131llard\u0131r dilden dile anlat\u0131lan bir efsane&#8230; G\u00f6rkemli \u00c7in \u0130mparatorlu\u011fu\u2019nun \u00e7\u00f6k\u00fc\u015f\u00fcyle sars\u0131lan bir halk&#8230; Ve karanl\u0131kta do\u011fan iki \u00e7ocu\u011fun, kaderlerini ba\u015ftan yazacaklar\u0131<span class=\"excerpt-hellip\"> [\u2026]<\/span><\/p>\n","protected":false},"featured_media":0,"template":"","meta":{"_monsterinsights_skip_tracking":false,"_monsterinsights_sitenote_active":false,"_monsterinsights_sitenote_note":"","_monsterinsights_sitenote_category":0},"product_brand":[],"product_cat":[12291,12711],"product_tag":[],"class_list":{"0":"post-777114","1":"product","2":"type-product","3":"status-publish","5":"product_cat-edebiyat","6":"product_cat-roman-oyku","7":"pa_cilt-ciltsiz","8":"pa_tur-kitap","9":"pa_yayinevi-athica-yayinlari","10":"pa_yazar-jin-yong","12":"first","13":"instock","14":"sale","15":"shipping-taxable","16":"purchasable","17":"product-type-simple"},"_links":{"self":[{"href":"https:\/\/roveyayinevi.com.tr\/index.php\/wp-json\/wp\/v2\/product\/777114","targetHints":{"allow":["GET"]}}],"collection":[{"href":"https:\/\/roveyayinevi.com.tr\/index.php\/wp-json\/wp\/v2\/product"}],"about":[{"href":"https:\/\/roveyayinevi.com.tr\/index.php\/wp-json\/wp\/v2\/types\/product"}],"wp:attachment":[{"href":"https:\/\/roveyayinevi.com.tr\/index.php\/wp-json\/wp\/v2\/media?parent=777114"}],"wp:term":[{"taxonomy":"product_brand","embeddable":true,"href":"https:\/\/roveyayinevi.com.tr\/index.php\/wp-json\/wp\/v2\/product_brand?post=777114"},{"taxonomy":"product_cat","embeddable":true,"href":"https:\/\/roveyayinevi.com.tr\/index.php\/wp-json\/wp\/v2\/product_cat?post=777114"},{"taxonomy":"product_tag","embeddable":true,"href":"https:\/\/roveyayinevi.com.tr\/index.php\/wp-json\/wp\/v2\/product_tag?post=777114"}],"curies":[{"name":"wp","href":"https:\/\/api.w.org\/{rel}","templated":true}]}}