{"id":777111,"date":"2025-10-10T11:57:10","date_gmt":"2025-10-10T08:57:10","guid":{"rendered":"https:\/\/roveyayinevi.com.tr\/index.php\/urun\/hep-sondan-baslar\/"},"modified":"2026-04-15T03:43:03","modified_gmt":"2026-04-15T00:43:03","slug":"hep-sondan-baslar","status":"publish","type":"product","link":"https:\/\/roveyayinevi.com.tr\/index.php\/urun\/hep-sondan-baslar\/","title":{"rendered":"Hep Sondan Ba\u015flar"},"content":{"rendered":"<p>1970\u2019lerden 2000\u2019lere alt\u0131 kahraman anlat\u0131r Hep Sondan Ba\u015flar\u2019\u0131. B\u00fcy\u00fckada, \u0130stanbul, Bern, Paris, Milano ve Londra\u2019da i\u00e7 i\u00e7e ge\u00e7er hik\u00e2yeler, ya\u015fam\u00f6yk\u00fcleri ve a\u015fklar. Burada hangi hik\u00e2ye esas oland\u0131r, hangi kahraman\u0131n anlatt\u0131\u011f\u0131 ger\u00e7ek, hangi an\u0131 kime aittir, bilinmez. Belki de \u201cYa\u015fam\u00f6yk\u00fcs\u00fc yazarak ge\u00e7mi\u015fte ya\u015famak, gelece\u011fi durdurup g\u00fcvende kalman\u0131n en kolay yoludur?..\u201d   Ta\u00e7l\u0131 Yaz\u0131c\u0131o\u011flu her bir karakterinin dilini-derinli\u011fini, ya\u015fam\u0131n\u0131-kav\u015faklar\u0131n\u0131, s\u00f6ylediklerini-s\u00f6yleyemediklerini \u00f6yle incelikli anlat\u0131r ki, roman a\u015fkla ba\u015flar, \u00fclkenin modernle\u015fme y\u0131llar\u0131n\u0131 fona al\u0131rken varolu\u015fsal sorular\u0131 savurur ve biz okurlar\u0131 inan\u0131lmaz bir sona kavu\u015fturur.   \u201cKahramanlar\u0131n\u0131n b\u00fct\u00fcn \u00e7arp\u0131kl\u0131k ve ters d\u00fc\u015fmelerinin derininde yine bir ki\u015fi ve birey olduklar\u0131n\u0131 ancak \u00f6zg\u00fcn bir romanc\u0131 g\u00f6sterebilir. Ta\u00e7l\u0131 Yaz\u0131c\u0131o\u011flu da bunu yap\u0131yor.\u201d \u2013 \u00d6nay S\u00f6zer   \u201cHayatlar\u0131m\u0131za s\u0131zan hayatlar, \u2018o k\u00f6\u015feyi d\u00f6nmeseydik\u2019 olacaklar, travmalar\u0131m\u0131z\u0131n derin izler d\u00fc\u015f\u00fcrd\u00fc\u011f\u00fc ki\u015filiklerimiz, yakam\u0131z\u0131 b\u0131rakmayan \u2018ge\u00e7mi\u015f\u2019, kendimizi koruma ve koruyamama bi\u00e7imlerimiz\u2026 Bence muazzam bir derinlikle i\u015flenmi\u015f bunlar.\u201d \u2013 Sevilay \u00c7elenk   \u201cTa\u00e7l\u0131 Yaz\u0131c\u0131o\u011flu\u2019nun karakterleri de o kadar ikna edicidir, bildik bir hik\u00e2yeyi o kadar g\u00fczel anlat\u0131rlar ki, insan her ne kadar bamba\u015fka bir hayat ya\u015fam\u0131\u015f olsa da kendini o olaylar\u0131n bir par\u00e7as\u0131 hisseder\u2026 Ve evet, yazar\u0131n keskin bir \u00fcslubu var! Onu hemen ay\u0131ran bir \u00fcslubu.\u201d \u2013 \u00c7i\u011fdem Erkal <\/p>\n","protected":false},"excerpt":{"rendered":"<p>1970\u2019lerden 2000\u2019lere alt\u0131 kahraman anlat\u0131r Hep Sondan Ba\u015flar\u2019\u0131. B\u00fcy\u00fckada, \u0130stanbul, Bern, Paris, Milano ve Londra\u2019da i\u00e7 i\u00e7e ge\u00e7er hik\u00e2yeler, ya\u015fam\u00f6yk\u00fcleri ve a\u015fklar. Burada hangi hik\u00e2ye esas<span class=\"excerpt-hellip\"> [\u2026]<\/span><\/p>\n","protected":false},"featured_media":0,"template":"","meta":{"_monsterinsights_skip_tracking":false,"_monsterinsights_sitenote_active":false,"_monsterinsights_sitenote_note":"","_monsterinsights_sitenote_category":0},"product_brand":[],"product_cat":[12291,12711],"product_tag":[],"class_list":{"0":"post-777111","1":"product","2":"type-product","3":"status-publish","5":"product_cat-edebiyat","6":"product_cat-roman-oyku","7":"pa_cilt-ciltsiz","8":"pa_tur-kitap","9":"pa_yayinevi-dogan-kitap","10":"pa_yazar-tacli-yazicioglu","12":"first","13":"instock","14":"sale","15":"shipping-taxable","16":"purchasable","17":"product-type-simple"},"_links":{"self":[{"href":"https:\/\/roveyayinevi.com.tr\/index.php\/wp-json\/wp\/v2\/product\/777111","targetHints":{"allow":["GET"]}}],"collection":[{"href":"https:\/\/roveyayinevi.com.tr\/index.php\/wp-json\/wp\/v2\/product"}],"about":[{"href":"https:\/\/roveyayinevi.com.tr\/index.php\/wp-json\/wp\/v2\/types\/product"}],"wp:attachment":[{"href":"https:\/\/roveyayinevi.com.tr\/index.php\/wp-json\/wp\/v2\/media?parent=777111"}],"wp:term":[{"taxonomy":"product_brand","embeddable":true,"href":"https:\/\/roveyayinevi.com.tr\/index.php\/wp-json\/wp\/v2\/product_brand?post=777111"},{"taxonomy":"product_cat","embeddable":true,"href":"https:\/\/roveyayinevi.com.tr\/index.php\/wp-json\/wp\/v2\/product_cat?post=777111"},{"taxonomy":"product_tag","embeddable":true,"href":"https:\/\/roveyayinevi.com.tr\/index.php\/wp-json\/wp\/v2\/product_tag?post=777111"}],"curies":[{"name":"wp","href":"https:\/\/api.w.org\/{rel}","templated":true}]}}