{"id":777110,"date":"2025-10-10T11:57:05","date_gmt":"2025-10-10T08:57:05","guid":{"rendered":"https:\/\/roveyayinevi.com.tr\/index.php\/urun\/hatiralar-halife-abdulmecid-efendi\/"},"modified":"2026-04-15T03:43:02","modified_gmt":"2026-04-15T00:43:02","slug":"hatiralar-halife-abdulmecid-efendi","status":"publish","type":"product","link":"https:\/\/roveyayinevi.com.tr\/index.php\/urun\/hatiralar-halife-abdulmecid-efendi\/","title":{"rendered":"Hat\u0131ralar-Halife Abd\u00fclmecid Efendi"},"content":{"rendered":"<p>Sultan Abd\u00fcl\u00e2ziz\u2019in on \u00fc\u00e7 \u00e7ocu\u011funun yedincisi olan Abd\u00fclmecid Efendi 1 Haziran 1868\u2019de Dolmabah\u00e7e Saray\u0131\u2019nda do\u011fdu, B\u00fcy\u00fck Millet Meclisi taraf\u0131ndan 19 Kas\u0131m 1922\u2019de hil\u00e2fete getirildi, hil\u00e2fetin 3 Mart 1924\u2019te kald\u0131r\u0131lmas\u0131 \u00fczerine ailesiyle beraber T\u00fcrkiye s\u0131n\u0131rlar\u0131 d\u0131\u015f\u0131na \u00e7\u0131kart\u0131ld\u0131, yirmi y\u0131l boyunca s\u00fcrg\u00fcnde ya\u015fad\u0131 ve 23 A\u011fustos 1944\u2019te Paris\u2019te vefat etti.   Son Halife h\u00e2t\u0131ralar\u0131n\u0131 yazmaya Fransa\u2019da, 1927 Ocak\u2019\u0131nda ba\u015flad\u0131 ve h\u00e2t\u0131ralar\u0131 vefat\u0131n\u0131n ard\u0131ndan k\u0131z\u0131 D\u00fcrr\u00fc\u015fehvar Sultan\u2019a intikal etti. D\u00fcrr\u00fc\u015fehvar Sultan\u2019\u0131n k\u00fc\u00e7\u00fck o\u011flu ve Abd\u00fclmecid Efendi\u2019nin de torunu olan Prens Keramet Jah, 1980\u2019lerde h\u00e2t\u0131ralar\u0131n ilk y\u00fcz sahifesinin fotokopisini \u0130stanbul\u2019a getirip L\u00e2tin harflerine nakletmesi i\u00e7in S\u00fcleymaniye K\u00fct\u00fcphanesi\u2019nin o zamanki m\u00fcd\u00fcr\u00fc Muammer \u00dclker\u2019e verdi. Ancak, \u00dclker\u2019in vefat\u0131 \u00fczerine metnin yeni harflere nakli tamamlanamad\u0131 ve fotokopiler, S\u00fcleymaniye K\u00fct\u00fcphanesi\u2019nde unutuldu.   Abd\u00fclmecid Efendi, yeni harflere tekrar \u00e7evirdi\u011fim h\u00e2t\u0131ralar\u0131n\u0131n bu b\u00f6l\u00fcm\u00fcnde babas\u0131 Sultan Abd\u00fcl\u00e2ziz\u2019i darbecilerin katletti\u011fini s\u00f6yl\u00fcyor, \u0130kinci Abd\u00fclhamid\u2019den pek tel\u00e2ffuz edilmemi\u015f \u015fekilde bahsediyor ve ba\u015fka kaynaklarda ge\u00e7meyen \u00f6nemli bilgiler veriyor. <\/p>\n","protected":false},"excerpt":{"rendered":"<p>Sultan Abd\u00fcl\u00e2ziz\u2019in on \u00fc\u00e7 \u00e7ocu\u011funun yedincisi olan Abd\u00fclmecid Efendi 1 Haziran 1868\u2019de Dolmabah\u00e7e Saray\u0131\u2019nda do\u011fdu, B\u00fcy\u00fck Millet Meclisi taraf\u0131ndan 19 Kas\u0131m 1922\u2019de hil\u00e2fete getirildi, hil\u00e2fetin 3<span class=\"excerpt-hellip\"> [\u2026]<\/span><\/p>\n","protected":false},"featured_media":0,"template":"","meta":{"_monsterinsights_skip_tracking":false,"_monsterinsights_sitenote_active":false,"_monsterinsights_sitenote_note":"","_monsterinsights_sitenote_category":0},"product_brand":[],"product_cat":[12304],"product_tag":[],"class_list":{"0":"post-777110","1":"product","2":"type-product","3":"status-publish","5":"product_cat-tarih","6":"pa_cilt-ciltsiz","7":"pa_tur-kitap","8":"pa_yayinevi-turkuvaz-kitap","9":"pa_yazar-murat-bardakci","11":"first","12":"instock","13":"sale","14":"shipping-taxable","15":"purchasable","16":"product-type-simple"},"_links":{"self":[{"href":"https:\/\/roveyayinevi.com.tr\/index.php\/wp-json\/wp\/v2\/product\/777110","targetHints":{"allow":["GET"]}}],"collection":[{"href":"https:\/\/roveyayinevi.com.tr\/index.php\/wp-json\/wp\/v2\/product"}],"about":[{"href":"https:\/\/roveyayinevi.com.tr\/index.php\/wp-json\/wp\/v2\/types\/product"}],"wp:attachment":[{"href":"https:\/\/roveyayinevi.com.tr\/index.php\/wp-json\/wp\/v2\/media?parent=777110"}],"wp:term":[{"taxonomy":"product_brand","embeddable":true,"href":"https:\/\/roveyayinevi.com.tr\/index.php\/wp-json\/wp\/v2\/product_brand?post=777110"},{"taxonomy":"product_cat","embeddable":true,"href":"https:\/\/roveyayinevi.com.tr\/index.php\/wp-json\/wp\/v2\/product_cat?post=777110"},{"taxonomy":"product_tag","embeddable":true,"href":"https:\/\/roveyayinevi.com.tr\/index.php\/wp-json\/wp\/v2\/product_tag?post=777110"}],"curies":[{"name":"wp","href":"https:\/\/api.w.org\/{rel}","templated":true}]}}